{"id":1014,"date":"2024-01-31T18:49:19","date_gmt":"2024-01-31T17:49:19","guid":{"rendered":"http:\/\/claudius-antonius.de\/?page_id=1014"},"modified":"2024-01-31T18:49:22","modified_gmt":"2024-01-31T17:49:22","slug":"rueckblick-2023","status":"publish","type":"page","link":"http:\/\/claudius-antonius.de\/?page_id=1014","title":{"rendered":"R\u00fcckblick 2023"},"content":{"rendered":"\n<p>Limes-Marsch &#8211; Verpflegungspause in Hillscheid am WP 1\/68:<\/p>\n\n\n\n<div class=\"wp-block-cover\"><span aria-hidden=\"true\" class=\"wp-block-cover__background has-background-dim\"><\/span><img loading=\"lazy\" decoding=\"async\" width=\"1024\" height=\"634\" class=\"wp-block-cover__image-background wp-image-1015\" alt=\"\" src=\"http:\/\/claudius-antonius.de\/wp-content\/uploads\/2024\/01\/IMG-20230901-WA0013-1024x634.jpg\" data-object-fit=\"cover\" srcset=\"http:\/\/claudius-antonius.de\/wp-content\/uploads\/2024\/01\/IMG-20230901-WA0013-1024x634.jpg 1024w, http:\/\/claudius-antonius.de\/wp-content\/uploads\/2024\/01\/IMG-20230901-WA0013-300x186.jpg 300w, http:\/\/claudius-antonius.de\/wp-content\/uploads\/2024\/01\/IMG-20230901-WA0013-768x475.jpg 768w, http:\/\/claudius-antonius.de\/wp-content\/uploads\/2024\/01\/IMG-20230901-WA0013-1536x950.jpg 1536w, http:\/\/claudius-antonius.de\/wp-content\/uploads\/2024\/01\/IMG-20230901-WA0013-825x510.jpg 825w, http:\/\/claudius-antonius.de\/wp-content\/uploads\/2024\/01\/IMG-20230901-WA0013.jpg 1600w\" sizes=\"auto, (max-width: 1024px) 100vw, 1024px\" \/><div class=\"wp-block-cover__inner-container is-layout-flow wp-block-cover-is-layout-flow\">\n<p class=\"has-text-align-center has-large-font-size\"><\/p>\n\n\n\n<p><\/p>\n<\/div><\/div>\n\n\n\n<p>Weitere Bilder folgen in K\u00fcrze !<\/p>\n","protected":false},"excerpt":{"rendered":"<p>Limes-Marsch &#8211; Verpflegungspause in Hillscheid am WP 1\/68: Weitere Bilder folgen in K\u00fcrze !<\/p>\n","protected":false},"author":2,"featured_media":0,"parent":0,"menu_order":0,"comment_status":"closed","ping_status":"closed","template":"","meta":{"footnotes":""},"class_list":["post-1014","page","type-page","status-publish","hentry"],"yoast_head":"<!-- This site is optimized with the Yoast SEO plugin v27.4 - https:\/\/yoast.com\/product\/yoast-seo-wordpress\/ -->\n<title>R\u00fcckblick 2023 - Claudius Antonius<\/title>\n<meta name=\"robots\" content=\"index, follow, max-snippet:-1, max-image-preview:large, max-video-preview:-1\" \/>\n<link rel=\"canonical\" href=\"http:\/\/claudius-antonius.de\/?page_id=1014\" \/>\n<meta property=\"og:locale\" content=\"de_DE\" \/>\n<meta property=\"og:type\" content=\"article\" \/>\n<meta property=\"og:title\" content=\"R\u00fcckblick 2023 - Claudius Antonius\" \/>\n<meta property=\"og:description\" content=\"Limes-Marsch &#8211; Verpflegungspause in Hillscheid am WP 1\/68: Weitere Bilder folgen in K\u00fcrze !\" \/>\n<meta property=\"og:url\" content=\"http:\/\/claudius-antonius.de\/?page_id=1014\" \/>\n<meta property=\"og:site_name\" content=\"Claudius Antonius\" \/>\n<meta property=\"article:modified_time\" content=\"2024-01-31T17:49:22+00:00\" \/>\n<meta property=\"og:image\" content=\"http:\/\/claudius-antonius.de\/wp-content\/uploads\/2024\/01\/IMG-20230901-WA0013-1024x634.jpg\" \/>\n<meta name=\"twitter:card\" content=\"summary_large_image\" \/>\n<meta name=\"twitter:label1\" content=\"Gesch\u00e4tzte Lesezeit\" \/>\n\t<meta name=\"twitter:data1\" content=\"1\u00a0Minute\" \/>\n<script type=\"application\/ld+json\" class=\"yoast-schema-graph\">{\"@context\":\"https:\\\/\\\/schema.org\",\"@graph\":[{\"@type\":\"WebPage\",\"@id\":\"http:\\\/\\\/claudius-antonius.de\\\/?page_id=1014\",\"url\":\"http:\\\/\\\/claudius-antonius.de\\\/?page_id=1014\",\"name\":\"R\u00fcckblick 2023 - Claudius Antonius\",\"isPartOf\":{\"@id\":\"http:\\\/\\\/claudius-antonius.de\\\/#website\"},\"primaryImageOfPage\":{\"@id\":\"http:\\\/\\\/claudius-antonius.de\\\/?page_id=1014#primaryimage\"},\"image\":{\"@id\":\"http:\\\/\\\/claudius-antonius.de\\\/?page_id=1014#primaryimage\"},\"thumbnailUrl\":\"http:\\\/\\\/claudius-antonius.de\\\/wp-content\\\/uploads\\\/2024\\\/01\\\/IMG-20230901-WA0013-1024x634.jpg\",\"datePublished\":\"2024-01-31T17:49:19+00:00\",\"dateModified\":\"2024-01-31T17:49:22+00:00\",\"breadcrumb\":{\"@id\":\"http:\\\/\\\/claudius-antonius.de\\\/?page_id=1014#breadcrumb\"},\"inLanguage\":\"de\",\"potentialAction\":[{\"@type\":\"ReadAction\",\"target\":[\"http:\\\/\\\/claudius-antonius.de\\\/?page_id=1014\"]}]},{\"@type\":\"ImageObject\",\"inLanguage\":\"de\",\"@id\":\"http:\\\/\\\/claudius-antonius.de\\\/?page_id=1014#primaryimage\",\"url\":\"http:\\\/\\\/claudius-antonius.de\\\/wp-content\\\/uploads\\\/2024\\\/01\\\/IMG-20230901-WA0013.jpg\",\"contentUrl\":\"http:\\\/\\\/claudius-antonius.de\\\/wp-content\\\/uploads\\\/2024\\\/01\\\/IMG-20230901-WA0013.jpg\",\"width\":1600,\"height\":990},{\"@type\":\"BreadcrumbList\",\"@id\":\"http:\\\/\\\/claudius-antonius.de\\\/?page_id=1014#breadcrumb\",\"itemListElement\":[{\"@type\":\"ListItem\",\"position\":1,\"name\":\"Startseite\",\"item\":\"http:\\\/\\\/claudius-antonius.de\\\/\"},{\"@type\":\"ListItem\",\"position\":2,\"name\":\"R\u00fcckblick 2023\"}]},{\"@type\":\"WebSite\",\"@id\":\"http:\\\/\\\/claudius-antonius.de\\\/#website\",\"url\":\"http:\\\/\\\/claudius-antonius.de\\\/\",\"name\":\"Claudius Antonius\",\"description\":\"Infos, Veranstaltungen und Aktivit\u00e4ten \u00fcber die r\u00f6mische Kultur und den Limes\",\"potentialAction\":[{\"@type\":\"SearchAction\",\"target\":{\"@type\":\"EntryPoint\",\"urlTemplate\":\"http:\\\/\\\/claudius-antonius.de\\\/?s={search_term_string}\"},\"query-input\":{\"@type\":\"PropertyValueSpecification\",\"valueRequired\":true,\"valueName\":\"search_term_string\"}}],\"inLanguage\":\"de\"}]}<\/script>\n<!-- \/ Yoast SEO plugin. -->","yoast_head_json":{"title":"R\u00fcckblick 2023 - Claudius Antonius","robots":{"index":"index","follow":"follow","max-snippet":"max-snippet:-1","max-image-preview":"max-image-preview:large","max-video-preview":"max-video-preview:-1"},"canonical":"http:\/\/claudius-antonius.de\/?page_id=1014","og_locale":"de_DE","og_type":"article","og_title":"R\u00fcckblick 2023 - Claudius Antonius","og_description":"Limes-Marsch &#8211; Verpflegungspause in Hillscheid am WP 1\/68: Weitere Bilder folgen in K\u00fcrze !","og_url":"http:\/\/claudius-antonius.de\/?page_id=1014","og_site_name":"Claudius Antonius","article_modified_time":"2024-01-31T17:49:22+00:00","og_image":[{"url":"http:\/\/claudius-antonius.de\/wp-content\/uploads\/2024\/01\/IMG-20230901-WA0013-1024x634.jpg","type":"","width":"","height":""}],"twitter_card":"summary_large_image","twitter_misc":{"Gesch\u00e4tzte Lesezeit":"1\u00a0Minute"},"schema":{"@context":"https:\/\/schema.org","@graph":[{"@type":"WebPage","@id":"http:\/\/claudius-antonius.de\/?page_id=1014","url":"http:\/\/claudius-antonius.de\/?page_id=1014","name":"R\u00fcckblick 2023 - Claudius Antonius","isPartOf":{"@id":"http:\/\/claudius-antonius.de\/#website"},"primaryImageOfPage":{"@id":"http:\/\/claudius-antonius.de\/?page_id=1014#primaryimage"},"image":{"@id":"http:\/\/claudius-antonius.de\/?page_id=1014#primaryimage"},"thumbnailUrl":"http:\/\/claudius-antonius.de\/wp-content\/uploads\/2024\/01\/IMG-20230901-WA0013-1024x634.jpg","datePublished":"2024-01-31T17:49:19+00:00","dateModified":"2024-01-31T17:49:22+00:00","breadcrumb":{"@id":"http:\/\/claudius-antonius.de\/?page_id=1014#breadcrumb"},"inLanguage":"de","potentialAction":[{"@type":"ReadAction","target":["http:\/\/claudius-antonius.de\/?page_id=1014"]}]},{"@type":"ImageObject","inLanguage":"de","@id":"http:\/\/claudius-antonius.de\/?page_id=1014#primaryimage","url":"http:\/\/claudius-antonius.de\/wp-content\/uploads\/2024\/01\/IMG-20230901-WA0013.jpg","contentUrl":"http:\/\/claudius-antonius.de\/wp-content\/uploads\/2024\/01\/IMG-20230901-WA0013.jpg","width":1600,"height":990},{"@type":"BreadcrumbList","@id":"http:\/\/claudius-antonius.de\/?page_id=1014#breadcrumb","itemListElement":[{"@type":"ListItem","position":1,"name":"Startseite","item":"http:\/\/claudius-antonius.de\/"},{"@type":"ListItem","position":2,"name":"R\u00fcckblick 2023"}]},{"@type":"WebSite","@id":"http:\/\/claudius-antonius.de\/#website","url":"http:\/\/claudius-antonius.de\/","name":"Claudius Antonius","description":"Infos, Veranstaltungen und Aktivit\u00e4ten \u00fcber die r\u00f6mische Kultur und den Limes","potentialAction":[{"@type":"SearchAction","target":{"@type":"EntryPoint","urlTemplate":"http:\/\/claudius-antonius.de\/?s={search_term_string}"},"query-input":{"@type":"PropertyValueSpecification","valueRequired":true,"valueName":"search_term_string"}}],"inLanguage":"de"}]}},"_links":{"self":[{"href":"http:\/\/claudius-antonius.de\/index.php?rest_route=\/wp\/v2\/pages\/1014","targetHints":{"allow":["GET"]}}],"collection":[{"href":"http:\/\/claudius-antonius.de\/index.php?rest_route=\/wp\/v2\/pages"}],"about":[{"href":"http:\/\/claudius-antonius.de\/index.php?rest_route=\/wp\/v2\/types\/page"}],"author":[{"embeddable":true,"href":"http:\/\/claudius-antonius.de\/index.php?rest_route=\/wp\/v2\/users\/2"}],"replies":[{"embeddable":true,"href":"http:\/\/claudius-antonius.de\/index.php?rest_route=%2Fwp%2Fv2%2Fcomments&post=1014"}],"version-history":[{"count":2,"href":"http:\/\/claudius-antonius.de\/index.php?rest_route=\/wp\/v2\/pages\/1014\/revisions"}],"predecessor-version":[{"id":1049,"href":"http:\/\/claudius-antonius.de\/index.php?rest_route=\/wp\/v2\/pages\/1014\/revisions\/1049"}],"wp:attachment":[{"href":"http:\/\/claudius-antonius.de\/index.php?rest_route=%2Fwp%2Fv2%2Fmedia&parent=1014"}],"curies":[{"name":"wp","href":"https:\/\/api.w.org\/{rel}","templated":true}]}}