{"id":103,"date":"2018-02-10T23:35:24","date_gmt":"2018-02-10T22:35:24","guid":{"rendered":"http:\/\/claudius-antonius.de\/?page_id=103"},"modified":"2018-02-15T14:17:09","modified_gmt":"2018-02-15T13:17:09","slug":"fuehrung-im-april","status":"publish","type":"page","link":"http:\/\/claudius-antonius.de\/?page_id=103","title":{"rendered":"F\u00fchrung im April"},"content":{"rendered":"<p><img loading=\"lazy\" decoding=\"async\" width=\"1152\" height=\"768\" class=\"size-medium wp-image-226 alignleft\" src=\"http:\/\/claudius-antonius.de\/wp-content\/uploads\/2018\/02\/DSC_0303.jpg\" alt=\"\" srcset=\"http:\/\/claudius-antonius.de\/wp-content\/uploads\/2018\/02\/DSC_0303.jpg 1152w, http:\/\/claudius-antonius.de\/wp-content\/uploads\/2018\/02\/DSC_0303-300x200.jpg 300w, http:\/\/claudius-antonius.de\/wp-content\/uploads\/2018\/02\/DSC_0303-768x512.jpg 768w, http:\/\/claudius-antonius.de\/wp-content\/uploads\/2018\/02\/DSC_0303-1024x683.jpg 1024w\" sizes=\"auto, (max-width: 1152px) 100vw, 1152px\" \/> <img loading=\"lazy\" decoding=\"async\" width=\"768\" height=\"1152\" class=\"size-medium wp-image-225 alignleft\" src=\"http:\/\/claudius-antonius.de\/wp-content\/uploads\/2018\/02\/DSC_0302.jpg\" alt=\"\" srcset=\"http:\/\/claudius-antonius.de\/wp-content\/uploads\/2018\/02\/DSC_0302.jpg 768w, http:\/\/claudius-antonius.de\/wp-content\/uploads\/2018\/02\/DSC_0302-200x300.jpg 200w, http:\/\/claudius-antonius.de\/wp-content\/uploads\/2018\/02\/DSC_0302-683x1024.jpg 683w\" sizes=\"auto, (max-width: 768px) 100vw, 768px\" \/> <img loading=\"lazy\" decoding=\"async\" width=\"768\" height=\"1152\" class=\"size-medium wp-image-224 alignleft\" src=\"http:\/\/claudius-antonius.de\/wp-content\/uploads\/2018\/02\/DSC_0297.jpg\" alt=\"\" srcset=\"http:\/\/claudius-antonius.de\/wp-content\/uploads\/2018\/02\/DSC_0297.jpg 768w, http:\/\/claudius-antonius.de\/wp-content\/uploads\/2018\/02\/DSC_0297-200x300.jpg 200w, http:\/\/claudius-antonius.de\/wp-content\/uploads\/2018\/02\/DSC_0297-683x1024.jpg 683w\" sizes=\"auto, (max-width: 768px) 100vw, 768px\" \/> <img loading=\"lazy\" decoding=\"async\" width=\"1152\" height=\"768\" class=\"size-medium wp-image-223 alignleft\" src=\"http:\/\/claudius-antonius.de\/wp-content\/uploads\/2018\/02\/DSC_0294.jpg\" alt=\"\" srcset=\"http:\/\/claudius-antonius.de\/wp-content\/uploads\/2018\/02\/DSC_0294.jpg 1152w, http:\/\/claudius-antonius.de\/wp-content\/uploads\/2018\/02\/DSC_0294-300x200.jpg 300w, http:\/\/claudius-antonius.de\/wp-content\/uploads\/2018\/02\/DSC_0294-768x512.jpg 768w, http:\/\/claudius-antonius.de\/wp-content\/uploads\/2018\/02\/DSC_0294-1024x683.jpg 1024w\" sizes=\"auto, (max-width: 1152px) 100vw, 1152px\" \/><\/p>\n","protected":false},"excerpt":{"rendered":"","protected":false},"author":1,"featured_media":0,"parent":99,"menu_order":0,"comment_status":"closed","ping_status":"closed","template":"","meta":{"footnotes":""},"class_list":["post-103","page","type-page","status-publish","hentry"],"yoast_head":"<!-- This site is optimized with the Yoast SEO plugin v27.4 - https:\/\/yoast.com\/product\/yoast-seo-wordpress\/ -->\n<title>F\u00fchrung im April - Claudius Antonius<\/title>\n<meta name=\"robots\" content=\"index, follow, max-snippet:-1, max-image-preview:large, max-video-preview:-1\" \/>\n<link rel=\"canonical\" href=\"http:\/\/claudius-antonius.de\/?page_id=103\" \/>\n<meta property=\"og:locale\" content=\"de_DE\" \/>\n<meta property=\"og:type\" content=\"article\" \/>\n<meta property=\"og:title\" content=\"F\u00fchrung im April - Claudius Antonius\" \/>\n<meta property=\"og:url\" content=\"http:\/\/claudius-antonius.de\/?page_id=103\" \/>\n<meta property=\"og:site_name\" content=\"Claudius Antonius\" \/>\n<meta property=\"article:modified_time\" content=\"2018-02-15T13:17:09+00:00\" \/>\n<meta property=\"og:image\" content=\"http:\/\/claudius-antonius.de\/wp-content\/uploads\/2018\/02\/DSC_0303.jpg\" \/>\n<meta name=\"twitter:card\" content=\"summary_large_image\" \/>\n<script type=\"application\/ld+json\" class=\"yoast-schema-graph\">{\"@context\":\"https:\\\/\\\/schema.org\",\"@graph\":[{\"@type\":\"WebPage\",\"@id\":\"http:\\\/\\\/claudius-antonius.de\\\/?page_id=103\",\"url\":\"http:\\\/\\\/claudius-antonius.de\\\/?page_id=103\",\"name\":\"F\u00fchrung im April - Claudius Antonius\",\"isPartOf\":{\"@id\":\"http:\\\/\\\/claudius-antonius.de\\\/#website\"},\"primaryImageOfPage\":{\"@id\":\"http:\\\/\\\/claudius-antonius.de\\\/?page_id=103#primaryimage\"},\"image\":{\"@id\":\"http:\\\/\\\/claudius-antonius.de\\\/?page_id=103#primaryimage\"},\"thumbnailUrl\":\"http:\\\/\\\/claudius-antonius.de\\\/wp-content\\\/uploads\\\/2018\\\/02\\\/DSC_0303.jpg\",\"datePublished\":\"2018-02-10T22:35:24+00:00\",\"dateModified\":\"2018-02-15T13:17:09+00:00\",\"breadcrumb\":{\"@id\":\"http:\\\/\\\/claudius-antonius.de\\\/?page_id=103#breadcrumb\"},\"inLanguage\":\"de\",\"potentialAction\":[{\"@type\":\"ReadAction\",\"target\":[\"http:\\\/\\\/claudius-antonius.de\\\/?page_id=103\"]}]},{\"@type\":\"ImageObject\",\"inLanguage\":\"de\",\"@id\":\"http:\\\/\\\/claudius-antonius.de\\\/?page_id=103#primaryimage\",\"url\":\"http:\\\/\\\/claudius-antonius.de\\\/wp-content\\\/uploads\\\/2018\\\/02\\\/DSC_0303.jpg\",\"contentUrl\":\"http:\\\/\\\/claudius-antonius.de\\\/wp-content\\\/uploads\\\/2018\\\/02\\\/DSC_0303.jpg\",\"width\":1152,\"height\":768},{\"@type\":\"BreadcrumbList\",\"@id\":\"http:\\\/\\\/claudius-antonius.de\\\/?page_id=103#breadcrumb\",\"itemListElement\":[{\"@type\":\"ListItem\",\"position\":1,\"name\":\"Startseite\",\"item\":\"http:\\\/\\\/claudius-antonius.de\\\/\"},{\"@type\":\"ListItem\",\"position\":2,\"name\":\"Archiv\",\"item\":\"http:\\\/\\\/claudius-antonius.de\\\/?page_id=10\"},{\"@type\":\"ListItem\",\"position\":3,\"name\":\"2013\",\"item\":\"http:\\\/\\\/claudius-antonius.de\\\/?page_id=54\"},{\"@type\":\"ListItem\",\"position\":4,\"name\":\"Am R\u00f6merturm in Hillscheid\",\"item\":\"http:\\\/\\\/claudius-antonius.de\\\/?page_id=99\"},{\"@type\":\"ListItem\",\"position\":5,\"name\":\"F\u00fchrung im April\"}]},{\"@type\":\"WebSite\",\"@id\":\"http:\\\/\\\/claudius-antonius.de\\\/#website\",\"url\":\"http:\\\/\\\/claudius-antonius.de\\\/\",\"name\":\"Claudius Antonius\",\"description\":\"Infos, Veranstaltungen und Aktivit\u00e4ten \u00fcber die r\u00f6mische Kultur und den Limes\",\"potentialAction\":[{\"@type\":\"SearchAction\",\"target\":{\"@type\":\"EntryPoint\",\"urlTemplate\":\"http:\\\/\\\/claudius-antonius.de\\\/?s={search_term_string}\"},\"query-input\":{\"@type\":\"PropertyValueSpecification\",\"valueRequired\":true,\"valueName\":\"search_term_string\"}}],\"inLanguage\":\"de\"}]}<\/script>\n<!-- \/ Yoast SEO plugin. -->","yoast_head_json":{"title":"F\u00fchrung im April - Claudius Antonius","robots":{"index":"index","follow":"follow","max-snippet":"max-snippet:-1","max-image-preview":"max-image-preview:large","max-video-preview":"max-video-preview:-1"},"canonical":"http:\/\/claudius-antonius.de\/?page_id=103","og_locale":"de_DE","og_type":"article","og_title":"F\u00fchrung im April - Claudius Antonius","og_url":"http:\/\/claudius-antonius.de\/?page_id=103","og_site_name":"Claudius Antonius","article_modified_time":"2018-02-15T13:17:09+00:00","og_image":[{"url":"http:\/\/claudius-antonius.de\/wp-content\/uploads\/2018\/02\/DSC_0303.jpg","type":"","width":"","height":""}],"twitter_card":"summary_large_image","schema":{"@context":"https:\/\/schema.org","@graph":[{"@type":"WebPage","@id":"http:\/\/claudius-antonius.de\/?page_id=103","url":"http:\/\/claudius-antonius.de\/?page_id=103","name":"F\u00fchrung im April - Claudius Antonius","isPartOf":{"@id":"http:\/\/claudius-antonius.de\/#website"},"primaryImageOfPage":{"@id":"http:\/\/claudius-antonius.de\/?page_id=103#primaryimage"},"image":{"@id":"http:\/\/claudius-antonius.de\/?page_id=103#primaryimage"},"thumbnailUrl":"http:\/\/claudius-antonius.de\/wp-content\/uploads\/2018\/02\/DSC_0303.jpg","datePublished":"2018-02-10T22:35:24+00:00","dateModified":"2018-02-15T13:17:09+00:00","breadcrumb":{"@id":"http:\/\/claudius-antonius.de\/?page_id=103#breadcrumb"},"inLanguage":"de","potentialAction":[{"@type":"ReadAction","target":["http:\/\/claudius-antonius.de\/?page_id=103"]}]},{"@type":"ImageObject","inLanguage":"de","@id":"http:\/\/claudius-antonius.de\/?page_id=103#primaryimage","url":"http:\/\/claudius-antonius.de\/wp-content\/uploads\/2018\/02\/DSC_0303.jpg","contentUrl":"http:\/\/claudius-antonius.de\/wp-content\/uploads\/2018\/02\/DSC_0303.jpg","width":1152,"height":768},{"@type":"BreadcrumbList","@id":"http:\/\/claudius-antonius.de\/?page_id=103#breadcrumb","itemListElement":[{"@type":"ListItem","position":1,"name":"Startseite","item":"http:\/\/claudius-antonius.de\/"},{"@type":"ListItem","position":2,"name":"Archiv","item":"http:\/\/claudius-antonius.de\/?page_id=10"},{"@type":"ListItem","position":3,"name":"2013","item":"http:\/\/claudius-antonius.de\/?page_id=54"},{"@type":"ListItem","position":4,"name":"Am R\u00f6merturm in Hillscheid","item":"http:\/\/claudius-antonius.de\/?page_id=99"},{"@type":"ListItem","position":5,"name":"F\u00fchrung im April"}]},{"@type":"WebSite","@id":"http:\/\/claudius-antonius.de\/#website","url":"http:\/\/claudius-antonius.de\/","name":"Claudius Antonius","description":"Infos, Veranstaltungen und Aktivit\u00e4ten \u00fcber die r\u00f6mische Kultur und den Limes","potentialAction":[{"@type":"SearchAction","target":{"@type":"EntryPoint","urlTemplate":"http:\/\/claudius-antonius.de\/?s={search_term_string}"},"query-input":{"@type":"PropertyValueSpecification","valueRequired":true,"valueName":"search_term_string"}}],"inLanguage":"de"}]}},"_links":{"self":[{"href":"http:\/\/claudius-antonius.de\/index.php?rest_route=\/wp\/v2\/pages\/103","targetHints":{"allow":["GET"]}}],"collection":[{"href":"http:\/\/claudius-antonius.de\/index.php?rest_route=\/wp\/v2\/pages"}],"about":[{"href":"http:\/\/claudius-antonius.de\/index.php?rest_route=\/wp\/v2\/types\/page"}],"author":[{"embeddable":true,"href":"http:\/\/claudius-antonius.de\/index.php?rest_route=\/wp\/v2\/users\/1"}],"replies":[{"embeddable":true,"href":"http:\/\/claudius-antonius.de\/index.php?rest_route=%2Fwp%2Fv2%2Fcomments&post=103"}],"version-history":[{"count":3,"href":"http:\/\/claudius-antonius.de\/index.php?rest_route=\/wp\/v2\/pages\/103\/revisions"}],"predecessor-version":[{"id":404,"href":"http:\/\/claudius-antonius.de\/index.php?rest_route=\/wp\/v2\/pages\/103\/revisions\/404"}],"up":[{"embeddable":true,"href":"http:\/\/claudius-antonius.de\/index.php?rest_route=\/wp\/v2\/pages\/99"}],"wp:attachment":[{"href":"http:\/\/claudius-antonius.de\/index.php?rest_route=%2Fwp%2Fv2%2Fmedia&parent=103"}],"curies":[{"name":"wp","href":"https:\/\/api.w.org\/{rel}","templated":true}]}}