{"id":112,"date":"2018-02-10T23:41:34","date_gmt":"2018-02-10T22:41:34","guid":{"rendered":"http:\/\/claudius-antonius.de\/?page_id=112"},"modified":"2018-02-15T14:50:08","modified_gmt":"2018-02-15T13:50:08","slug":"roemerfest-in-wallerstaedten","status":"publish","type":"page","link":"http:\/\/claudius-antonius.de\/?page_id=112","title":{"rendered":"R\u00f6merfest in Wallerst\u00e4dten"},"content":{"rendered":"<p style=\"text-align: center;\">Feste muss man feiern, wie sie fallen !<\/p>\n<p style=\"text-align: center;\">Der Tipp des Monats stammt aus dem &#8222;Dibbegugger&#8220;, dem monatlichen Veranstaltungsmagazin f\u00fcr Gross-Gerau und Rhein-Main<\/p>\n<p><img loading=\"lazy\" decoding=\"async\" width=\"1275\" height=\"1753\" class=\"aligncenter size-medium wp-image-250\" src=\"http:\/\/claudius-antonius.de\/wp-content\/uploads\/2018\/02\/Tipp-des-Monats.jpg\" alt=\"\" srcset=\"http:\/\/claudius-antonius.de\/wp-content\/uploads\/2018\/02\/Tipp-des-Monats.jpg 1275w, http:\/\/claudius-antonius.de\/wp-content\/uploads\/2018\/02\/Tipp-des-Monats-218x300.jpg 218w, http:\/\/claudius-antonius.de\/wp-content\/uploads\/2018\/02\/Tipp-des-Monats-768x1056.jpg 768w, http:\/\/claudius-antonius.de\/wp-content\/uploads\/2018\/02\/Tipp-des-Monats-745x1024.jpg 745w\" sizes=\"auto, (max-width: 1275px) 100vw, 1275px\" \/><\/p>\n<p><img loading=\"lazy\" decoding=\"async\" width=\"1275\" height=\"1753\" class=\"aligncenter size-medium wp-image-249\" src=\"http:\/\/claudius-antonius.de\/wp-content\/uploads\/2018\/02\/Flyer.jpg\" alt=\"\" srcset=\"http:\/\/claudius-antonius.de\/wp-content\/uploads\/2018\/02\/Flyer.jpg 1275w, http:\/\/claudius-antonius.de\/wp-content\/uploads\/2018\/02\/Flyer-218x300.jpg 218w, http:\/\/claudius-antonius.de\/wp-content\/uploads\/2018\/02\/Flyer-768x1056.jpg 768w, http:\/\/claudius-antonius.de\/wp-content\/uploads\/2018\/02\/Flyer-745x1024.jpg 745w\" sizes=\"auto, (max-width: 1275px) 100vw, 1275px\" \/><\/p>\n","protected":false},"excerpt":{"rendered":"<p>Feste muss man feiern, wie sie fallen ! Der Tipp des Monats stammt aus dem &#8222;Dibbegugger&#8220;, dem monatlichen Veranstaltungsmagazin f\u00fcr Gross-Gerau und Rhein-Main<\/p>\n","protected":false},"author":1,"featured_media":0,"parent":58,"menu_order":0,"comment_status":"closed","ping_status":"closed","template":"","meta":{"footnotes":""},"class_list":["post-112","page","type-page","status-publish","hentry"],"yoast_head":"<!-- This site is optimized with the Yoast SEO plugin v27.4 - https:\/\/yoast.com\/product\/yoast-seo-wordpress\/ -->\n<title>R\u00f6merfest in Wallerst\u00e4dten - Claudius Antonius<\/title>\n<meta name=\"robots\" content=\"index, follow, max-snippet:-1, max-image-preview:large, max-video-preview:-1\" \/>\n<link rel=\"canonical\" href=\"http:\/\/claudius-antonius.de\/?page_id=112\" \/>\n<meta property=\"og:locale\" content=\"de_DE\" \/>\n<meta property=\"og:type\" content=\"article\" \/>\n<meta property=\"og:title\" content=\"R\u00f6merfest in Wallerst\u00e4dten - Claudius Antonius\" \/>\n<meta property=\"og:description\" content=\"Feste muss man feiern, wie sie fallen ! Der Tipp des Monats stammt aus dem &#8222;Dibbegugger&#8220;, dem monatlichen Veranstaltungsmagazin f\u00fcr Gross-Gerau und Rhein-Main\" \/>\n<meta property=\"og:url\" content=\"http:\/\/claudius-antonius.de\/?page_id=112\" \/>\n<meta property=\"og:site_name\" content=\"Claudius Antonius\" \/>\n<meta property=\"article:modified_time\" content=\"2018-02-15T13:50:08+00:00\" \/>\n<meta property=\"og:image\" content=\"http:\/\/claudius-antonius.de\/wp-content\/uploads\/2018\/02\/Tipp-des-Monats.jpg\" \/>\n<meta name=\"twitter:card\" content=\"summary_large_image\" \/>\n<script type=\"application\/ld+json\" class=\"yoast-schema-graph\">{\"@context\":\"https:\\\/\\\/schema.org\",\"@graph\":[{\"@type\":\"WebPage\",\"@id\":\"http:\\\/\\\/claudius-antonius.de\\\/?page_id=112\",\"url\":\"http:\\\/\\\/claudius-antonius.de\\\/?page_id=112\",\"name\":\"R\u00f6merfest in Wallerst\u00e4dten - Claudius Antonius\",\"isPartOf\":{\"@id\":\"http:\\\/\\\/claudius-antonius.de\\\/#website\"},\"primaryImageOfPage\":{\"@id\":\"http:\\\/\\\/claudius-antonius.de\\\/?page_id=112#primaryimage\"},\"image\":{\"@id\":\"http:\\\/\\\/claudius-antonius.de\\\/?page_id=112#primaryimage\"},\"thumbnailUrl\":\"http:\\\/\\\/claudius-antonius.de\\\/wp-content\\\/uploads\\\/2018\\\/02\\\/Tipp-des-Monats.jpg\",\"datePublished\":\"2018-02-10T22:41:34+00:00\",\"dateModified\":\"2018-02-15T13:50:08+00:00\",\"breadcrumb\":{\"@id\":\"http:\\\/\\\/claudius-antonius.de\\\/?page_id=112#breadcrumb\"},\"inLanguage\":\"de\",\"potentialAction\":[{\"@type\":\"ReadAction\",\"target\":[\"http:\\\/\\\/claudius-antonius.de\\\/?page_id=112\"]}]},{\"@type\":\"ImageObject\",\"inLanguage\":\"de\",\"@id\":\"http:\\\/\\\/claudius-antonius.de\\\/?page_id=112#primaryimage\",\"url\":\"http:\\\/\\\/claudius-antonius.de\\\/wp-content\\\/uploads\\\/2018\\\/02\\\/Tipp-des-Monats.jpg\",\"contentUrl\":\"http:\\\/\\\/claudius-antonius.de\\\/wp-content\\\/uploads\\\/2018\\\/02\\\/Tipp-des-Monats.jpg\",\"width\":1275,\"height\":1753},{\"@type\":\"BreadcrumbList\",\"@id\":\"http:\\\/\\\/claudius-antonius.de\\\/?page_id=112#breadcrumb\",\"itemListElement\":[{\"@type\":\"ListItem\",\"position\":1,\"name\":\"Startseite\",\"item\":\"http:\\\/\\\/claudius-antonius.de\\\/\"},{\"@type\":\"ListItem\",\"position\":2,\"name\":\"Archiv\",\"item\":\"http:\\\/\\\/claudius-antonius.de\\\/?page_id=10\"},{\"@type\":\"ListItem\",\"position\":3,\"name\":\"2015\",\"item\":\"http:\\\/\\\/claudius-antonius.de\\\/?page_id=58\"},{\"@type\":\"ListItem\",\"position\":4,\"name\":\"R\u00f6merfest in Wallerst\u00e4dten\"}]},{\"@type\":\"WebSite\",\"@id\":\"http:\\\/\\\/claudius-antonius.de\\\/#website\",\"url\":\"http:\\\/\\\/claudius-antonius.de\\\/\",\"name\":\"Claudius Antonius\",\"description\":\"Infos, Veranstaltungen und Aktivit\u00e4ten \u00fcber die r\u00f6mische Kultur und den Limes\",\"potentialAction\":[{\"@type\":\"SearchAction\",\"target\":{\"@type\":\"EntryPoint\",\"urlTemplate\":\"http:\\\/\\\/claudius-antonius.de\\\/?s={search_term_string}\"},\"query-input\":{\"@type\":\"PropertyValueSpecification\",\"valueRequired\":true,\"valueName\":\"search_term_string\"}}],\"inLanguage\":\"de\"}]}<\/script>\n<!-- \/ Yoast SEO plugin. -->","yoast_head_json":{"title":"R\u00f6merfest in Wallerst\u00e4dten - Claudius Antonius","robots":{"index":"index","follow":"follow","max-snippet":"max-snippet:-1","max-image-preview":"max-image-preview:large","max-video-preview":"max-video-preview:-1"},"canonical":"http:\/\/claudius-antonius.de\/?page_id=112","og_locale":"de_DE","og_type":"article","og_title":"R\u00f6merfest in Wallerst\u00e4dten - Claudius Antonius","og_description":"Feste muss man feiern, wie sie fallen ! Der Tipp des Monats stammt aus dem &#8222;Dibbegugger&#8220;, dem monatlichen Veranstaltungsmagazin f\u00fcr Gross-Gerau und Rhein-Main","og_url":"http:\/\/claudius-antonius.de\/?page_id=112","og_site_name":"Claudius Antonius","article_modified_time":"2018-02-15T13:50:08+00:00","og_image":[{"url":"http:\/\/claudius-antonius.de\/wp-content\/uploads\/2018\/02\/Tipp-des-Monats.jpg","type":"","width":"","height":""}],"twitter_card":"summary_large_image","schema":{"@context":"https:\/\/schema.org","@graph":[{"@type":"WebPage","@id":"http:\/\/claudius-antonius.de\/?page_id=112","url":"http:\/\/claudius-antonius.de\/?page_id=112","name":"R\u00f6merfest in Wallerst\u00e4dten - Claudius Antonius","isPartOf":{"@id":"http:\/\/claudius-antonius.de\/#website"},"primaryImageOfPage":{"@id":"http:\/\/claudius-antonius.de\/?page_id=112#primaryimage"},"image":{"@id":"http:\/\/claudius-antonius.de\/?page_id=112#primaryimage"},"thumbnailUrl":"http:\/\/claudius-antonius.de\/wp-content\/uploads\/2018\/02\/Tipp-des-Monats.jpg","datePublished":"2018-02-10T22:41:34+00:00","dateModified":"2018-02-15T13:50:08+00:00","breadcrumb":{"@id":"http:\/\/claudius-antonius.de\/?page_id=112#breadcrumb"},"inLanguage":"de","potentialAction":[{"@type":"ReadAction","target":["http:\/\/claudius-antonius.de\/?page_id=112"]}]},{"@type":"ImageObject","inLanguage":"de","@id":"http:\/\/claudius-antonius.de\/?page_id=112#primaryimage","url":"http:\/\/claudius-antonius.de\/wp-content\/uploads\/2018\/02\/Tipp-des-Monats.jpg","contentUrl":"http:\/\/claudius-antonius.de\/wp-content\/uploads\/2018\/02\/Tipp-des-Monats.jpg","width":1275,"height":1753},{"@type":"BreadcrumbList","@id":"http:\/\/claudius-antonius.de\/?page_id=112#breadcrumb","itemListElement":[{"@type":"ListItem","position":1,"name":"Startseite","item":"http:\/\/claudius-antonius.de\/"},{"@type":"ListItem","position":2,"name":"Archiv","item":"http:\/\/claudius-antonius.de\/?page_id=10"},{"@type":"ListItem","position":3,"name":"2015","item":"http:\/\/claudius-antonius.de\/?page_id=58"},{"@type":"ListItem","position":4,"name":"R\u00f6merfest in Wallerst\u00e4dten"}]},{"@type":"WebSite","@id":"http:\/\/claudius-antonius.de\/#website","url":"http:\/\/claudius-antonius.de\/","name":"Claudius Antonius","description":"Infos, Veranstaltungen und Aktivit\u00e4ten \u00fcber die r\u00f6mische Kultur und den Limes","potentialAction":[{"@type":"SearchAction","target":{"@type":"EntryPoint","urlTemplate":"http:\/\/claudius-antonius.de\/?s={search_term_string}"},"query-input":{"@type":"PropertyValueSpecification","valueRequired":true,"valueName":"search_term_string"}}],"inLanguage":"de"}]}},"_links":{"self":[{"href":"http:\/\/claudius-antonius.de\/index.php?rest_route=\/wp\/v2\/pages\/112","targetHints":{"allow":["GET"]}}],"collection":[{"href":"http:\/\/claudius-antonius.de\/index.php?rest_route=\/wp\/v2\/pages"}],"about":[{"href":"http:\/\/claudius-antonius.de\/index.php?rest_route=\/wp\/v2\/types\/page"}],"author":[{"embeddable":true,"href":"http:\/\/claudius-antonius.de\/index.php?rest_route=\/wp\/v2\/users\/1"}],"replies":[{"embeddable":true,"href":"http:\/\/claudius-antonius.de\/index.php?rest_route=%2Fwp%2Fv2%2Fcomments&post=112"}],"version-history":[{"count":2,"href":"http:\/\/claudius-antonius.de\/index.php?rest_route=\/wp\/v2\/pages\/112\/revisions"}],"predecessor-version":[{"id":421,"href":"http:\/\/claudius-antonius.de\/index.php?rest_route=\/wp\/v2\/pages\/112\/revisions\/421"}],"up":[{"embeddable":true,"href":"http:\/\/claudius-antonius.de\/index.php?rest_route=\/wp\/v2\/pages\/58"}],"wp:attachment":[{"href":"http:\/\/claudius-antonius.de\/index.php?rest_route=%2Fwp%2Fv2%2Fmedia&parent=112"}],"curies":[{"name":"wp","href":"https:\/\/api.w.org\/{rel}","templated":true}]}}