{"id":127,"date":"2018-02-10T23:48:21","date_gmt":"2018-02-10T22:48:21","guid":{"rendered":"http:\/\/claudius-antonius.de\/?page_id=127"},"modified":"2018-02-15T15:15:11","modified_gmt":"2018-02-15T14:15:11","slug":"zum-burghotel-grenzau","status":"publish","type":"page","link":"http:\/\/claudius-antonius.de\/?page_id=127","title":{"rendered":"Zum Burghotel (Grenzau)"},"content":{"rendered":"<p style=\"text-align: center;\">G\u00e4stef\u00fchrung f\u00fcr eine Gruppe vom Burghotel in Grenzau; f\u00fcr dieses Hotel mache ich seit 2013 regelm\u00e4\u00dfig F\u00fchrungen.<br \/>\n\u00dcber Kreativreisen-Limes gibt es ein gemeinsames Angebot, d.h. meine G\u00e4stef\u00fchrung ist im Angebot des Hotels eingeschlossen und die G\u00e4ste buchen ein Paket.<\/p>\n<p><img decoding=\"async\" src=\"http:\/\/claudius-antonius.de\/wp-content\/uploads\/2018\/02\/burghotel.jpg\" alt=\"\" \/><\/p>\n<p><img decoding=\"async\" src=\"http:\/\/claudius-antonius.de\/wp-content\/uploads\/2018\/02\/P5060876.jpg\" alt=\"\" \/><\/p>\n<p><img decoding=\"async\" src=\"http:\/\/claudius-antonius.de\/wp-content\/uploads\/2018\/02\/IMG_1303.jpg\" alt=\"\" \/><\/p>\n<p><img decoding=\"async\" src=\"http:\/\/claudius-antonius.de\/wp-content\/uploads\/2018\/02\/IMG_1312.jpg\" alt=\"\" \/><\/p>\n<p><img decoding=\"async\" src=\"http:\/\/claudius-antonius.de\/wp-content\/uploads\/2018\/02\/035_Westerwald-Mai-2016_Roemerwanderung.jpg\" alt=\"\" \/><\/p>\n<p><img decoding=\"async\" src=\"http:\/\/claudius-antonius.de\/wp-content\/uploads\/2018\/02\/037_Westerwald-Mai-2016_Roemerwanderung.jpg\" alt=\"\" \/><\/p>\n<p><img decoding=\"async\" src=\"http:\/\/claudius-antonius.de\/wp-content\/uploads\/2018\/02\/043_Westerwald-Mai-2016_Roemerwanderung.jpg\" alt=\"\" \/><\/p>\n","protected":false},"excerpt":{"rendered":"<p>G\u00e4stef\u00fchrung f\u00fcr eine Gruppe vom Burghotel in Grenzau; f\u00fcr dieses Hotel mache ich seit 2013 regelm\u00e4\u00dfig F\u00fchrungen. \u00dcber Kreativreisen-Limes gibt es ein gemeinsames Angebot, d.h. meine G\u00e4stef\u00fchrung ist im Angebot des Hotels eingeschlossen und die G\u00e4ste buchen ein Paket.<\/p>\n","protected":false},"author":1,"featured_media":0,"parent":125,"menu_order":0,"comment_status":"closed","ping_status":"closed","template":"","meta":{"footnotes":""},"class_list":["post-127","page","type-page","status-publish","hentry"],"yoast_head":"<!-- This site is optimized with the Yoast SEO plugin v27.4 - https:\/\/yoast.com\/product\/yoast-seo-wordpress\/ -->\n<title>Zum Burghotel (Grenzau) - Claudius Antonius<\/title>\n<meta name=\"robots\" content=\"index, follow, max-snippet:-1, max-image-preview:large, max-video-preview:-1\" \/>\n<link rel=\"canonical\" href=\"http:\/\/claudius-antonius.de\/?page_id=127\" \/>\n<meta property=\"og:locale\" content=\"de_DE\" \/>\n<meta property=\"og:type\" content=\"article\" \/>\n<meta property=\"og:title\" content=\"Zum Burghotel (Grenzau) - Claudius Antonius\" \/>\n<meta property=\"og:description\" content=\"G\u00e4stef\u00fchrung f\u00fcr eine Gruppe vom Burghotel in Grenzau; f\u00fcr dieses Hotel mache ich seit 2013 regelm\u00e4\u00dfig F\u00fchrungen. \u00dcber Kreativreisen-Limes gibt es ein gemeinsames Angebot, d.h. meine G\u00e4stef\u00fchrung ist im Angebot des Hotels eingeschlossen und die G\u00e4ste buchen ein Paket.\" \/>\n<meta property=\"og:url\" content=\"http:\/\/claudius-antonius.de\/?page_id=127\" \/>\n<meta property=\"og:site_name\" content=\"Claudius Antonius\" \/>\n<meta property=\"article:modified_time\" content=\"2018-02-15T14:15:11+00:00\" \/>\n<meta property=\"og:image\" content=\"http:\/\/claudius-antonius.de\/wp-content\/uploads\/2018\/02\/burghotel.jpg\" \/>\n<meta name=\"twitter:card\" content=\"summary_large_image\" \/>\n<script type=\"application\/ld+json\" class=\"yoast-schema-graph\">{\"@context\":\"https:\\\/\\\/schema.org\",\"@graph\":[{\"@type\":\"WebPage\",\"@id\":\"http:\\\/\\\/claudius-antonius.de\\\/?page_id=127\",\"url\":\"http:\\\/\\\/claudius-antonius.de\\\/?page_id=127\",\"name\":\"Zum Burghotel (Grenzau) - Claudius Antonius\",\"isPartOf\":{\"@id\":\"http:\\\/\\\/claudius-antonius.de\\\/#website\"},\"primaryImageOfPage\":{\"@id\":\"http:\\\/\\\/claudius-antonius.de\\\/?page_id=127#primaryimage\"},\"image\":{\"@id\":\"http:\\\/\\\/claudius-antonius.de\\\/?page_id=127#primaryimage\"},\"thumbnailUrl\":\"http:\\\/\\\/claudius-antonius.de\\\/wp-content\\\/uploads\\\/2018\\\/02\\\/burghotel.jpg\",\"datePublished\":\"2018-02-10T22:48:21+00:00\",\"dateModified\":\"2018-02-15T14:15:11+00:00\",\"breadcrumb\":{\"@id\":\"http:\\\/\\\/claudius-antonius.de\\\/?page_id=127#breadcrumb\"},\"inLanguage\":\"de\",\"potentialAction\":[{\"@type\":\"ReadAction\",\"target\":[\"http:\\\/\\\/claudius-antonius.de\\\/?page_id=127\"]}]},{\"@type\":\"ImageObject\",\"inLanguage\":\"de\",\"@id\":\"http:\\\/\\\/claudius-antonius.de\\\/?page_id=127#primaryimage\",\"url\":\"http:\\\/\\\/claudius-antonius.de\\\/wp-content\\\/uploads\\\/2018\\\/02\\\/burghotel.jpg\",\"contentUrl\":\"http:\\\/\\\/claudius-antonius.de\\\/wp-content\\\/uploads\\\/2018\\\/02\\\/burghotel.jpg\",\"width\":1149,\"height\":869},{\"@type\":\"BreadcrumbList\",\"@id\":\"http:\\\/\\\/claudius-antonius.de\\\/?page_id=127#breadcrumb\",\"itemListElement\":[{\"@type\":\"ListItem\",\"position\":1,\"name\":\"Startseite\",\"item\":\"http:\\\/\\\/claudius-antonius.de\\\/\"},{\"@type\":\"ListItem\",\"position\":2,\"name\":\"Archiv\",\"item\":\"http:\\\/\\\/claudius-antonius.de\\\/?page_id=10\"},{\"@type\":\"ListItem\",\"position\":3,\"name\":\"2016\",\"item\":\"http:\\\/\\\/claudius-antonius.de\\\/?page_id=60\"},{\"@type\":\"ListItem\",\"position\":4,\"name\":\"R\u00f6merwanderungen\",\"item\":\"http:\\\/\\\/claudius-antonius.de\\\/?page_id=125\"},{\"@type\":\"ListItem\",\"position\":5,\"name\":\"Zum Burghotel (Grenzau)\"}]},{\"@type\":\"WebSite\",\"@id\":\"http:\\\/\\\/claudius-antonius.de\\\/#website\",\"url\":\"http:\\\/\\\/claudius-antonius.de\\\/\",\"name\":\"Claudius Antonius\",\"description\":\"Infos, Veranstaltungen und Aktivit\u00e4ten \u00fcber die r\u00f6mische Kultur und den Limes\",\"potentialAction\":[{\"@type\":\"SearchAction\",\"target\":{\"@type\":\"EntryPoint\",\"urlTemplate\":\"http:\\\/\\\/claudius-antonius.de\\\/?s={search_term_string}\"},\"query-input\":{\"@type\":\"PropertyValueSpecification\",\"valueRequired\":true,\"valueName\":\"search_term_string\"}}],\"inLanguage\":\"de\"}]}<\/script>\n<!-- \/ Yoast SEO plugin. -->","yoast_head_json":{"title":"Zum Burghotel (Grenzau) - Claudius Antonius","robots":{"index":"index","follow":"follow","max-snippet":"max-snippet:-1","max-image-preview":"max-image-preview:large","max-video-preview":"max-video-preview:-1"},"canonical":"http:\/\/claudius-antonius.de\/?page_id=127","og_locale":"de_DE","og_type":"article","og_title":"Zum Burghotel (Grenzau) - Claudius Antonius","og_description":"G\u00e4stef\u00fchrung f\u00fcr eine Gruppe vom Burghotel in Grenzau; f\u00fcr dieses Hotel mache ich seit 2013 regelm\u00e4\u00dfig F\u00fchrungen. \u00dcber Kreativreisen-Limes gibt es ein gemeinsames Angebot, d.h. meine G\u00e4stef\u00fchrung ist im Angebot des Hotels eingeschlossen und die G\u00e4ste buchen ein Paket.","og_url":"http:\/\/claudius-antonius.de\/?page_id=127","og_site_name":"Claudius Antonius","article_modified_time":"2018-02-15T14:15:11+00:00","og_image":[{"url":"http:\/\/claudius-antonius.de\/wp-content\/uploads\/2018\/02\/burghotel.jpg","type":"","width":"","height":""}],"twitter_card":"summary_large_image","schema":{"@context":"https:\/\/schema.org","@graph":[{"@type":"WebPage","@id":"http:\/\/claudius-antonius.de\/?page_id=127","url":"http:\/\/claudius-antonius.de\/?page_id=127","name":"Zum Burghotel (Grenzau) - Claudius Antonius","isPartOf":{"@id":"http:\/\/claudius-antonius.de\/#website"},"primaryImageOfPage":{"@id":"http:\/\/claudius-antonius.de\/?page_id=127#primaryimage"},"image":{"@id":"http:\/\/claudius-antonius.de\/?page_id=127#primaryimage"},"thumbnailUrl":"http:\/\/claudius-antonius.de\/wp-content\/uploads\/2018\/02\/burghotel.jpg","datePublished":"2018-02-10T22:48:21+00:00","dateModified":"2018-02-15T14:15:11+00:00","breadcrumb":{"@id":"http:\/\/claudius-antonius.de\/?page_id=127#breadcrumb"},"inLanguage":"de","potentialAction":[{"@type":"ReadAction","target":["http:\/\/claudius-antonius.de\/?page_id=127"]}]},{"@type":"ImageObject","inLanguage":"de","@id":"http:\/\/claudius-antonius.de\/?page_id=127#primaryimage","url":"http:\/\/claudius-antonius.de\/wp-content\/uploads\/2018\/02\/burghotel.jpg","contentUrl":"http:\/\/claudius-antonius.de\/wp-content\/uploads\/2018\/02\/burghotel.jpg","width":1149,"height":869},{"@type":"BreadcrumbList","@id":"http:\/\/claudius-antonius.de\/?page_id=127#breadcrumb","itemListElement":[{"@type":"ListItem","position":1,"name":"Startseite","item":"http:\/\/claudius-antonius.de\/"},{"@type":"ListItem","position":2,"name":"Archiv","item":"http:\/\/claudius-antonius.de\/?page_id=10"},{"@type":"ListItem","position":3,"name":"2016","item":"http:\/\/claudius-antonius.de\/?page_id=60"},{"@type":"ListItem","position":4,"name":"R\u00f6merwanderungen","item":"http:\/\/claudius-antonius.de\/?page_id=125"},{"@type":"ListItem","position":5,"name":"Zum Burghotel (Grenzau)"}]},{"@type":"WebSite","@id":"http:\/\/claudius-antonius.de\/#website","url":"http:\/\/claudius-antonius.de\/","name":"Claudius Antonius","description":"Infos, Veranstaltungen und Aktivit\u00e4ten \u00fcber die r\u00f6mische Kultur und den Limes","potentialAction":[{"@type":"SearchAction","target":{"@type":"EntryPoint","urlTemplate":"http:\/\/claudius-antonius.de\/?s={search_term_string}"},"query-input":{"@type":"PropertyValueSpecification","valueRequired":true,"valueName":"search_term_string"}}],"inLanguage":"de"}]}},"_links":{"self":[{"href":"http:\/\/claudius-antonius.de\/index.php?rest_route=\/wp\/v2\/pages\/127","targetHints":{"allow":["GET"]}}],"collection":[{"href":"http:\/\/claudius-antonius.de\/index.php?rest_route=\/wp\/v2\/pages"}],"about":[{"href":"http:\/\/claudius-antonius.de\/index.php?rest_route=\/wp\/v2\/types\/page"}],"author":[{"embeddable":true,"href":"http:\/\/claudius-antonius.de\/index.php?rest_route=\/wp\/v2\/users\/1"}],"replies":[{"embeddable":true,"href":"http:\/\/claudius-antonius.de\/index.php?rest_route=%2Fwp%2Fv2%2Fcomments&post=127"}],"version-history":[{"count":3,"href":"http:\/\/claudius-antonius.de\/index.php?rest_route=\/wp\/v2\/pages\/127\/revisions"}],"predecessor-version":[{"id":431,"href":"http:\/\/claudius-antonius.de\/index.php?rest_route=\/wp\/v2\/pages\/127\/revisions\/431"}],"up":[{"embeddable":true,"href":"http:\/\/claudius-antonius.de\/index.php?rest_route=\/wp\/v2\/pages\/125"}],"wp:attachment":[{"href":"http:\/\/claudius-antonius.de\/index.php?rest_route=%2Fwp%2Fv2%2Fmedia&parent=127"}],"curies":[{"name":"wp","href":"https:\/\/api.w.org\/{rel}","templated":true}]}}