{"id":151,"date":"2018-02-10T23:59:05","date_gmt":"2018-02-10T22:59:05","guid":{"rendered":"http:\/\/claudius-antonius.de\/?page_id=151"},"modified":"2018-02-15T15:55:11","modified_gmt":"2018-02-15T14:55:11","slug":"am-limes","status":"publish","type":"page","link":"http:\/\/claudius-antonius.de\/?page_id=151","title":{"rendered":"Am Limes"},"content":{"rendered":"<p style=\"text-align: center;\">Mit dem Westerwaldverein unterwegs am Limes in Holzhausen und Pohl<\/p>\n<p><img decoding=\"async\" src=\"http:\/\/claudius-antonius.de\/wp-content\/uploads\/2018\/02\/20170506_122731.jpg\" \/><\/p>\n<p><img decoding=\"async\" src=\"http:\/\/claudius-antonius.de\/wp-content\/uploads\/2018\/02\/20170506_142326.jpg\" \/><\/p>\n<p><img decoding=\"async\" src=\"http:\/\/claudius-antonius.de\/wp-content\/uploads\/2018\/02\/20170514_153306.jpg\" \/><\/p>\n<p><img decoding=\"async\" src=\"http:\/\/claudius-antonius.de\/wp-content\/uploads\/2018\/02\/IMG_0183.jpg\" alt=\"\" \/><\/p>\n<p><img decoding=\"async\" src=\"http:\/\/claudius-antonius.de\/wp-content\/uploads\/2018\/02\/IMG_0892.jpg\" alt=\"\" \/><\/p>\n<p style=\"text-align: center;\"><a href=\"http:\/\/claudius-antonius.de\/wp-content\/uploads\/2018\/02\/Wanderung-am-Limes.doc\">Wanderung am Limes<\/a><\/p>\n","protected":false},"excerpt":{"rendered":"<p>Mit dem Westerwaldverein unterwegs am Limes in Holzhausen und Pohl Wanderung am Limes<\/p>\n","protected":false},"author":1,"featured_media":0,"parent":62,"menu_order":0,"comment_status":"closed","ping_status":"closed","template":"","meta":{"footnotes":""},"class_list":["post-151","page","type-page","status-publish","hentry"],"yoast_head":"<!-- This site is optimized with the Yoast SEO plugin v27.4 - https:\/\/yoast.com\/product\/yoast-seo-wordpress\/ -->\n<title>Am Limes - Claudius Antonius<\/title>\n<meta name=\"robots\" content=\"index, follow, max-snippet:-1, max-image-preview:large, max-video-preview:-1\" \/>\n<link rel=\"canonical\" href=\"http:\/\/claudius-antonius.de\/?page_id=151\" \/>\n<meta property=\"og:locale\" content=\"de_DE\" \/>\n<meta property=\"og:type\" content=\"article\" \/>\n<meta property=\"og:title\" content=\"Am Limes - Claudius Antonius\" \/>\n<meta property=\"og:description\" content=\"Mit dem Westerwaldverein unterwegs am Limes in Holzhausen und Pohl Wanderung am Limes\" \/>\n<meta property=\"og:url\" content=\"http:\/\/claudius-antonius.de\/?page_id=151\" \/>\n<meta property=\"og:site_name\" content=\"Claudius Antonius\" \/>\n<meta property=\"article:modified_time\" content=\"2018-02-15T14:55:11+00:00\" \/>\n<meta property=\"og:image\" content=\"http:\/\/claudius-antonius.de\/wp-content\/uploads\/2018\/02\/20170506_122731.jpg\" \/>\n<meta name=\"twitter:card\" content=\"summary_large_image\" \/>\n<script type=\"application\/ld+json\" class=\"yoast-schema-graph\">{\"@context\":\"https:\\\/\\\/schema.org\",\"@graph\":[{\"@type\":\"WebPage\",\"@id\":\"http:\\\/\\\/claudius-antonius.de\\\/?page_id=151\",\"url\":\"http:\\\/\\\/claudius-antonius.de\\\/?page_id=151\",\"name\":\"Am Limes - Claudius Antonius\",\"isPartOf\":{\"@id\":\"http:\\\/\\\/claudius-antonius.de\\\/#website\"},\"primaryImageOfPage\":{\"@id\":\"http:\\\/\\\/claudius-antonius.de\\\/?page_id=151#primaryimage\"},\"image\":{\"@id\":\"http:\\\/\\\/claudius-antonius.de\\\/?page_id=151#primaryimage\"},\"thumbnailUrl\":\"http:\\\/\\\/claudius-antonius.de\\\/wp-content\\\/uploads\\\/2018\\\/02\\\/20170506_122731.jpg\",\"datePublished\":\"2018-02-10T22:59:05+00:00\",\"dateModified\":\"2018-02-15T14:55:11+00:00\",\"breadcrumb\":{\"@id\":\"http:\\\/\\\/claudius-antonius.de\\\/?page_id=151#breadcrumb\"},\"inLanguage\":\"de\",\"potentialAction\":[{\"@type\":\"ReadAction\",\"target\":[\"http:\\\/\\\/claudius-antonius.de\\\/?page_id=151\"]}]},{\"@type\":\"ImageObject\",\"inLanguage\":\"de\",\"@id\":\"http:\\\/\\\/claudius-antonius.de\\\/?page_id=151#primaryimage\",\"url\":\"http:\\\/\\\/claudius-antonius.de\\\/wp-content\\\/uploads\\\/2018\\\/02\\\/20170506_122731.jpg\",\"contentUrl\":\"http:\\\/\\\/claudius-antonius.de\\\/wp-content\\\/uploads\\\/2018\\\/02\\\/20170506_122731.jpg\",\"width\":1280,\"height\":768},{\"@type\":\"BreadcrumbList\",\"@id\":\"http:\\\/\\\/claudius-antonius.de\\\/?page_id=151#breadcrumb\",\"itemListElement\":[{\"@type\":\"ListItem\",\"position\":1,\"name\":\"Startseite\",\"item\":\"http:\\\/\\\/claudius-antonius.de\\\/\"},{\"@type\":\"ListItem\",\"position\":2,\"name\":\"Archiv\",\"item\":\"http:\\\/\\\/claudius-antonius.de\\\/?page_id=10\"},{\"@type\":\"ListItem\",\"position\":3,\"name\":\"2017\",\"item\":\"http:\\\/\\\/claudius-antonius.de\\\/?page_id=62\"},{\"@type\":\"ListItem\",\"position\":4,\"name\":\"Am Limes\"}]},{\"@type\":\"WebSite\",\"@id\":\"http:\\\/\\\/claudius-antonius.de\\\/#website\",\"url\":\"http:\\\/\\\/claudius-antonius.de\\\/\",\"name\":\"Claudius Antonius\",\"description\":\"Infos, Veranstaltungen und Aktivit\u00e4ten \u00fcber die r\u00f6mische Kultur und den Limes\",\"potentialAction\":[{\"@type\":\"SearchAction\",\"target\":{\"@type\":\"EntryPoint\",\"urlTemplate\":\"http:\\\/\\\/claudius-antonius.de\\\/?s={search_term_string}\"},\"query-input\":{\"@type\":\"PropertyValueSpecification\",\"valueRequired\":true,\"valueName\":\"search_term_string\"}}],\"inLanguage\":\"de\"}]}<\/script>\n<!-- \/ Yoast SEO plugin. -->","yoast_head_json":{"title":"Am Limes - Claudius Antonius","robots":{"index":"index","follow":"follow","max-snippet":"max-snippet:-1","max-image-preview":"max-image-preview:large","max-video-preview":"max-video-preview:-1"},"canonical":"http:\/\/claudius-antonius.de\/?page_id=151","og_locale":"de_DE","og_type":"article","og_title":"Am Limes - Claudius Antonius","og_description":"Mit dem Westerwaldverein unterwegs am Limes in Holzhausen und Pohl Wanderung am Limes","og_url":"http:\/\/claudius-antonius.de\/?page_id=151","og_site_name":"Claudius Antonius","article_modified_time":"2018-02-15T14:55:11+00:00","og_image":[{"url":"http:\/\/claudius-antonius.de\/wp-content\/uploads\/2018\/02\/20170506_122731.jpg","type":"","width":"","height":""}],"twitter_card":"summary_large_image","schema":{"@context":"https:\/\/schema.org","@graph":[{"@type":"WebPage","@id":"http:\/\/claudius-antonius.de\/?page_id=151","url":"http:\/\/claudius-antonius.de\/?page_id=151","name":"Am Limes - Claudius Antonius","isPartOf":{"@id":"http:\/\/claudius-antonius.de\/#website"},"primaryImageOfPage":{"@id":"http:\/\/claudius-antonius.de\/?page_id=151#primaryimage"},"image":{"@id":"http:\/\/claudius-antonius.de\/?page_id=151#primaryimage"},"thumbnailUrl":"http:\/\/claudius-antonius.de\/wp-content\/uploads\/2018\/02\/20170506_122731.jpg","datePublished":"2018-02-10T22:59:05+00:00","dateModified":"2018-02-15T14:55:11+00:00","breadcrumb":{"@id":"http:\/\/claudius-antonius.de\/?page_id=151#breadcrumb"},"inLanguage":"de","potentialAction":[{"@type":"ReadAction","target":["http:\/\/claudius-antonius.de\/?page_id=151"]}]},{"@type":"ImageObject","inLanguage":"de","@id":"http:\/\/claudius-antonius.de\/?page_id=151#primaryimage","url":"http:\/\/claudius-antonius.de\/wp-content\/uploads\/2018\/02\/20170506_122731.jpg","contentUrl":"http:\/\/claudius-antonius.de\/wp-content\/uploads\/2018\/02\/20170506_122731.jpg","width":1280,"height":768},{"@type":"BreadcrumbList","@id":"http:\/\/claudius-antonius.de\/?page_id=151#breadcrumb","itemListElement":[{"@type":"ListItem","position":1,"name":"Startseite","item":"http:\/\/claudius-antonius.de\/"},{"@type":"ListItem","position":2,"name":"Archiv","item":"http:\/\/claudius-antonius.de\/?page_id=10"},{"@type":"ListItem","position":3,"name":"2017","item":"http:\/\/claudius-antonius.de\/?page_id=62"},{"@type":"ListItem","position":4,"name":"Am Limes"}]},{"@type":"WebSite","@id":"http:\/\/claudius-antonius.de\/#website","url":"http:\/\/claudius-antonius.de\/","name":"Claudius Antonius","description":"Infos, Veranstaltungen und Aktivit\u00e4ten \u00fcber die r\u00f6mische Kultur und den Limes","potentialAction":[{"@type":"SearchAction","target":{"@type":"EntryPoint","urlTemplate":"http:\/\/claudius-antonius.de\/?s={search_term_string}"},"query-input":{"@type":"PropertyValueSpecification","valueRequired":true,"valueName":"search_term_string"}}],"inLanguage":"de"}]}},"_links":{"self":[{"href":"http:\/\/claudius-antonius.de\/index.php?rest_route=\/wp\/v2\/pages\/151","targetHints":{"allow":["GET"]}}],"collection":[{"href":"http:\/\/claudius-antonius.de\/index.php?rest_route=\/wp\/v2\/pages"}],"about":[{"href":"http:\/\/claudius-antonius.de\/index.php?rest_route=\/wp\/v2\/types\/page"}],"author":[{"embeddable":true,"href":"http:\/\/claudius-antonius.de\/index.php?rest_route=\/wp\/v2\/users\/1"}],"replies":[{"embeddable":true,"href":"http:\/\/claudius-antonius.de\/index.php?rest_route=%2Fwp%2Fv2%2Fcomments&post=151"}],"version-history":[{"count":3,"href":"http:\/\/claudius-antonius.de\/index.php?rest_route=\/wp\/v2\/pages\/151\/revisions"}],"predecessor-version":[{"id":449,"href":"http:\/\/claudius-antonius.de\/index.php?rest_route=\/wp\/v2\/pages\/151\/revisions\/449"}],"up":[{"embeddable":true,"href":"http:\/\/claudius-antonius.de\/index.php?rest_route=\/wp\/v2\/pages\/62"}],"wp:attachment":[{"href":"http:\/\/claudius-antonius.de\/index.php?rest_route=%2Fwp%2Fv2%2Fmedia&parent=151"}],"curies":[{"name":"wp","href":"https:\/\/api.w.org\/{rel}","templated":true}]}}