{"id":621,"date":"2018-02-21T16:10:18","date_gmt":"2018-02-21T15:10:18","guid":{"rendered":"http:\/\/claudius-antonius.de\/?page_id=621"},"modified":"2018-02-21T16:12:38","modified_gmt":"2018-02-21T15:12:38","slug":"aussicht-von-oben","status":"publish","type":"page","link":"http:\/\/claudius-antonius.de\/?page_id=621","title":{"rendered":"Aussicht von oben"},"content":{"rendered":"<p>Klasse Aussicht von hier oben &#8230;<br \/>\n<a href=\"http:\/\/claudius-antonius.de\/wp-content\/uploads\/2018\/02\/DSCF8063.jpg\"><img loading=\"lazy\" decoding=\"async\" class=\"alignleft wp-image-521\" src=\"http:\/\/claudius-antonius.de\/wp-content\/uploads\/2018\/02\/DSCF8063-300x201.jpg\" alt=\"\" width=\"220\" height=\"147\" srcset=\"http:\/\/claudius-antonius.de\/wp-content\/uploads\/2018\/02\/DSCF8063-300x201.jpg 300w, http:\/\/claudius-antonius.de\/wp-content\/uploads\/2018\/02\/DSCF8063-768x514.jpg 768w, http:\/\/claudius-antonius.de\/wp-content\/uploads\/2018\/02\/DSCF8063-1024x685.jpg 1024w\" sizes=\"auto, (max-width: 220px) 100vw, 220px\" \/><\/a> <a href=\"http:\/\/claudius-antonius.de\/wp-content\/uploads\/2018\/02\/DSCF8058.jpg\"><img loading=\"lazy\" decoding=\"async\" class=\"alignleft wp-image-519\" src=\"http:\/\/claudius-antonius.de\/wp-content\/uploads\/2018\/02\/DSCF8058-300x201.jpg\" alt=\"\" width=\"220\" height=\"147\" srcset=\"http:\/\/claudius-antonius.de\/wp-content\/uploads\/2018\/02\/DSCF8058-300x201.jpg 300w, http:\/\/claudius-antonius.de\/wp-content\/uploads\/2018\/02\/DSCF8058-768x514.jpg 768w, http:\/\/claudius-antonius.de\/wp-content\/uploads\/2018\/02\/DSCF8058-1024x685.jpg 1024w\" sizes=\"auto, (max-width: 220px) 100vw, 220px\" \/><\/a> <a href=\"http:\/\/claudius-antonius.de\/wp-content\/uploads\/2018\/02\/DSCF8043.jpg\"><img loading=\"lazy\" decoding=\"async\" class=\"alignleft wp-image-515\" src=\"http:\/\/claudius-antonius.de\/wp-content\/uploads\/2018\/02\/DSCF8043-300x201.jpg\" alt=\"\" width=\"220\" height=\"147\" srcset=\"http:\/\/claudius-antonius.de\/wp-content\/uploads\/2018\/02\/DSCF8043-300x201.jpg 300w, http:\/\/claudius-antonius.de\/wp-content\/uploads\/2018\/02\/DSCF8043-768x514.jpg 768w, http:\/\/claudius-antonius.de\/wp-content\/uploads\/2018\/02\/DSCF8043-1024x685.jpg 1024w\" sizes=\"auto, (max-width: 220px) 100vw, 220px\" \/><\/a> <a href=\"http:\/\/claudius-antonius.de\/wp-content\/uploads\/2018\/02\/DSCF8042.jpg\"><img loading=\"lazy\" decoding=\"async\" class=\"alignleft wp-image-514\" src=\"http:\/\/claudius-antonius.de\/wp-content\/uploads\/2018\/02\/DSCF8042-300x201.jpg\" alt=\"\" width=\"220\" height=\"147\" srcset=\"http:\/\/claudius-antonius.de\/wp-content\/uploads\/2018\/02\/DSCF8042-300x201.jpg 300w, http:\/\/claudius-antonius.de\/wp-content\/uploads\/2018\/02\/DSCF8042-768x514.jpg 768w, http:\/\/claudius-antonius.de\/wp-content\/uploads\/2018\/02\/DSCF8042-1024x685.jpg 1024w\" sizes=\"auto, (max-width: 220px) 100vw, 220px\" \/><\/a><\/p>\n","protected":false},"excerpt":{"rendered":"<p>Klasse Aussicht von hier oben &#8230;<\/p>\n","protected":false},"author":1,"featured_media":0,"parent":608,"menu_order":0,"comment_status":"closed","ping_status":"closed","template":"","meta":{"footnotes":""},"class_list":["post-621","page","type-page","status-publish","hentry"],"yoast_head":"<!-- This site is optimized with the Yoast SEO plugin v27.4 - https:\/\/yoast.com\/product\/yoast-seo-wordpress\/ -->\n<title>Aussicht von oben - Claudius Antonius<\/title>\n<meta name=\"robots\" content=\"index, follow, max-snippet:-1, max-image-preview:large, max-video-preview:-1\" \/>\n<link rel=\"canonical\" href=\"http:\/\/claudius-antonius.de\/?page_id=621\" \/>\n<meta property=\"og:locale\" content=\"de_DE\" \/>\n<meta property=\"og:type\" content=\"article\" \/>\n<meta property=\"og:title\" content=\"Aussicht von oben - Claudius Antonius\" \/>\n<meta property=\"og:description\" content=\"Klasse Aussicht von hier oben &#8230;\" \/>\n<meta property=\"og:url\" content=\"http:\/\/claudius-antonius.de\/?page_id=621\" \/>\n<meta property=\"og:site_name\" content=\"Claudius Antonius\" \/>\n<meta property=\"article:modified_time\" content=\"2018-02-21T15:12:38+00:00\" \/>\n<meta property=\"og:image\" content=\"http:\/\/claudius-antonius.de\/wp-content\/uploads\/2018\/02\/DSCF8063-300x201.jpg\" \/>\n<meta name=\"twitter:card\" content=\"summary_large_image\" \/>\n<script type=\"application\/ld+json\" class=\"yoast-schema-graph\">{\"@context\":\"https:\\\/\\\/schema.org\",\"@graph\":[{\"@type\":\"WebPage\",\"@id\":\"http:\\\/\\\/claudius-antonius.de\\\/?page_id=621\",\"url\":\"http:\\\/\\\/claudius-antonius.de\\\/?page_id=621\",\"name\":\"Aussicht von oben - Claudius Antonius\",\"isPartOf\":{\"@id\":\"http:\\\/\\\/claudius-antonius.de\\\/#website\"},\"primaryImageOfPage\":{\"@id\":\"http:\\\/\\\/claudius-antonius.de\\\/?page_id=621#primaryimage\"},\"image\":{\"@id\":\"http:\\\/\\\/claudius-antonius.de\\\/?page_id=621#primaryimage\"},\"thumbnailUrl\":\"http:\\\/\\\/claudius-antonius.de\\\/wp-content\\\/uploads\\\/2018\\\/02\\\/DSCF8063-300x201.jpg\",\"datePublished\":\"2018-02-21T15:10:18+00:00\",\"dateModified\":\"2018-02-21T15:12:38+00:00\",\"breadcrumb\":{\"@id\":\"http:\\\/\\\/claudius-antonius.de\\\/?page_id=621#breadcrumb\"},\"inLanguage\":\"de\",\"potentialAction\":[{\"@type\":\"ReadAction\",\"target\":[\"http:\\\/\\\/claudius-antonius.de\\\/?page_id=621\"]}]},{\"@type\":\"ImageObject\",\"inLanguage\":\"de\",\"@id\":\"http:\\\/\\\/claudius-antonius.de\\\/?page_id=621#primaryimage\",\"url\":\"http:\\\/\\\/claudius-antonius.de\\\/wp-content\\\/uploads\\\/2018\\\/02\\\/DSCF8063.jpg\",\"contentUrl\":\"http:\\\/\\\/claudius-antonius.de\\\/wp-content\\\/uploads\\\/2018\\\/02\\\/DSCF8063.jpg\",\"width\":2128,\"height\":1424},{\"@type\":\"BreadcrumbList\",\"@id\":\"http:\\\/\\\/claudius-antonius.de\\\/?page_id=621#breadcrumb\",\"itemListElement\":[{\"@type\":\"ListItem\",\"position\":1,\"name\":\"Startseite\",\"item\":\"http:\\\/\\\/claudius-antonius.de\\\/\"},{\"@type\":\"ListItem\",\"position\":2,\"name\":\"Der Turm\",\"item\":\"http:\\\/\\\/claudius-antonius.de\\\/?page_id=608\"},{\"@type\":\"ListItem\",\"position\":3,\"name\":\"Aussicht von oben\"}]},{\"@type\":\"WebSite\",\"@id\":\"http:\\\/\\\/claudius-antonius.de\\\/#website\",\"url\":\"http:\\\/\\\/claudius-antonius.de\\\/\",\"name\":\"Claudius Antonius\",\"description\":\"Infos, Veranstaltungen und Aktivit\u00e4ten \u00fcber die r\u00f6mische Kultur und den Limes\",\"potentialAction\":[{\"@type\":\"SearchAction\",\"target\":{\"@type\":\"EntryPoint\",\"urlTemplate\":\"http:\\\/\\\/claudius-antonius.de\\\/?s={search_term_string}\"},\"query-input\":{\"@type\":\"PropertyValueSpecification\",\"valueRequired\":true,\"valueName\":\"search_term_string\"}}],\"inLanguage\":\"de\"}]}<\/script>\n<!-- \/ Yoast SEO plugin. -->","yoast_head_json":{"title":"Aussicht von oben - Claudius Antonius","robots":{"index":"index","follow":"follow","max-snippet":"max-snippet:-1","max-image-preview":"max-image-preview:large","max-video-preview":"max-video-preview:-1"},"canonical":"http:\/\/claudius-antonius.de\/?page_id=621","og_locale":"de_DE","og_type":"article","og_title":"Aussicht von oben - Claudius Antonius","og_description":"Klasse Aussicht von hier oben &#8230;","og_url":"http:\/\/claudius-antonius.de\/?page_id=621","og_site_name":"Claudius Antonius","article_modified_time":"2018-02-21T15:12:38+00:00","og_image":[{"url":"http:\/\/claudius-antonius.de\/wp-content\/uploads\/2018\/02\/DSCF8063-300x201.jpg","type":"","width":"","height":""}],"twitter_card":"summary_large_image","schema":{"@context":"https:\/\/schema.org","@graph":[{"@type":"WebPage","@id":"http:\/\/claudius-antonius.de\/?page_id=621","url":"http:\/\/claudius-antonius.de\/?page_id=621","name":"Aussicht von oben - Claudius Antonius","isPartOf":{"@id":"http:\/\/claudius-antonius.de\/#website"},"primaryImageOfPage":{"@id":"http:\/\/claudius-antonius.de\/?page_id=621#primaryimage"},"image":{"@id":"http:\/\/claudius-antonius.de\/?page_id=621#primaryimage"},"thumbnailUrl":"http:\/\/claudius-antonius.de\/wp-content\/uploads\/2018\/02\/DSCF8063-300x201.jpg","datePublished":"2018-02-21T15:10:18+00:00","dateModified":"2018-02-21T15:12:38+00:00","breadcrumb":{"@id":"http:\/\/claudius-antonius.de\/?page_id=621#breadcrumb"},"inLanguage":"de","potentialAction":[{"@type":"ReadAction","target":["http:\/\/claudius-antonius.de\/?page_id=621"]}]},{"@type":"ImageObject","inLanguage":"de","@id":"http:\/\/claudius-antonius.de\/?page_id=621#primaryimage","url":"http:\/\/claudius-antonius.de\/wp-content\/uploads\/2018\/02\/DSCF8063.jpg","contentUrl":"http:\/\/claudius-antonius.de\/wp-content\/uploads\/2018\/02\/DSCF8063.jpg","width":2128,"height":1424},{"@type":"BreadcrumbList","@id":"http:\/\/claudius-antonius.de\/?page_id=621#breadcrumb","itemListElement":[{"@type":"ListItem","position":1,"name":"Startseite","item":"http:\/\/claudius-antonius.de\/"},{"@type":"ListItem","position":2,"name":"Der Turm","item":"http:\/\/claudius-antonius.de\/?page_id=608"},{"@type":"ListItem","position":3,"name":"Aussicht von oben"}]},{"@type":"WebSite","@id":"http:\/\/claudius-antonius.de\/#website","url":"http:\/\/claudius-antonius.de\/","name":"Claudius Antonius","description":"Infos, Veranstaltungen und Aktivit\u00e4ten \u00fcber die r\u00f6mische Kultur und den Limes","potentialAction":[{"@type":"SearchAction","target":{"@type":"EntryPoint","urlTemplate":"http:\/\/claudius-antonius.de\/?s={search_term_string}"},"query-input":{"@type":"PropertyValueSpecification","valueRequired":true,"valueName":"search_term_string"}}],"inLanguage":"de"}]}},"_links":{"self":[{"href":"http:\/\/claudius-antonius.de\/index.php?rest_route=\/wp\/v2\/pages\/621","targetHints":{"allow":["GET"]}}],"collection":[{"href":"http:\/\/claudius-antonius.de\/index.php?rest_route=\/wp\/v2\/pages"}],"about":[{"href":"http:\/\/claudius-antonius.de\/index.php?rest_route=\/wp\/v2\/types\/page"}],"author":[{"embeddable":true,"href":"http:\/\/claudius-antonius.de\/index.php?rest_route=\/wp\/v2\/users\/1"}],"replies":[{"embeddable":true,"href":"http:\/\/claudius-antonius.de\/index.php?rest_route=%2Fwp%2Fv2%2Fcomments&post=621"}],"version-history":[{"count":3,"href":"http:\/\/claudius-antonius.de\/index.php?rest_route=\/wp\/v2\/pages\/621\/revisions"}],"predecessor-version":[{"id":624,"href":"http:\/\/claudius-antonius.de\/index.php?rest_route=\/wp\/v2\/pages\/621\/revisions\/624"}],"up":[{"embeddable":true,"href":"http:\/\/claudius-antonius.de\/index.php?rest_route=\/wp\/v2\/pages\/608"}],"wp:attachment":[{"href":"http:\/\/claudius-antonius.de\/index.php?rest_route=%2Fwp%2Fv2%2Fmedia&parent=621"}],"curies":[{"name":"wp","href":"https:\/\/api.w.org\/{rel}","templated":true}]}}