{"id":629,"date":"2018-02-21T16:22:04","date_gmt":"2018-02-21T15:22:04","guid":{"rendered":"http:\/\/claudius-antonius.de\/?page_id=629"},"modified":"2018-02-21T16:22:39","modified_gmt":"2018-02-21T15:22:39","slug":"bildergalerie","status":"publish","type":"page","link":"http:\/\/claudius-antonius.de\/?page_id=629","title":{"rendered":"Bildergalerie"},"content":{"rendered":"<p>Bilder vom Limesfest 2013 in Hillscheid.<br \/>\n<a href=\"http:\/\/claudius-antonius.de\/wp-content\/uploads\/2018\/02\/DSCF8782.jpg\"><img loading=\"lazy\" decoding=\"async\" class=\"alignleft size-thumbnail wp-image-595\" src=\"http:\/\/claudius-antonius.de\/wp-content\/uploads\/2018\/02\/DSCF8782-150x150.jpg\" alt=\"\" width=\"150\" height=\"150\" \/><\/a> <a href=\"http:\/\/claudius-antonius.de\/wp-content\/uploads\/2018\/02\/DSCF8778.jpg\"><img loading=\"lazy\" decoding=\"async\" class=\"alignleft size-thumbnail wp-image-594\" src=\"http:\/\/claudius-antonius.de\/wp-content\/uploads\/2018\/02\/DSCF8778-150x150.jpg\" alt=\"\" width=\"150\" height=\"150\" \/><\/a> <a href=\"http:\/\/claudius-antonius.de\/wp-content\/uploads\/2018\/02\/DSCF8777.jpg\"><img loading=\"lazy\" decoding=\"async\" class=\"alignleft size-thumbnail wp-image-593\" src=\"http:\/\/claudius-antonius.de\/wp-content\/uploads\/2018\/02\/DSCF8777-150x150.jpg\" alt=\"\" width=\"150\" height=\"150\" \/><\/a> <a href=\"http:\/\/claudius-antonius.de\/wp-content\/uploads\/2018\/02\/DSCF8776.jpg\"><img loading=\"lazy\" decoding=\"async\" class=\"alignleft size-thumbnail wp-image-592\" src=\"http:\/\/claudius-antonius.de\/wp-content\/uploads\/2018\/02\/DSCF8776-150x150.jpg\" alt=\"\" width=\"150\" height=\"150\" \/><\/a> <a href=\"http:\/\/claudius-antonius.de\/wp-content\/uploads\/2018\/02\/DSCF8775.jpg\"><img loading=\"lazy\" decoding=\"async\" class=\"alignleft size-thumbnail wp-image-591\" src=\"http:\/\/claudius-antonius.de\/wp-content\/uploads\/2018\/02\/DSCF8775-150x150.jpg\" alt=\"\" width=\"150\" height=\"150\" \/><\/a> <a href=\"http:\/\/claudius-antonius.de\/wp-content\/uploads\/2018\/02\/DSCF8774.jpg\"><img loading=\"lazy\" decoding=\"async\" class=\"alignleft size-thumbnail wp-image-590\" src=\"http:\/\/claudius-antonius.de\/wp-content\/uploads\/2018\/02\/DSCF8774-150x150.jpg\" alt=\"\" width=\"150\" height=\"150\" \/><\/a> <a href=\"http:\/\/claudius-antonius.de\/wp-content\/uploads\/2018\/02\/DSCF8773.jpg\"><img loading=\"lazy\" decoding=\"async\" class=\"alignleft size-thumbnail wp-image-589\" src=\"http:\/\/claudius-antonius.de\/wp-content\/uploads\/2018\/02\/DSCF8773-150x150.jpg\" alt=\"\" width=\"150\" height=\"150\" \/><\/a> <a href=\"http:\/\/claudius-antonius.de\/wp-content\/uploads\/2018\/02\/DSCF8772.jpg\"><img loading=\"lazy\" decoding=\"async\" class=\"alignleft size-thumbnail wp-image-588\" src=\"http:\/\/claudius-antonius.de\/wp-content\/uploads\/2018\/02\/DSCF8772-150x150.jpg\" alt=\"\" width=\"150\" height=\"150\" \/><\/a> <a href=\"http:\/\/claudius-antonius.de\/wp-content\/uploads\/2018\/02\/DSCF8770.jpg\"><img loading=\"lazy\" decoding=\"async\" class=\"alignleft size-thumbnail wp-image-587\" src=\"http:\/\/claudius-antonius.de\/wp-content\/uploads\/2018\/02\/DSCF8770-150x150.jpg\" alt=\"\" width=\"150\" height=\"150\" \/><\/a> <a href=\"http:\/\/claudius-antonius.de\/wp-content\/uploads\/2018\/02\/DSCF8769.jpg\"><img loading=\"lazy\" decoding=\"async\" class=\"alignleft size-thumbnail wp-image-586\" src=\"http:\/\/claudius-antonius.de\/wp-content\/uploads\/2018\/02\/DSCF8769-150x150.jpg\" alt=\"\" width=\"150\" height=\"150\" \/><\/a> <a href=\"http:\/\/claudius-antonius.de\/wp-content\/uploads\/2018\/02\/DSCF8768.jpg\"><img loading=\"lazy\" decoding=\"async\" class=\"alignleft size-thumbnail wp-image-585\" src=\"http:\/\/claudius-antonius.de\/wp-content\/uploads\/2018\/02\/DSCF8768-150x150.jpg\" alt=\"\" width=\"150\" height=\"150\" \/><\/a> <a href=\"http:\/\/claudius-antonius.de\/wp-content\/uploads\/2018\/02\/DSCF8767.jpg\"><img loading=\"lazy\" decoding=\"async\" class=\"alignleft size-thumbnail wp-image-584\" src=\"http:\/\/claudius-antonius.de\/wp-content\/uploads\/2018\/02\/DSCF8767-150x150.jpg\" alt=\"\" width=\"150\" height=\"150\" \/><\/a> <a href=\"http:\/\/claudius-antonius.de\/wp-content\/uploads\/2018\/02\/DSCF8766.jpg\"><img loading=\"lazy\" decoding=\"async\" class=\"alignleft size-thumbnail wp-image-583\" src=\"http:\/\/claudius-antonius.de\/wp-content\/uploads\/2018\/02\/DSCF8766-150x150.jpg\" alt=\"\" width=\"150\" height=\"150\" \/><\/a> <a href=\"http:\/\/claudius-antonius.de\/wp-content\/uploads\/2018\/02\/DSCF8765.jpg\"><img loading=\"lazy\" decoding=\"async\" class=\"alignleft size-thumbnail wp-image-582\" src=\"http:\/\/claudius-antonius.de\/wp-content\/uploads\/2018\/02\/DSCF8765-150x150.jpg\" alt=\"\" width=\"150\" height=\"150\" \/><\/a> <a href=\"http:\/\/claudius-antonius.de\/wp-content\/uploads\/2018\/02\/DSCF8762.jpg\"><img loading=\"lazy\" decoding=\"async\" class=\"alignleft size-thumbnail wp-image-581\" src=\"http:\/\/claudius-antonius.de\/wp-content\/uploads\/2018\/02\/DSCF8762-150x150.jpg\" alt=\"\" width=\"150\" height=\"150\" \/><\/a> <a href=\"http:\/\/claudius-antonius.de\/wp-content\/uploads\/2018\/02\/DSCF8761.jpg\"><img loading=\"lazy\" decoding=\"async\" class=\"alignleft size-thumbnail wp-image-580\" src=\"http:\/\/claudius-antonius.de\/wp-content\/uploads\/2018\/02\/DSCF8761-150x150.jpg\" alt=\"\" width=\"150\" height=\"150\" \/><\/a> <a href=\"http:\/\/claudius-antonius.de\/wp-content\/uploads\/2018\/02\/DSCF8760.jpg\"><img loading=\"lazy\" decoding=\"async\" class=\"alignleft size-thumbnail wp-image-579\" src=\"http:\/\/claudius-antonius.de\/wp-content\/uploads\/2018\/02\/DSCF8760-150x150.jpg\" alt=\"\" width=\"150\" height=\"150\" \/><\/a> <a href=\"http:\/\/claudius-antonius.de\/wp-content\/uploads\/2018\/02\/DSCF8759.jpg\"><img loading=\"lazy\" decoding=\"async\" class=\"alignleft size-thumbnail wp-image-578\" src=\"http:\/\/claudius-antonius.de\/wp-content\/uploads\/2018\/02\/DSCF8759-150x150.jpg\" alt=\"\" width=\"150\" height=\"150\" \/><\/a> <a href=\"http:\/\/claudius-antonius.de\/wp-content\/uploads\/2018\/02\/DSCF8758.jpg\"><img loading=\"lazy\" decoding=\"async\" class=\"alignleft size-thumbnail wp-image-577\" src=\"http:\/\/claudius-antonius.de\/wp-content\/uploads\/2018\/02\/DSCF8758-150x150.jpg\" alt=\"\" width=\"150\" height=\"150\" \/><\/a> <a href=\"http:\/\/claudius-antonius.de\/wp-content\/uploads\/2018\/02\/DSCF8757.jpg\"><img loading=\"lazy\" decoding=\"async\" class=\"alignleft size-thumbnail wp-image-576\" src=\"http:\/\/claudius-antonius.de\/wp-content\/uploads\/2018\/02\/DSCF8757-150x150.jpg\" alt=\"\" width=\"150\" height=\"150\" \/><\/a> <a href=\"http:\/\/claudius-antonius.de\/wp-content\/uploads\/2018\/02\/DSCF8755.jpg\"><img loading=\"lazy\" decoding=\"async\" class=\"alignleft size-thumbnail wp-image-575\" src=\"http:\/\/claudius-antonius.de\/wp-content\/uploads\/2018\/02\/DSCF8755-150x150.jpg\" alt=\"\" width=\"150\" height=\"150\" \/><\/a> <a href=\"http:\/\/claudius-antonius.de\/wp-content\/uploads\/2018\/02\/DSCF8754.jpg\"><img loading=\"lazy\" decoding=\"async\" class=\"alignleft size-thumbnail wp-image-574\" src=\"http:\/\/claudius-antonius.de\/wp-content\/uploads\/2018\/02\/DSCF8754-150x150.jpg\" alt=\"\" width=\"150\" height=\"150\" \/><\/a> <a href=\"http:\/\/claudius-antonius.de\/wp-content\/uploads\/2018\/02\/DSCF8753.jpg\"><img loading=\"lazy\" decoding=\"async\" class=\"alignleft size-thumbnail wp-image-573\" src=\"http:\/\/claudius-antonius.de\/wp-content\/uploads\/2018\/02\/DSCF8753-150x150.jpg\" alt=\"\" width=\"150\" height=\"150\" \/><\/a> <a href=\"http:\/\/claudius-antonius.de\/wp-content\/uploads\/2018\/02\/DSCF8752.jpg\"><img loading=\"lazy\" decoding=\"async\" class=\"alignleft size-thumbnail wp-image-572\" src=\"http:\/\/claudius-antonius.de\/wp-content\/uploads\/2018\/02\/DSCF8752-150x150.jpg\" alt=\"\" width=\"150\" height=\"150\" \/><\/a> <a href=\"http:\/\/claudius-antonius.de\/wp-content\/uploads\/2018\/02\/DSCF8751.jpg\"><img loading=\"lazy\" decoding=\"async\" class=\"alignleft size-thumbnail wp-image-571\" src=\"http:\/\/claudius-antonius.de\/wp-content\/uploads\/2018\/02\/DSCF8751-150x150.jpg\" alt=\"\" width=\"150\" height=\"150\" \/><\/a> <a href=\"http:\/\/claudius-antonius.de\/wp-content\/uploads\/2018\/02\/DSCF8750.jpg\"><img loading=\"lazy\" decoding=\"async\" class=\"alignleft size-thumbnail wp-image-570\" src=\"http:\/\/claudius-antonius.de\/wp-content\/uploads\/2018\/02\/DSCF8750-150x150.jpg\" alt=\"\" width=\"150\" height=\"150\" \/><\/a> <a href=\"http:\/\/claudius-antonius.de\/wp-content\/uploads\/2018\/02\/DSCF8749.jpg\"><img loading=\"lazy\" decoding=\"async\" class=\"alignleft size-thumbnail wp-image-569\" src=\"http:\/\/claudius-antonius.de\/wp-content\/uploads\/2018\/02\/DSCF8749-150x150.jpg\" alt=\"\" width=\"150\" height=\"150\" \/><\/a> <a href=\"http:\/\/claudius-antonius.de\/wp-content\/uploads\/2018\/02\/DSCF8748.jpg\"><img loading=\"lazy\" decoding=\"async\" class=\"alignleft size-thumbnail wp-image-568\" src=\"http:\/\/claudius-antonius.de\/wp-content\/uploads\/2018\/02\/DSCF8748-150x150.jpg\" alt=\"\" width=\"150\" height=\"150\" \/><\/a> <a href=\"http:\/\/claudius-antonius.de\/wp-content\/uploads\/2018\/02\/DSCF8747.jpg\"><img loading=\"lazy\" decoding=\"async\" class=\"alignleft size-thumbnail wp-image-567\" src=\"http:\/\/claudius-antonius.de\/wp-content\/uploads\/2018\/02\/DSCF8747-150x150.jpg\" alt=\"\" width=\"150\" height=\"150\" \/><\/a> <a href=\"http:\/\/claudius-antonius.de\/wp-content\/uploads\/2018\/02\/DSCF8746.jpg\"><img loading=\"lazy\" decoding=\"async\" class=\"alignleft size-thumbnail wp-image-566\" src=\"http:\/\/claudius-antonius.de\/wp-content\/uploads\/2018\/02\/DSCF8746-150x150.jpg\" alt=\"\" width=\"150\" height=\"150\" \/><\/a> <a href=\"http:\/\/claudius-antonius.de\/wp-content\/uploads\/2018\/02\/DSCF8745.jpg\"><img loading=\"lazy\" decoding=\"async\" class=\"alignleft size-thumbnail wp-image-565\" src=\"http:\/\/claudius-antonius.de\/wp-content\/uploads\/2018\/02\/DSCF8745-150x150.jpg\" alt=\"\" width=\"150\" height=\"150\" \/><\/a> <a href=\"http:\/\/claudius-antonius.de\/wp-content\/uploads\/2018\/02\/DSCF8744.jpg\"><img loading=\"lazy\" decoding=\"async\" class=\"alignleft size-thumbnail wp-image-564\" src=\"http:\/\/claudius-antonius.de\/wp-content\/uploads\/2018\/02\/DSCF8744-150x150.jpg\" alt=\"\" width=\"150\" height=\"150\" \/><\/a> <a href=\"http:\/\/claudius-antonius.de\/wp-content\/uploads\/2018\/02\/DSCF8724.jpg\"><img loading=\"lazy\" decoding=\"async\" class=\"alignleft size-thumbnail wp-image-563\" src=\"http:\/\/claudius-antonius.de\/wp-content\/uploads\/2018\/02\/DSCF8724-150x150.jpg\" alt=\"\" width=\"150\" height=\"150\" \/><\/a> <a href=\"http:\/\/claudius-antonius.de\/wp-content\/uploads\/2018\/02\/DSCF8812.jpg\"><img loading=\"lazy\" decoding=\"async\" class=\"alignleft size-thumbnail wp-image-562\" src=\"http:\/\/claudius-antonius.de\/wp-content\/uploads\/2018\/02\/DSCF8812-150x150.jpg\" alt=\"\" width=\"150\" height=\"150\" \/><\/a> <a href=\"http:\/\/claudius-antonius.de\/wp-content\/uploads\/2018\/02\/DSCF8810.jpg\"><img loading=\"lazy\" decoding=\"async\" class=\"alignleft size-thumbnail wp-image-561\" src=\"http:\/\/claudius-antonius.de\/wp-content\/uploads\/2018\/02\/DSCF8810-150x150.jpg\" alt=\"\" width=\"150\" height=\"150\" \/><\/a> <a href=\"http:\/\/claudius-antonius.de\/wp-content\/uploads\/2018\/02\/DSCF8806.jpg\"><img loading=\"lazy\" decoding=\"async\" class=\"alignleft size-thumbnail wp-image-560\" src=\"http:\/\/claudius-antonius.de\/wp-content\/uploads\/2018\/02\/DSCF8806-150x150.jpg\" alt=\"\" width=\"150\" height=\"150\" \/><\/a> <a href=\"http:\/\/claudius-antonius.de\/wp-content\/uploads\/2018\/02\/DSCF8805.jpg\"><img loading=\"lazy\" decoding=\"async\" class=\"alignleft size-thumbnail wp-image-559\" src=\"http:\/\/claudius-antonius.de\/wp-content\/uploads\/2018\/02\/DSCF8805-150x150.jpg\" alt=\"\" width=\"150\" height=\"150\" \/><\/a> <a href=\"http:\/\/claudius-antonius.de\/wp-content\/uploads\/2018\/02\/DSCF8803.jpg\"><img loading=\"lazy\" decoding=\"async\" class=\"alignleft size-thumbnail wp-image-558\" src=\"http:\/\/claudius-antonius.de\/wp-content\/uploads\/2018\/02\/DSCF8803-150x150.jpg\" alt=\"\" width=\"150\" height=\"150\" \/><\/a> <a href=\"http:\/\/claudius-antonius.de\/wp-content\/uploads\/2018\/02\/DSCF8802.jpg\"><img loading=\"lazy\" decoding=\"async\" class=\"alignleft size-thumbnail wp-image-557\" src=\"http:\/\/claudius-antonius.de\/wp-content\/uploads\/2018\/02\/DSCF8802-150x150.jpg\" alt=\"\" width=\"150\" height=\"150\" \/><\/a> <a href=\"http:\/\/claudius-antonius.de\/wp-content\/uploads\/2018\/02\/DSCF8799.jpg\"><img loading=\"lazy\" decoding=\"async\" class=\"alignleft size-thumbnail wp-image-556\" src=\"http:\/\/claudius-antonius.de\/wp-content\/uploads\/2018\/02\/DSCF8799-150x150.jpg\" alt=\"\" width=\"150\" height=\"150\" \/><\/a> <a href=\"http:\/\/claudius-antonius.de\/wp-content\/uploads\/2018\/02\/DSCF8798.jpg\"><img loading=\"lazy\" decoding=\"async\" class=\"alignleft size-thumbnail wp-image-555\" src=\"http:\/\/claudius-antonius.de\/wp-content\/uploads\/2018\/02\/DSCF8798-150x150.jpg\" alt=\"\" width=\"150\" height=\"150\" \/><\/a> <a href=\"http:\/\/claudius-antonius.de\/wp-content\/uploads\/2018\/02\/DSCF8796.jpg\"><img loading=\"lazy\" decoding=\"async\" class=\"alignleft size-thumbnail wp-image-554\" src=\"http:\/\/claudius-antonius.de\/wp-content\/uploads\/2018\/02\/DSCF8796-150x150.jpg\" alt=\"\" width=\"150\" height=\"150\" \/><\/a> <a href=\"http:\/\/claudius-antonius.de\/wp-content\/uploads\/2018\/02\/DSCF8795.jpg\"><img loading=\"lazy\" decoding=\"async\" class=\"alignleft size-thumbnail wp-image-553\" src=\"http:\/\/claudius-antonius.de\/wp-content\/uploads\/2018\/02\/DSCF8795-150x150.jpg\" alt=\"\" width=\"150\" height=\"150\" \/><\/a> <a href=\"http:\/\/claudius-antonius.de\/wp-content\/uploads\/2018\/02\/DSCF8791.jpg\"><img loading=\"lazy\" decoding=\"async\" class=\"alignleft size-thumbnail wp-image-552\" src=\"http:\/\/claudius-antonius.de\/wp-content\/uploads\/2018\/02\/DSCF8791-150x150.jpg\" alt=\"\" width=\"150\" height=\"150\" \/><\/a> <a href=\"http:\/\/claudius-antonius.de\/wp-content\/uploads\/2018\/02\/DSCF8789.jpg\"><img loading=\"lazy\" decoding=\"async\" class=\"alignleft size-thumbnail wp-image-551\" src=\"http:\/\/claudius-antonius.de\/wp-content\/uploads\/2018\/02\/DSCF8789-150x150.jpg\" alt=\"\" width=\"150\" height=\"150\" \/><\/a> <a href=\"http:\/\/claudius-antonius.de\/wp-content\/uploads\/2018\/02\/DSCF8788.jpg\"><img loading=\"lazy\" decoding=\"async\" class=\"alignleft size-thumbnail wp-image-550\" src=\"http:\/\/claudius-antonius.de\/wp-content\/uploads\/2018\/02\/DSCF8788-150x150.jpg\" alt=\"\" width=\"150\" height=\"150\" \/><\/a> <a href=\"http:\/\/claudius-antonius.de\/wp-content\/uploads\/2018\/02\/DSCF8787.jpg\"><img loading=\"lazy\" decoding=\"async\" class=\"alignleft size-thumbnail wp-image-549\" src=\"http:\/\/claudius-antonius.de\/wp-content\/uploads\/2018\/02\/DSCF8787-150x150.jpg\" alt=\"\" width=\"150\" height=\"150\" \/><\/a> <a href=\"http:\/\/claudius-antonius.de\/wp-content\/uploads\/2018\/02\/DSCF8786.jpg\"><img loading=\"lazy\" decoding=\"async\" class=\"alignnone size-thumbnail wp-image-548\" src=\"http:\/\/claudius-antonius.de\/wp-content\/uploads\/2018\/02\/DSCF8786-150x150.jpg\" alt=\"\" width=\"150\" height=\"150\" \/><\/a><\/p>\n","protected":false},"excerpt":{"rendered":"<p>Bilder vom Limesfest 2013 in Hillscheid.<\/p>\n","protected":false},"author":1,"featured_media":0,"parent":97,"menu_order":0,"comment_status":"closed","ping_status":"closed","template":"","meta":{"footnotes":""},"class_list":["post-629","page","type-page","status-publish","hentry"],"yoast_head":"<!-- This site is optimized with the Yoast SEO plugin v27.4 - https:\/\/yoast.com\/product\/yoast-seo-wordpress\/ -->\n<title>Bildergalerie - Claudius Antonius<\/title>\n<meta name=\"robots\" content=\"index, follow, max-snippet:-1, max-image-preview:large, max-video-preview:-1\" \/>\n<link rel=\"canonical\" href=\"http:\/\/claudius-antonius.de\/?page_id=629\" \/>\n<meta property=\"og:locale\" content=\"de_DE\" \/>\n<meta property=\"og:type\" content=\"article\" \/>\n<meta property=\"og:title\" content=\"Bildergalerie - Claudius Antonius\" \/>\n<meta property=\"og:description\" content=\"Bilder vom Limesfest 2013 in Hillscheid.\" \/>\n<meta property=\"og:url\" content=\"http:\/\/claudius-antonius.de\/?page_id=629\" \/>\n<meta property=\"og:site_name\" content=\"Claudius Antonius\" \/>\n<meta property=\"article:modified_time\" content=\"2018-02-21T15:22:39+00:00\" \/>\n<meta property=\"og:image\" content=\"http:\/\/claudius-antonius.de\/wp-content\/uploads\/2018\/02\/DSCF8782-150x150.jpg\" \/>\n<meta name=\"twitter:card\" content=\"summary_large_image\" \/>\n<script type=\"application\/ld+json\" class=\"yoast-schema-graph\">{\"@context\":\"https:\\\/\\\/schema.org\",\"@graph\":[{\"@type\":\"WebPage\",\"@id\":\"http:\\\/\\\/claudius-antonius.de\\\/?page_id=629\",\"url\":\"http:\\\/\\\/claudius-antonius.de\\\/?page_id=629\",\"name\":\"Bildergalerie - Claudius Antonius\",\"isPartOf\":{\"@id\":\"http:\\\/\\\/claudius-antonius.de\\\/#website\"},\"primaryImageOfPage\":{\"@id\":\"http:\\\/\\\/claudius-antonius.de\\\/?page_id=629#primaryimage\"},\"image\":{\"@id\":\"http:\\\/\\\/claudius-antonius.de\\\/?page_id=629#primaryimage\"},\"thumbnailUrl\":\"http:\\\/\\\/claudius-antonius.de\\\/wp-content\\\/uploads\\\/2018\\\/02\\\/DSCF8782-150x150.jpg\",\"datePublished\":\"2018-02-21T15:22:04+00:00\",\"dateModified\":\"2018-02-21T15:22:39+00:00\",\"breadcrumb\":{\"@id\":\"http:\\\/\\\/claudius-antonius.de\\\/?page_id=629#breadcrumb\"},\"inLanguage\":\"de\",\"potentialAction\":[{\"@type\":\"ReadAction\",\"target\":[\"http:\\\/\\\/claudius-antonius.de\\\/?page_id=629\"]}]},{\"@type\":\"ImageObject\",\"inLanguage\":\"de\",\"@id\":\"http:\\\/\\\/claudius-antonius.de\\\/?page_id=629#primaryimage\",\"url\":\"http:\\\/\\\/claudius-antonius.de\\\/wp-content\\\/uploads\\\/2018\\\/02\\\/DSCF8782.jpg\",\"contentUrl\":\"http:\\\/\\\/claudius-antonius.de\\\/wp-content\\\/uploads\\\/2018\\\/02\\\/DSCF8782.jpg\",\"width\":2128,\"height\":1424},{\"@type\":\"BreadcrumbList\",\"@id\":\"http:\\\/\\\/claudius-antonius.de\\\/?page_id=629#breadcrumb\",\"itemListElement\":[{\"@type\":\"ListItem\",\"position\":1,\"name\":\"Startseite\",\"item\":\"http:\\\/\\\/claudius-antonius.de\\\/\"},{\"@type\":\"ListItem\",\"position\":2,\"name\":\"Archiv\",\"item\":\"http:\\\/\\\/claudius-antonius.de\\\/?page_id=10\"},{\"@type\":\"ListItem\",\"position\":3,\"name\":\"2013\",\"item\":\"http:\\\/\\\/claudius-antonius.de\\\/?page_id=54\"},{\"@type\":\"ListItem\",\"position\":4,\"name\":\"Limesfest in Hillscheid\",\"item\":\"http:\\\/\\\/claudius-antonius.de\\\/?page_id=97\"},{\"@type\":\"ListItem\",\"position\":5,\"name\":\"Bildergalerie\"}]},{\"@type\":\"WebSite\",\"@id\":\"http:\\\/\\\/claudius-antonius.de\\\/#website\",\"url\":\"http:\\\/\\\/claudius-antonius.de\\\/\",\"name\":\"Claudius Antonius\",\"description\":\"Infos, Veranstaltungen und Aktivit\u00e4ten \u00fcber die r\u00f6mische Kultur und den Limes\",\"potentialAction\":[{\"@type\":\"SearchAction\",\"target\":{\"@type\":\"EntryPoint\",\"urlTemplate\":\"http:\\\/\\\/claudius-antonius.de\\\/?s={search_term_string}\"},\"query-input\":{\"@type\":\"PropertyValueSpecification\",\"valueRequired\":true,\"valueName\":\"search_term_string\"}}],\"inLanguage\":\"de\"}]}<\/script>\n<!-- \/ Yoast SEO plugin. -->","yoast_head_json":{"title":"Bildergalerie - Claudius Antonius","robots":{"index":"index","follow":"follow","max-snippet":"max-snippet:-1","max-image-preview":"max-image-preview:large","max-video-preview":"max-video-preview:-1"},"canonical":"http:\/\/claudius-antonius.de\/?page_id=629","og_locale":"de_DE","og_type":"article","og_title":"Bildergalerie - Claudius Antonius","og_description":"Bilder vom Limesfest 2013 in Hillscheid.","og_url":"http:\/\/claudius-antonius.de\/?page_id=629","og_site_name":"Claudius Antonius","article_modified_time":"2018-02-21T15:22:39+00:00","og_image":[{"url":"http:\/\/claudius-antonius.de\/wp-content\/uploads\/2018\/02\/DSCF8782-150x150.jpg","type":"","width":"","height":""}],"twitter_card":"summary_large_image","schema":{"@context":"https:\/\/schema.org","@graph":[{"@type":"WebPage","@id":"http:\/\/claudius-antonius.de\/?page_id=629","url":"http:\/\/claudius-antonius.de\/?page_id=629","name":"Bildergalerie - Claudius Antonius","isPartOf":{"@id":"http:\/\/claudius-antonius.de\/#website"},"primaryImageOfPage":{"@id":"http:\/\/claudius-antonius.de\/?page_id=629#primaryimage"},"image":{"@id":"http:\/\/claudius-antonius.de\/?page_id=629#primaryimage"},"thumbnailUrl":"http:\/\/claudius-antonius.de\/wp-content\/uploads\/2018\/02\/DSCF8782-150x150.jpg","datePublished":"2018-02-21T15:22:04+00:00","dateModified":"2018-02-21T15:22:39+00:00","breadcrumb":{"@id":"http:\/\/claudius-antonius.de\/?page_id=629#breadcrumb"},"inLanguage":"de","potentialAction":[{"@type":"ReadAction","target":["http:\/\/claudius-antonius.de\/?page_id=629"]}]},{"@type":"ImageObject","inLanguage":"de","@id":"http:\/\/claudius-antonius.de\/?page_id=629#primaryimage","url":"http:\/\/claudius-antonius.de\/wp-content\/uploads\/2018\/02\/DSCF8782.jpg","contentUrl":"http:\/\/claudius-antonius.de\/wp-content\/uploads\/2018\/02\/DSCF8782.jpg","width":2128,"height":1424},{"@type":"BreadcrumbList","@id":"http:\/\/claudius-antonius.de\/?page_id=629#breadcrumb","itemListElement":[{"@type":"ListItem","position":1,"name":"Startseite","item":"http:\/\/claudius-antonius.de\/"},{"@type":"ListItem","position":2,"name":"Archiv","item":"http:\/\/claudius-antonius.de\/?page_id=10"},{"@type":"ListItem","position":3,"name":"2013","item":"http:\/\/claudius-antonius.de\/?page_id=54"},{"@type":"ListItem","position":4,"name":"Limesfest in Hillscheid","item":"http:\/\/claudius-antonius.de\/?page_id=97"},{"@type":"ListItem","position":5,"name":"Bildergalerie"}]},{"@type":"WebSite","@id":"http:\/\/claudius-antonius.de\/#website","url":"http:\/\/claudius-antonius.de\/","name":"Claudius Antonius","description":"Infos, Veranstaltungen und Aktivit\u00e4ten \u00fcber die r\u00f6mische Kultur und den Limes","potentialAction":[{"@type":"SearchAction","target":{"@type":"EntryPoint","urlTemplate":"http:\/\/claudius-antonius.de\/?s={search_term_string}"},"query-input":{"@type":"PropertyValueSpecification","valueRequired":true,"valueName":"search_term_string"}}],"inLanguage":"de"}]}},"_links":{"self":[{"href":"http:\/\/claudius-antonius.de\/index.php?rest_route=\/wp\/v2\/pages\/629","targetHints":{"allow":["GET"]}}],"collection":[{"href":"http:\/\/claudius-antonius.de\/index.php?rest_route=\/wp\/v2\/pages"}],"about":[{"href":"http:\/\/claudius-antonius.de\/index.php?rest_route=\/wp\/v2\/types\/page"}],"author":[{"embeddable":true,"href":"http:\/\/claudius-antonius.de\/index.php?rest_route=\/wp\/v2\/users\/1"}],"replies":[{"embeddable":true,"href":"http:\/\/claudius-antonius.de\/index.php?rest_route=%2Fwp%2Fv2%2Fcomments&post=629"}],"version-history":[{"count":1,"href":"http:\/\/claudius-antonius.de\/index.php?rest_route=\/wp\/v2\/pages\/629\/revisions"}],"predecessor-version":[{"id":631,"href":"http:\/\/claudius-antonius.de\/index.php?rest_route=\/wp\/v2\/pages\/629\/revisions\/631"}],"up":[{"embeddable":true,"href":"http:\/\/claudius-antonius.de\/index.php?rest_route=\/wp\/v2\/pages\/97"}],"wp:attachment":[{"href":"http:\/\/claudius-antonius.de\/index.php?rest_route=%2Fwp%2Fv2%2Fmedia&parent=629"}],"curies":[{"name":"wp","href":"https:\/\/api.w.org\/{rel}","templated":true}]}}