{"id":77,"date":"2018-02-10T23:22:25","date_gmt":"2018-02-10T22:22:25","guid":{"rendered":"http:\/\/claudius-antonius.de\/?page_id=77"},"modified":"2018-02-15T12:32:29","modified_gmt":"2018-02-15T11:32:29","slug":"welzheim","status":"publish","type":"page","link":"http:\/\/claudius-antonius.de\/?page_id=77","title":{"rendered":"Welzheim"},"content":{"rendered":"<p><img decoding=\"async\" src=\"http:\/\/claudius-antonius.de\/wp-content\/uploads\/2018\/02\/IMG_20120513_114648.jpg\" alt=\"\" \/><\/p>\n<p><img decoding=\"async\" src=\"http:\/\/claudius-antonius.de\/wp-content\/uploads\/2018\/02\/IMG_20120513_154758.jpg\" alt=\"\" \/><\/p>\n<p><img decoding=\"async\" src=\"http:\/\/claudius-antonius.de\/wp-content\/uploads\/2018\/02\/IMG_20120513_154811.jpg\" alt=\"\" \/><\/p>\n<p style=\"text-align: center;\"><img decoding=\"async\" src=\"http:\/\/claudius-antonius.de\/wp-content\/uploads\/2018\/02\/menue.png\" alt=\"\" \/><br \/>\n<a href=\"http:\/\/claudius-antonius.de\/wp-content\/uploads\/2018\/02\/ablaufplan.rtf\">ablaufplan<\/a><\/p>\n","protected":false},"excerpt":{"rendered":"<p>ablaufplan<\/p>\n","protected":false},"author":1,"featured_media":0,"parent":73,"menu_order":0,"comment_status":"closed","ping_status":"closed","template":"","meta":{"footnotes":""},"class_list":["post-77","page","type-page","status-publish","hentry"],"yoast_head":"<!-- This site is optimized with the Yoast SEO plugin v27.4 - https:\/\/yoast.com\/product\/yoast-seo-wordpress\/ -->\n<title>Welzheim - Claudius Antonius<\/title>\n<meta name=\"robots\" content=\"index, follow, max-snippet:-1, max-image-preview:large, max-video-preview:-1\" \/>\n<link rel=\"canonical\" href=\"http:\/\/claudius-antonius.de\/?page_id=77\" \/>\n<meta property=\"og:locale\" content=\"de_DE\" \/>\n<meta property=\"og:type\" content=\"article\" \/>\n<meta property=\"og:title\" content=\"Welzheim - Claudius Antonius\" \/>\n<meta property=\"og:description\" content=\"ablaufplan\" \/>\n<meta property=\"og:url\" content=\"http:\/\/claudius-antonius.de\/?page_id=77\" \/>\n<meta property=\"og:site_name\" content=\"Claudius Antonius\" \/>\n<meta property=\"article:modified_time\" content=\"2018-02-15T11:32:29+00:00\" \/>\n<meta property=\"og:image\" content=\"http:\/\/claudius-antonius.de\/wp-content\/uploads\/2018\/02\/IMG_20120513_114648.jpg\" \/>\n<meta name=\"twitter:card\" content=\"summary_large_image\" \/>\n<script type=\"application\/ld+json\" class=\"yoast-schema-graph\">{\"@context\":\"https:\\\/\\\/schema.org\",\"@graph\":[{\"@type\":\"WebPage\",\"@id\":\"http:\\\/\\\/claudius-antonius.de\\\/?page_id=77\",\"url\":\"http:\\\/\\\/claudius-antonius.de\\\/?page_id=77\",\"name\":\"Welzheim - Claudius Antonius\",\"isPartOf\":{\"@id\":\"http:\\\/\\\/claudius-antonius.de\\\/#website\"},\"primaryImageOfPage\":{\"@id\":\"http:\\\/\\\/claudius-antonius.de\\\/?page_id=77#primaryimage\"},\"image\":{\"@id\":\"http:\\\/\\\/claudius-antonius.de\\\/?page_id=77#primaryimage\"},\"thumbnailUrl\":\"http:\\\/\\\/claudius-antonius.de\\\/wp-content\\\/uploads\\\/2018\\\/02\\\/IMG_20120513_114648.jpg\",\"datePublished\":\"2018-02-10T22:22:25+00:00\",\"dateModified\":\"2018-02-15T11:32:29+00:00\",\"breadcrumb\":{\"@id\":\"http:\\\/\\\/claudius-antonius.de\\\/?page_id=77#breadcrumb\"},\"inLanguage\":\"de\",\"potentialAction\":[{\"@type\":\"ReadAction\",\"target\":[\"http:\\\/\\\/claudius-antonius.de\\\/?page_id=77\"]}]},{\"@type\":\"ImageObject\",\"inLanguage\":\"de\",\"@id\":\"http:\\\/\\\/claudius-antonius.de\\\/?page_id=77#primaryimage\",\"url\":\"http:\\\/\\\/claudius-antonius.de\\\/wp-content\\\/uploads\\\/2018\\\/02\\\/IMG_20120513_114648.jpg\",\"contentUrl\":\"http:\\\/\\\/claudius-antonius.de\\\/wp-content\\\/uploads\\\/2018\\\/02\\\/IMG_20120513_114648.jpg\",\"width\":1296,\"height\":972},{\"@type\":\"BreadcrumbList\",\"@id\":\"http:\\\/\\\/claudius-antonius.de\\\/?page_id=77#breadcrumb\",\"itemListElement\":[{\"@type\":\"ListItem\",\"position\":1,\"name\":\"Startseite\",\"item\":\"http:\\\/\\\/claudius-antonius.de\\\/\"},{\"@type\":\"ListItem\",\"position\":2,\"name\":\"Archiv\",\"item\":\"http:\\\/\\\/claudius-antonius.de\\\/?page_id=10\"},{\"@type\":\"ListItem\",\"position\":3,\"name\":\"2012\",\"item\":\"http:\\\/\\\/claudius-antonius.de\\\/?page_id=52\"},{\"@type\":\"ListItem\",\"position\":4,\"name\":\"Kastelle\",\"item\":\"http:\\\/\\\/claudius-antonius.de\\\/?page_id=73\"},{\"@type\":\"ListItem\",\"position\":5,\"name\":\"Welzheim\"}]},{\"@type\":\"WebSite\",\"@id\":\"http:\\\/\\\/claudius-antonius.de\\\/#website\",\"url\":\"http:\\\/\\\/claudius-antonius.de\\\/\",\"name\":\"Claudius Antonius\",\"description\":\"Infos, Veranstaltungen und Aktivit\u00e4ten \u00fcber die r\u00f6mische Kultur und den Limes\",\"potentialAction\":[{\"@type\":\"SearchAction\",\"target\":{\"@type\":\"EntryPoint\",\"urlTemplate\":\"http:\\\/\\\/claudius-antonius.de\\\/?s={search_term_string}\"},\"query-input\":{\"@type\":\"PropertyValueSpecification\",\"valueRequired\":true,\"valueName\":\"search_term_string\"}}],\"inLanguage\":\"de\"}]}<\/script>\n<!-- \/ Yoast SEO plugin. -->","yoast_head_json":{"title":"Welzheim - Claudius Antonius","robots":{"index":"index","follow":"follow","max-snippet":"max-snippet:-1","max-image-preview":"max-image-preview:large","max-video-preview":"max-video-preview:-1"},"canonical":"http:\/\/claudius-antonius.de\/?page_id=77","og_locale":"de_DE","og_type":"article","og_title":"Welzheim - Claudius Antonius","og_description":"ablaufplan","og_url":"http:\/\/claudius-antonius.de\/?page_id=77","og_site_name":"Claudius Antonius","article_modified_time":"2018-02-15T11:32:29+00:00","og_image":[{"url":"http:\/\/claudius-antonius.de\/wp-content\/uploads\/2018\/02\/IMG_20120513_114648.jpg","type":"","width":"","height":""}],"twitter_card":"summary_large_image","schema":{"@context":"https:\/\/schema.org","@graph":[{"@type":"WebPage","@id":"http:\/\/claudius-antonius.de\/?page_id=77","url":"http:\/\/claudius-antonius.de\/?page_id=77","name":"Welzheim - Claudius Antonius","isPartOf":{"@id":"http:\/\/claudius-antonius.de\/#website"},"primaryImageOfPage":{"@id":"http:\/\/claudius-antonius.de\/?page_id=77#primaryimage"},"image":{"@id":"http:\/\/claudius-antonius.de\/?page_id=77#primaryimage"},"thumbnailUrl":"http:\/\/claudius-antonius.de\/wp-content\/uploads\/2018\/02\/IMG_20120513_114648.jpg","datePublished":"2018-02-10T22:22:25+00:00","dateModified":"2018-02-15T11:32:29+00:00","breadcrumb":{"@id":"http:\/\/claudius-antonius.de\/?page_id=77#breadcrumb"},"inLanguage":"de","potentialAction":[{"@type":"ReadAction","target":["http:\/\/claudius-antonius.de\/?page_id=77"]}]},{"@type":"ImageObject","inLanguage":"de","@id":"http:\/\/claudius-antonius.de\/?page_id=77#primaryimage","url":"http:\/\/claudius-antonius.de\/wp-content\/uploads\/2018\/02\/IMG_20120513_114648.jpg","contentUrl":"http:\/\/claudius-antonius.de\/wp-content\/uploads\/2018\/02\/IMG_20120513_114648.jpg","width":1296,"height":972},{"@type":"BreadcrumbList","@id":"http:\/\/claudius-antonius.de\/?page_id=77#breadcrumb","itemListElement":[{"@type":"ListItem","position":1,"name":"Startseite","item":"http:\/\/claudius-antonius.de\/"},{"@type":"ListItem","position":2,"name":"Archiv","item":"http:\/\/claudius-antonius.de\/?page_id=10"},{"@type":"ListItem","position":3,"name":"2012","item":"http:\/\/claudius-antonius.de\/?page_id=52"},{"@type":"ListItem","position":4,"name":"Kastelle","item":"http:\/\/claudius-antonius.de\/?page_id=73"},{"@type":"ListItem","position":5,"name":"Welzheim"}]},{"@type":"WebSite","@id":"http:\/\/claudius-antonius.de\/#website","url":"http:\/\/claudius-antonius.de\/","name":"Claudius Antonius","description":"Infos, Veranstaltungen und Aktivit\u00e4ten \u00fcber die r\u00f6mische Kultur und den Limes","potentialAction":[{"@type":"SearchAction","target":{"@type":"EntryPoint","urlTemplate":"http:\/\/claudius-antonius.de\/?s={search_term_string}"},"query-input":{"@type":"PropertyValueSpecification","valueRequired":true,"valueName":"search_term_string"}}],"inLanguage":"de"}]}},"_links":{"self":[{"href":"http:\/\/claudius-antonius.de\/index.php?rest_route=\/wp\/v2\/pages\/77","targetHints":{"allow":["GET"]}}],"collection":[{"href":"http:\/\/claudius-antonius.de\/index.php?rest_route=\/wp\/v2\/pages"}],"about":[{"href":"http:\/\/claudius-antonius.de\/index.php?rest_route=\/wp\/v2\/types\/page"}],"author":[{"embeddable":true,"href":"http:\/\/claudius-antonius.de\/index.php?rest_route=\/wp\/v2\/users\/1"}],"replies":[{"embeddable":true,"href":"http:\/\/claudius-antonius.de\/index.php?rest_route=%2Fwp%2Fv2%2Fcomments&post=77"}],"version-history":[{"count":5,"href":"http:\/\/claudius-antonius.de\/index.php?rest_route=\/wp\/v2\/pages\/77\/revisions"}],"predecessor-version":[{"id":385,"href":"http:\/\/claudius-antonius.de\/index.php?rest_route=\/wp\/v2\/pages\/77\/revisions\/385"}],"up":[{"embeddable":true,"href":"http:\/\/claudius-antonius.de\/index.php?rest_route=\/wp\/v2\/pages\/73"}],"wp:attachment":[{"href":"http:\/\/claudius-antonius.de\/index.php?rest_route=%2Fwp%2Fv2%2Fmedia&parent=77"}],"curies":[{"name":"wp","href":"https:\/\/api.w.org\/{rel}","templated":true}]}}