{"id":8,"date":"2018-02-09T23:54:20","date_gmt":"2018-02-09T22:54:20","guid":{"rendered":"http:\/\/claudius-antonius.de\/?page_id=8"},"modified":"2020-04-03T08:45:38","modified_gmt":"2020-04-03T06:45:38","slug":"ueber-mich","status":"publish","type":"page","link":"http:\/\/claudius-antonius.de\/?page_id=8","title":{"rendered":"\u00dcber mich"},"content":{"rendered":"<p>Wie oder Warum ich Limes-Cicerone wurde ?<\/p>\n<p>Interesse an Historischem hatte ich schon immer. Es zieht sich wie ein roter Faden durch mein Leben. Befeuert wurde es im Elternhaus, von Verwandten, von Lehrern und sogar vom Pfarrer.<\/p>\n<p>So lernte ich schon im Kindesalter die verschiedensten Burgen und Schl\u00f6sser kennen, die man bei einem Tagesausflug vom Taunus aus erreichen kann. Das Schloss Sch\u00f6nbrunn und die Hofburg in Wien durch Verwandtenbesuche. Einer der Schulausfl\u00fcge f\u00fchrte ins Kastell Saalburg. Die Aufz\u00e4hlung k\u00f6nnte ich jetzt immer weiter fortsetzen.<\/p>\n<p>Ich bin in Holzhausen \u00fcber Aar aufgewachsen, der Ort geh\u00f6rt heute zu der Gemeinde Hohenstein, benannt nach der gleichnamigen Burg.<\/p>\n<p>Der entscheidende Punkt war aber das Kennenlernen des Limesturmes in Hillscheid und der Eintritt in den F\u00f6rderkreis Limes in 2009 und kurz darauf das Angebot zur Ausbildung zum Limes-Cicerone. Da musste ich sofort \u201ezuschlagen\u201c; der Rest ist Geschichte, d.h. gelebte Geschichte, ich mache die G\u00e4stef\u00fchrungen ja im Gewand als Senator.<\/p>\n<p style=\"text-align: center;\">\n<p><a href=\"http:\/\/claudius-antonius.de\/wp-content\/uploads\/2018\/02\/DSCF8156.jpg\"><img loading=\"lazy\" decoding=\"async\" class=\"aligncenter wp-image-507 size-large\" src=\"http:\/\/claudius-antonius.de\/wp-content\/uploads\/2018\/02\/DSCF8156-685x1024.jpg\" alt=\"\" width=\"660\" height=\"987\" srcset=\"http:\/\/claudius-antonius.de\/wp-content\/uploads\/2018\/02\/DSCF8156-685x1024.jpg 685w, http:\/\/claudius-antonius.de\/wp-content\/uploads\/2018\/02\/DSCF8156-201x300.jpg 201w, http:\/\/claudius-antonius.de\/wp-content\/uploads\/2018\/02\/DSCF8156-768x1148.jpg 768w, http:\/\/claudius-antonius.de\/wp-content\/uploads\/2018\/02\/DSCF8156.jpg 1424w\" sizes=\"auto, (max-width: 660px) 100vw, 660px\" \/><\/a><\/p>\n<p><a href=\"http:\/\/claudius-antonius.de\/wp-content\/uploads\/2018\/02\/DSCF8045.jpg\"><img loading=\"lazy\" decoding=\"async\" class=\"aligncenter wp-image-516 size-large\" src=\"http:\/\/claudius-antonius.de\/wp-content\/uploads\/2018\/02\/DSCF8045-1024x685.jpg\" alt=\"\" width=\"660\" height=\"442\" srcset=\"http:\/\/claudius-antonius.de\/wp-content\/uploads\/2018\/02\/DSCF8045-1024x685.jpg 1024w, http:\/\/claudius-antonius.de\/wp-content\/uploads\/2018\/02\/DSCF8045-300x201.jpg 300w, http:\/\/claudius-antonius.de\/wp-content\/uploads\/2018\/02\/DSCF8045-768x514.jpg 768w\" sizes=\"auto, (max-width: 660px) 100vw, 660px\" \/><\/a><\/p>\n<p><a href=\"http:\/\/claudius-antonius.de\/wp-content\/uploads\/2018\/02\/DSCF8098.jpg\"><img loading=\"lazy\" decoding=\"async\" class=\"aligncenter wp-image-523 size-large\" src=\"http:\/\/claudius-antonius.de\/wp-content\/uploads\/2018\/02\/DSCF8098-685x1024.jpg\" alt=\"\" width=\"660\" height=\"987\" srcset=\"http:\/\/claudius-antonius.de\/wp-content\/uploads\/2018\/02\/DSCF8098-685x1024.jpg 685w, http:\/\/claudius-antonius.de\/wp-content\/uploads\/2018\/02\/DSCF8098-201x300.jpg 201w, http:\/\/claudius-antonius.de\/wp-content\/uploads\/2018\/02\/DSCF8098-768x1148.jpg 768w, http:\/\/claudius-antonius.de\/wp-content\/uploads\/2018\/02\/DSCF8098.jpg 1424w\" sizes=\"auto, (max-width: 660px) 100vw, 660px\" \/><\/a><\/p>\n<p><a href=\"http:\/\/claudius-antonius.de\/wp-content\/uploads\/2018\/02\/DSCF8140.jpg\"><img loading=\"lazy\" decoding=\"async\" class=\"aligncenter wp-image-504 size-large\" src=\"http:\/\/claudius-antonius.de\/wp-content\/uploads\/2018\/02\/DSCF8140-685x1024.jpg\" alt=\"\" width=\"660\" height=\"987\" srcset=\"http:\/\/claudius-antonius.de\/wp-content\/uploads\/2018\/02\/DSCF8140-685x1024.jpg 685w, http:\/\/claudius-antonius.de\/wp-content\/uploads\/2018\/02\/DSCF8140-201x300.jpg 201w, http:\/\/claudius-antonius.de\/wp-content\/uploads\/2018\/02\/DSCF8140-768x1148.jpg 768w, http:\/\/claudius-antonius.de\/wp-content\/uploads\/2018\/02\/DSCF8140.jpg 1424w\" sizes=\"auto, (max-width: 660px) 100vw, 660px\" \/><\/a><\/p>\n","protected":false},"excerpt":{"rendered":"<p>Wie oder Warum ich Limes-Cicerone wurde ? Interesse an Historischem hatte ich schon immer. Es zieht sich wie ein roter Faden durch mein Leben. Befeuert wurde es im Elternhaus, von Verwandten, von Lehrern und sogar vom Pfarrer. So lernte ich schon im Kindesalter die verschiedensten Burgen und Schl\u00f6sser kennen, die man bei einem Tagesausflug vom &hellip; <a href=\"http:\/\/claudius-antonius.de\/?page_id=8\" class=\"more-link\">Continue reading <span class=\"screen-reader-text\">\u00dcber mich<\/span><\/a><\/p>\n","protected":false},"author":1,"featured_media":0,"parent":0,"menu_order":0,"comment_status":"closed","ping_status":"closed","template":"","meta":{"footnotes":""},"class_list":["post-8","page","type-page","status-publish","hentry"],"yoast_head":"<!-- This site is optimized with the Yoast SEO plugin v27.4 - https:\/\/yoast.com\/product\/yoast-seo-wordpress\/ -->\n<title>\u00dcber mich - Claudius Antonius<\/title>\n<meta name=\"robots\" content=\"index, follow, max-snippet:-1, max-image-preview:large, max-video-preview:-1\" \/>\n<link rel=\"canonical\" href=\"http:\/\/claudius-antonius.de\/?page_id=8\" \/>\n<meta property=\"og:locale\" content=\"de_DE\" \/>\n<meta property=\"og:type\" content=\"article\" \/>\n<meta property=\"og:title\" content=\"\u00dcber mich - Claudius Antonius\" \/>\n<meta property=\"og:description\" content=\"Wie oder Warum ich Limes-Cicerone wurde ? Interesse an Historischem hatte ich schon immer. Es zieht sich wie ein roter Faden durch mein Leben. Befeuert wurde es im Elternhaus, von Verwandten, von Lehrern und sogar vom Pfarrer. So lernte ich schon im Kindesalter die verschiedensten Burgen und Schl\u00f6sser kennen, die man bei einem Tagesausflug vom &hellip; Continue reading \u00dcber mich\" \/>\n<meta property=\"og:url\" content=\"http:\/\/claudius-antonius.de\/?page_id=8\" \/>\n<meta property=\"og:site_name\" content=\"Claudius Antonius\" \/>\n<meta property=\"article:modified_time\" content=\"2020-04-03T06:45:38+00:00\" \/>\n<meta property=\"og:image\" content=\"http:\/\/claudius-antonius.de\/wp-content\/uploads\/2018\/02\/DSCF8156-685x1024.jpg\" \/>\n<meta name=\"twitter:card\" content=\"summary_large_image\" \/>\n<meta name=\"twitter:label1\" content=\"Gesch\u00e4tzte Lesezeit\" \/>\n\t<meta name=\"twitter:data1\" content=\"1\u00a0Minute\" \/>\n<script type=\"application\/ld+json\" class=\"yoast-schema-graph\">{\"@context\":\"https:\\\/\\\/schema.org\",\"@graph\":[{\"@type\":\"WebPage\",\"@id\":\"http:\\\/\\\/claudius-antonius.de\\\/?page_id=8\",\"url\":\"http:\\\/\\\/claudius-antonius.de\\\/?page_id=8\",\"name\":\"\u00dcber mich - Claudius Antonius\",\"isPartOf\":{\"@id\":\"http:\\\/\\\/claudius-antonius.de\\\/#website\"},\"primaryImageOfPage\":{\"@id\":\"http:\\\/\\\/claudius-antonius.de\\\/?page_id=8#primaryimage\"},\"image\":{\"@id\":\"http:\\\/\\\/claudius-antonius.de\\\/?page_id=8#primaryimage\"},\"thumbnailUrl\":\"http:\\\/\\\/claudius-antonius.de\\\/wp-content\\\/uploads\\\/2018\\\/02\\\/DSCF8156-685x1024.jpg\",\"datePublished\":\"2018-02-09T22:54:20+00:00\",\"dateModified\":\"2020-04-03T06:45:38+00:00\",\"breadcrumb\":{\"@id\":\"http:\\\/\\\/claudius-antonius.de\\\/?page_id=8#breadcrumb\"},\"inLanguage\":\"de\",\"potentialAction\":[{\"@type\":\"ReadAction\",\"target\":[\"http:\\\/\\\/claudius-antonius.de\\\/?page_id=8\"]}]},{\"@type\":\"ImageObject\",\"inLanguage\":\"de\",\"@id\":\"http:\\\/\\\/claudius-antonius.de\\\/?page_id=8#primaryimage\",\"url\":\"http:\\\/\\\/claudius-antonius.de\\\/wp-content\\\/uploads\\\/2018\\\/02\\\/DSCF8156.jpg\",\"contentUrl\":\"http:\\\/\\\/claudius-antonius.de\\\/wp-content\\\/uploads\\\/2018\\\/02\\\/DSCF8156.jpg\",\"width\":1424,\"height\":2128},{\"@type\":\"BreadcrumbList\",\"@id\":\"http:\\\/\\\/claudius-antonius.de\\\/?page_id=8#breadcrumb\",\"itemListElement\":[{\"@type\":\"ListItem\",\"position\":1,\"name\":\"Startseite\",\"item\":\"http:\\\/\\\/claudius-antonius.de\\\/\"},{\"@type\":\"ListItem\",\"position\":2,\"name\":\"\u00dcber mich\"}]},{\"@type\":\"WebSite\",\"@id\":\"http:\\\/\\\/claudius-antonius.de\\\/#website\",\"url\":\"http:\\\/\\\/claudius-antonius.de\\\/\",\"name\":\"Claudius Antonius\",\"description\":\"Infos, Veranstaltungen und Aktivit\u00e4ten \u00fcber die r\u00f6mische Kultur und den Limes\",\"potentialAction\":[{\"@type\":\"SearchAction\",\"target\":{\"@type\":\"EntryPoint\",\"urlTemplate\":\"http:\\\/\\\/claudius-antonius.de\\\/?s={search_term_string}\"},\"query-input\":{\"@type\":\"PropertyValueSpecification\",\"valueRequired\":true,\"valueName\":\"search_term_string\"}}],\"inLanguage\":\"de\"}]}<\/script>\n<!-- \/ Yoast SEO plugin. -->","yoast_head_json":{"title":"\u00dcber mich - Claudius Antonius","robots":{"index":"index","follow":"follow","max-snippet":"max-snippet:-1","max-image-preview":"max-image-preview:large","max-video-preview":"max-video-preview:-1"},"canonical":"http:\/\/claudius-antonius.de\/?page_id=8","og_locale":"de_DE","og_type":"article","og_title":"\u00dcber mich - Claudius Antonius","og_description":"Wie oder Warum ich Limes-Cicerone wurde ? Interesse an Historischem hatte ich schon immer. Es zieht sich wie ein roter Faden durch mein Leben. Befeuert wurde es im Elternhaus, von Verwandten, von Lehrern und sogar vom Pfarrer. So lernte ich schon im Kindesalter die verschiedensten Burgen und Schl\u00f6sser kennen, die man bei einem Tagesausflug vom &hellip; Continue reading \u00dcber mich","og_url":"http:\/\/claudius-antonius.de\/?page_id=8","og_site_name":"Claudius Antonius","article_modified_time":"2020-04-03T06:45:38+00:00","og_image":[{"url":"http:\/\/claudius-antonius.de\/wp-content\/uploads\/2018\/02\/DSCF8156-685x1024.jpg","type":"","width":"","height":""}],"twitter_card":"summary_large_image","twitter_misc":{"Gesch\u00e4tzte Lesezeit":"1\u00a0Minute"},"schema":{"@context":"https:\/\/schema.org","@graph":[{"@type":"WebPage","@id":"http:\/\/claudius-antonius.de\/?page_id=8","url":"http:\/\/claudius-antonius.de\/?page_id=8","name":"\u00dcber mich - Claudius Antonius","isPartOf":{"@id":"http:\/\/claudius-antonius.de\/#website"},"primaryImageOfPage":{"@id":"http:\/\/claudius-antonius.de\/?page_id=8#primaryimage"},"image":{"@id":"http:\/\/claudius-antonius.de\/?page_id=8#primaryimage"},"thumbnailUrl":"http:\/\/claudius-antonius.de\/wp-content\/uploads\/2018\/02\/DSCF8156-685x1024.jpg","datePublished":"2018-02-09T22:54:20+00:00","dateModified":"2020-04-03T06:45:38+00:00","breadcrumb":{"@id":"http:\/\/claudius-antonius.de\/?page_id=8#breadcrumb"},"inLanguage":"de","potentialAction":[{"@type":"ReadAction","target":["http:\/\/claudius-antonius.de\/?page_id=8"]}]},{"@type":"ImageObject","inLanguage":"de","@id":"http:\/\/claudius-antonius.de\/?page_id=8#primaryimage","url":"http:\/\/claudius-antonius.de\/wp-content\/uploads\/2018\/02\/DSCF8156.jpg","contentUrl":"http:\/\/claudius-antonius.de\/wp-content\/uploads\/2018\/02\/DSCF8156.jpg","width":1424,"height":2128},{"@type":"BreadcrumbList","@id":"http:\/\/claudius-antonius.de\/?page_id=8#breadcrumb","itemListElement":[{"@type":"ListItem","position":1,"name":"Startseite","item":"http:\/\/claudius-antonius.de\/"},{"@type":"ListItem","position":2,"name":"\u00dcber mich"}]},{"@type":"WebSite","@id":"http:\/\/claudius-antonius.de\/#website","url":"http:\/\/claudius-antonius.de\/","name":"Claudius Antonius","description":"Infos, Veranstaltungen und Aktivit\u00e4ten \u00fcber die r\u00f6mische Kultur und den Limes","potentialAction":[{"@type":"SearchAction","target":{"@type":"EntryPoint","urlTemplate":"http:\/\/claudius-antonius.de\/?s={search_term_string}"},"query-input":{"@type":"PropertyValueSpecification","valueRequired":true,"valueName":"search_term_string"}}],"inLanguage":"de"}]}},"_links":{"self":[{"href":"http:\/\/claudius-antonius.de\/index.php?rest_route=\/wp\/v2\/pages\/8","targetHints":{"allow":["GET"]}}],"collection":[{"href":"http:\/\/claudius-antonius.de\/index.php?rest_route=\/wp\/v2\/pages"}],"about":[{"href":"http:\/\/claudius-antonius.de\/index.php?rest_route=\/wp\/v2\/types\/page"}],"author":[{"embeddable":true,"href":"http:\/\/claudius-antonius.de\/index.php?rest_route=\/wp\/v2\/users\/1"}],"replies":[{"embeddable":true,"href":"http:\/\/claudius-antonius.de\/index.php?rest_route=%2Fwp%2Fv2%2Fcomments&post=8"}],"version-history":[{"count":7,"href":"http:\/\/claudius-antonius.de\/index.php?rest_route=\/wp\/v2\/pages\/8\/revisions"}],"predecessor-version":[{"id":963,"href":"http:\/\/claudius-antonius.de\/index.php?rest_route=\/wp\/v2\/pages\/8\/revisions\/963"}],"wp:attachment":[{"href":"http:\/\/claudius-antonius.de\/index.php?rest_route=%2Fwp%2Fv2%2Fmedia&parent=8"}],"curies":[{"name":"wp","href":"https:\/\/api.w.org\/{rel}","templated":true}]}}