{"id":823,"date":"2019-01-31T21:12:40","date_gmt":"2019-01-31T20:12:40","guid":{"rendered":"http:\/\/claudius-antonius.de\/?page_id=823"},"modified":"2019-01-31T21:12:44","modified_gmt":"2019-01-31T20:12:44","slug":"der-geschmack-des-weltreichs","status":"publish","type":"page","link":"http:\/\/claudius-antonius.de\/?page_id=823","title":{"rendered":"Der Geschmack des Weltreichs"},"content":{"rendered":"\n<p>Vortrag von&nbsp; dem Buch-Autor Michael Kuhn im Museum in Remchingen besucht.<\/p>\n\n\n\n<figure class=\"wp-block-image\"><img loading=\"lazy\" decoding=\"async\" width=\"723\" height=\"1024\" src=\"http:\/\/claudius-antonius.de\/wp-content\/uploads\/2019\/01\/mKuhn-723x1024.jpg\" alt=\"\" class=\"wp-image-824\" srcset=\"http:\/\/claudius-antonius.de\/wp-content\/uploads\/2019\/01\/mKuhn-723x1024.jpg 723w, http:\/\/claudius-antonius.de\/wp-content\/uploads\/2019\/01\/mKuhn-212x300.jpg 212w, http:\/\/claudius-antonius.de\/wp-content\/uploads\/2019\/01\/mKuhn-768x1087.jpg 768w\" sizes=\"auto, (max-width: 723px) 100vw, 723px\" \/><\/figure>\n","protected":false},"excerpt":{"rendered":"<p>Vortrag von&nbsp; dem Buch-Autor Michael Kuhn im Museum in Remchingen besucht.<\/p>\n","protected":false},"author":2,"featured_media":0,"parent":0,"menu_order":0,"comment_status":"closed","ping_status":"closed","template":"","meta":{"footnotes":""},"class_list":["post-823","page","type-page","status-publish","hentry"],"yoast_head":"<!-- This site is optimized with the Yoast SEO plugin v27.4 - https:\/\/yoast.com\/product\/yoast-seo-wordpress\/ -->\n<title>Der Geschmack des Weltreichs - Claudius Antonius<\/title>\n<meta name=\"robots\" content=\"index, follow, max-snippet:-1, max-image-preview:large, max-video-preview:-1\" \/>\n<link rel=\"canonical\" href=\"http:\/\/claudius-antonius.de\/?page_id=823\" \/>\n<meta property=\"og:locale\" content=\"de_DE\" \/>\n<meta property=\"og:type\" content=\"article\" \/>\n<meta property=\"og:title\" content=\"Der Geschmack des Weltreichs - Claudius Antonius\" \/>\n<meta property=\"og:description\" content=\"Vortrag von&nbsp; dem Buch-Autor Michael Kuhn im Museum in Remchingen besucht.\" \/>\n<meta property=\"og:url\" content=\"http:\/\/claudius-antonius.de\/?page_id=823\" \/>\n<meta property=\"og:site_name\" content=\"Claudius Antonius\" \/>\n<meta property=\"article:modified_time\" content=\"2019-01-31T20:12:44+00:00\" \/>\n<meta property=\"og:image\" content=\"http:\/\/claudius-antonius.de\/wp-content\/uploads\/2019\/01\/mKuhn-723x1024.jpg\" \/>\n<meta name=\"twitter:card\" content=\"summary_large_image\" \/>\n<script type=\"application\/ld+json\" class=\"yoast-schema-graph\">{\"@context\":\"https:\\\/\\\/schema.org\",\"@graph\":[{\"@type\":\"WebPage\",\"@id\":\"http:\\\/\\\/claudius-antonius.de\\\/?page_id=823\",\"url\":\"http:\\\/\\\/claudius-antonius.de\\\/?page_id=823\",\"name\":\"Der Geschmack des Weltreichs - Claudius Antonius\",\"isPartOf\":{\"@id\":\"http:\\\/\\\/claudius-antonius.de\\\/#website\"},\"primaryImageOfPage\":{\"@id\":\"http:\\\/\\\/claudius-antonius.de\\\/?page_id=823#primaryimage\"},\"image\":{\"@id\":\"http:\\\/\\\/claudius-antonius.de\\\/?page_id=823#primaryimage\"},\"thumbnailUrl\":\"http:\\\/\\\/claudius-antonius.de\\\/wp-content\\\/uploads\\\/2019\\\/01\\\/mKuhn-723x1024.jpg\",\"datePublished\":\"2019-01-31T20:12:40+00:00\",\"dateModified\":\"2019-01-31T20:12:44+00:00\",\"breadcrumb\":{\"@id\":\"http:\\\/\\\/claudius-antonius.de\\\/?page_id=823#breadcrumb\"},\"inLanguage\":\"de\",\"potentialAction\":[{\"@type\":\"ReadAction\",\"target\":[\"http:\\\/\\\/claudius-antonius.de\\\/?page_id=823\"]}]},{\"@type\":\"ImageObject\",\"inLanguage\":\"de\",\"@id\":\"http:\\\/\\\/claudius-antonius.de\\\/?page_id=823#primaryimage\",\"url\":\"http:\\\/\\\/claudius-antonius.de\\\/wp-content\\\/uploads\\\/2019\\\/01\\\/mKuhn.jpg\",\"contentUrl\":\"http:\\\/\\\/claudius-antonius.de\\\/wp-content\\\/uploads\\\/2019\\\/01\\\/mKuhn.jpg\",\"width\":2051,\"height\":2904},{\"@type\":\"BreadcrumbList\",\"@id\":\"http:\\\/\\\/claudius-antonius.de\\\/?page_id=823#breadcrumb\",\"itemListElement\":[{\"@type\":\"ListItem\",\"position\":1,\"name\":\"Startseite\",\"item\":\"http:\\\/\\\/claudius-antonius.de\\\/\"},{\"@type\":\"ListItem\",\"position\":2,\"name\":\"Der Geschmack des Weltreichs\"}]},{\"@type\":\"WebSite\",\"@id\":\"http:\\\/\\\/claudius-antonius.de\\\/#website\",\"url\":\"http:\\\/\\\/claudius-antonius.de\\\/\",\"name\":\"Claudius Antonius\",\"description\":\"Infos, Veranstaltungen und Aktivit\u00e4ten \u00fcber die r\u00f6mische Kultur und den Limes\",\"potentialAction\":[{\"@type\":\"SearchAction\",\"target\":{\"@type\":\"EntryPoint\",\"urlTemplate\":\"http:\\\/\\\/claudius-antonius.de\\\/?s={search_term_string}\"},\"query-input\":{\"@type\":\"PropertyValueSpecification\",\"valueRequired\":true,\"valueName\":\"search_term_string\"}}],\"inLanguage\":\"de\"}]}<\/script>\n<!-- \/ Yoast SEO plugin. -->","yoast_head_json":{"title":"Der Geschmack des Weltreichs - Claudius Antonius","robots":{"index":"index","follow":"follow","max-snippet":"max-snippet:-1","max-image-preview":"max-image-preview:large","max-video-preview":"max-video-preview:-1"},"canonical":"http:\/\/claudius-antonius.de\/?page_id=823","og_locale":"de_DE","og_type":"article","og_title":"Der Geschmack des Weltreichs - Claudius Antonius","og_description":"Vortrag von&nbsp; dem Buch-Autor Michael Kuhn im Museum in Remchingen besucht.","og_url":"http:\/\/claudius-antonius.de\/?page_id=823","og_site_name":"Claudius Antonius","article_modified_time":"2019-01-31T20:12:44+00:00","og_image":[{"url":"http:\/\/claudius-antonius.de\/wp-content\/uploads\/2019\/01\/mKuhn-723x1024.jpg","type":"","width":"","height":""}],"twitter_card":"summary_large_image","schema":{"@context":"https:\/\/schema.org","@graph":[{"@type":"WebPage","@id":"http:\/\/claudius-antonius.de\/?page_id=823","url":"http:\/\/claudius-antonius.de\/?page_id=823","name":"Der Geschmack des Weltreichs - Claudius Antonius","isPartOf":{"@id":"http:\/\/claudius-antonius.de\/#website"},"primaryImageOfPage":{"@id":"http:\/\/claudius-antonius.de\/?page_id=823#primaryimage"},"image":{"@id":"http:\/\/claudius-antonius.de\/?page_id=823#primaryimage"},"thumbnailUrl":"http:\/\/claudius-antonius.de\/wp-content\/uploads\/2019\/01\/mKuhn-723x1024.jpg","datePublished":"2019-01-31T20:12:40+00:00","dateModified":"2019-01-31T20:12:44+00:00","breadcrumb":{"@id":"http:\/\/claudius-antonius.de\/?page_id=823#breadcrumb"},"inLanguage":"de","potentialAction":[{"@type":"ReadAction","target":["http:\/\/claudius-antonius.de\/?page_id=823"]}]},{"@type":"ImageObject","inLanguage":"de","@id":"http:\/\/claudius-antonius.de\/?page_id=823#primaryimage","url":"http:\/\/claudius-antonius.de\/wp-content\/uploads\/2019\/01\/mKuhn.jpg","contentUrl":"http:\/\/claudius-antonius.de\/wp-content\/uploads\/2019\/01\/mKuhn.jpg","width":2051,"height":2904},{"@type":"BreadcrumbList","@id":"http:\/\/claudius-antonius.de\/?page_id=823#breadcrumb","itemListElement":[{"@type":"ListItem","position":1,"name":"Startseite","item":"http:\/\/claudius-antonius.de\/"},{"@type":"ListItem","position":2,"name":"Der Geschmack des Weltreichs"}]},{"@type":"WebSite","@id":"http:\/\/claudius-antonius.de\/#website","url":"http:\/\/claudius-antonius.de\/","name":"Claudius Antonius","description":"Infos, Veranstaltungen und Aktivit\u00e4ten \u00fcber die r\u00f6mische Kultur und den Limes","potentialAction":[{"@type":"SearchAction","target":{"@type":"EntryPoint","urlTemplate":"http:\/\/claudius-antonius.de\/?s={search_term_string}"},"query-input":{"@type":"PropertyValueSpecification","valueRequired":true,"valueName":"search_term_string"}}],"inLanguage":"de"}]}},"_links":{"self":[{"href":"http:\/\/claudius-antonius.de\/index.php?rest_route=\/wp\/v2\/pages\/823","targetHints":{"allow":["GET"]}}],"collection":[{"href":"http:\/\/claudius-antonius.de\/index.php?rest_route=\/wp\/v2\/pages"}],"about":[{"href":"http:\/\/claudius-antonius.de\/index.php?rest_route=\/wp\/v2\/types\/page"}],"author":[{"embeddable":true,"href":"http:\/\/claudius-antonius.de\/index.php?rest_route=\/wp\/v2\/users\/2"}],"replies":[{"embeddable":true,"href":"http:\/\/claudius-antonius.de\/index.php?rest_route=%2Fwp%2Fv2%2Fcomments&post=823"}],"version-history":[{"count":1,"href":"http:\/\/claudius-antonius.de\/index.php?rest_route=\/wp\/v2\/pages\/823\/revisions"}],"predecessor-version":[{"id":826,"href":"http:\/\/claudius-antonius.de\/index.php?rest_route=\/wp\/v2\/pages\/823\/revisions\/826"}],"wp:attachment":[{"href":"http:\/\/claudius-antonius.de\/index.php?rest_route=%2Fwp%2Fv2%2Fmedia&parent=823"}],"curies":[{"name":"wp","href":"https:\/\/api.w.org\/{rel}","templated":true}]}}