{"id":831,"date":"2019-02-02T22:27:12","date_gmt":"2019-02-02T21:27:12","guid":{"rendered":"http:\/\/claudius-antonius.de\/?page_id=831"},"modified":"2019-02-02T22:27:13","modified_gmt":"2019-02-02T21:27:13","slug":"keramik-erleben-e-v-in-ransbach-baumbach","status":"publish","type":"page","link":"http:\/\/claudius-antonius.de\/?page_id=831","title":{"rendered":"\u201eKeramik Erleben e.V.\u201c in Ransbach-Baumbach"},"content":{"rendered":"\n<figure class=\"wp-block-image\"><img loading=\"lazy\" decoding=\"async\" width=\"1024\" height=\"719\" src=\"http:\/\/claudius-antonius.de\/wp-content\/uploads\/2019\/02\/kannenofen-1024x719.jpg\" alt=\"\" class=\"wp-image-832\" srcset=\"http:\/\/claudius-antonius.de\/wp-content\/uploads\/2019\/02\/kannenofen-1024x719.jpg 1024w, http:\/\/claudius-antonius.de\/wp-content\/uploads\/2019\/02\/kannenofen-300x211.jpg 300w, http:\/\/claudius-antonius.de\/wp-content\/uploads\/2019\/02\/kannenofen-768x539.jpg 768w, http:\/\/claudius-antonius.de\/wp-content\/uploads\/2019\/02\/kannenofen.jpg 1743w\" sizes=\"auto, (max-width: 1024px) 100vw, 1024px\" \/><figcaption><br><br>Besuch der Mitgliederversammlung\u00a0als Vorbereitung der Wanderungen auf dem Eulerweg und Rund um Ransbach-Baumbach, der Alte Kannenofen ist als Zwischenziel angedacht.<\/figcaption><\/figure>\n","protected":false},"excerpt":{"rendered":"","protected":false},"author":2,"featured_media":0,"parent":0,"menu_order":0,"comment_status":"closed","ping_status":"closed","template":"","meta":{"footnotes":""},"class_list":["post-831","page","type-page","status-publish","hentry"],"yoast_head":"<!-- This site is optimized with the Yoast SEO plugin v27.4 - https:\/\/yoast.com\/product\/yoast-seo-wordpress\/ -->\n<title>\u201eKeramik Erleben e.V.\u201c in Ransbach-Baumbach - Claudius Antonius<\/title>\n<meta name=\"robots\" content=\"index, follow, max-snippet:-1, max-image-preview:large, max-video-preview:-1\" \/>\n<link rel=\"canonical\" href=\"http:\/\/claudius-antonius.de\/?page_id=831\" \/>\n<meta property=\"og:locale\" content=\"de_DE\" \/>\n<meta property=\"og:type\" content=\"article\" \/>\n<meta property=\"og:title\" content=\"\u201eKeramik Erleben e.V.\u201c in Ransbach-Baumbach - Claudius Antonius\" \/>\n<meta property=\"og:url\" content=\"http:\/\/claudius-antonius.de\/?page_id=831\" \/>\n<meta property=\"og:site_name\" content=\"Claudius Antonius\" \/>\n<meta property=\"article:modified_time\" content=\"2019-02-02T21:27:13+00:00\" \/>\n<meta property=\"og:image\" content=\"http:\/\/claudius-antonius.de\/wp-content\/uploads\/2019\/02\/kannenofen-1024x719.jpg\" \/>\n<meta name=\"twitter:card\" content=\"summary_large_image\" \/>\n<script type=\"application\/ld+json\" class=\"yoast-schema-graph\">{\"@context\":\"https:\\\/\\\/schema.org\",\"@graph\":[{\"@type\":\"WebPage\",\"@id\":\"http:\\\/\\\/claudius-antonius.de\\\/?page_id=831\",\"url\":\"http:\\\/\\\/claudius-antonius.de\\\/?page_id=831\",\"name\":\"\u201eKeramik Erleben e.V.\u201c in Ransbach-Baumbach - Claudius Antonius\",\"isPartOf\":{\"@id\":\"http:\\\/\\\/claudius-antonius.de\\\/#website\"},\"primaryImageOfPage\":{\"@id\":\"http:\\\/\\\/claudius-antonius.de\\\/?page_id=831#primaryimage\"},\"image\":{\"@id\":\"http:\\\/\\\/claudius-antonius.de\\\/?page_id=831#primaryimage\"},\"thumbnailUrl\":\"http:\\\/\\\/claudius-antonius.de\\\/wp-content\\\/uploads\\\/2019\\\/02\\\/kannenofen-1024x719.jpg\",\"datePublished\":\"2019-02-02T21:27:12+00:00\",\"dateModified\":\"2019-02-02T21:27:13+00:00\",\"breadcrumb\":{\"@id\":\"http:\\\/\\\/claudius-antonius.de\\\/?page_id=831#breadcrumb\"},\"inLanguage\":\"de\",\"potentialAction\":[{\"@type\":\"ReadAction\",\"target\":[\"http:\\\/\\\/claudius-antonius.de\\\/?page_id=831\"]}]},{\"@type\":\"ImageObject\",\"inLanguage\":\"de\",\"@id\":\"http:\\\/\\\/claudius-antonius.de\\\/?page_id=831#primaryimage\",\"url\":\"http:\\\/\\\/claudius-antonius.de\\\/wp-content\\\/uploads\\\/2019\\\/02\\\/kannenofen.jpg\",\"contentUrl\":\"http:\\\/\\\/claudius-antonius.de\\\/wp-content\\\/uploads\\\/2019\\\/02\\\/kannenofen.jpg\",\"width\":1743,\"height\":1224},{\"@type\":\"BreadcrumbList\",\"@id\":\"http:\\\/\\\/claudius-antonius.de\\\/?page_id=831#breadcrumb\",\"itemListElement\":[{\"@type\":\"ListItem\",\"position\":1,\"name\":\"Startseite\",\"item\":\"http:\\\/\\\/claudius-antonius.de\\\/\"},{\"@type\":\"ListItem\",\"position\":2,\"name\":\"\u201eKeramik Erleben e.V.\u201c in Ransbach-Baumbach\"}]},{\"@type\":\"WebSite\",\"@id\":\"http:\\\/\\\/claudius-antonius.de\\\/#website\",\"url\":\"http:\\\/\\\/claudius-antonius.de\\\/\",\"name\":\"Claudius Antonius\",\"description\":\"Infos, Veranstaltungen und Aktivit\u00e4ten \u00fcber die r\u00f6mische Kultur und den Limes\",\"potentialAction\":[{\"@type\":\"SearchAction\",\"target\":{\"@type\":\"EntryPoint\",\"urlTemplate\":\"http:\\\/\\\/claudius-antonius.de\\\/?s={search_term_string}\"},\"query-input\":{\"@type\":\"PropertyValueSpecification\",\"valueRequired\":true,\"valueName\":\"search_term_string\"}}],\"inLanguage\":\"de\"}]}<\/script>\n<!-- \/ Yoast SEO plugin. -->","yoast_head_json":{"title":"\u201eKeramik Erleben e.V.\u201c in Ransbach-Baumbach - Claudius Antonius","robots":{"index":"index","follow":"follow","max-snippet":"max-snippet:-1","max-image-preview":"max-image-preview:large","max-video-preview":"max-video-preview:-1"},"canonical":"http:\/\/claudius-antonius.de\/?page_id=831","og_locale":"de_DE","og_type":"article","og_title":"\u201eKeramik Erleben e.V.\u201c in Ransbach-Baumbach - Claudius Antonius","og_url":"http:\/\/claudius-antonius.de\/?page_id=831","og_site_name":"Claudius Antonius","article_modified_time":"2019-02-02T21:27:13+00:00","og_image":[{"url":"http:\/\/claudius-antonius.de\/wp-content\/uploads\/2019\/02\/kannenofen-1024x719.jpg","type":"","width":"","height":""}],"twitter_card":"summary_large_image","schema":{"@context":"https:\/\/schema.org","@graph":[{"@type":"WebPage","@id":"http:\/\/claudius-antonius.de\/?page_id=831","url":"http:\/\/claudius-antonius.de\/?page_id=831","name":"\u201eKeramik Erleben e.V.\u201c in Ransbach-Baumbach - Claudius Antonius","isPartOf":{"@id":"http:\/\/claudius-antonius.de\/#website"},"primaryImageOfPage":{"@id":"http:\/\/claudius-antonius.de\/?page_id=831#primaryimage"},"image":{"@id":"http:\/\/claudius-antonius.de\/?page_id=831#primaryimage"},"thumbnailUrl":"http:\/\/claudius-antonius.de\/wp-content\/uploads\/2019\/02\/kannenofen-1024x719.jpg","datePublished":"2019-02-02T21:27:12+00:00","dateModified":"2019-02-02T21:27:13+00:00","breadcrumb":{"@id":"http:\/\/claudius-antonius.de\/?page_id=831#breadcrumb"},"inLanguage":"de","potentialAction":[{"@type":"ReadAction","target":["http:\/\/claudius-antonius.de\/?page_id=831"]}]},{"@type":"ImageObject","inLanguage":"de","@id":"http:\/\/claudius-antonius.de\/?page_id=831#primaryimage","url":"http:\/\/claudius-antonius.de\/wp-content\/uploads\/2019\/02\/kannenofen.jpg","contentUrl":"http:\/\/claudius-antonius.de\/wp-content\/uploads\/2019\/02\/kannenofen.jpg","width":1743,"height":1224},{"@type":"BreadcrumbList","@id":"http:\/\/claudius-antonius.de\/?page_id=831#breadcrumb","itemListElement":[{"@type":"ListItem","position":1,"name":"Startseite","item":"http:\/\/claudius-antonius.de\/"},{"@type":"ListItem","position":2,"name":"\u201eKeramik Erleben e.V.\u201c in Ransbach-Baumbach"}]},{"@type":"WebSite","@id":"http:\/\/claudius-antonius.de\/#website","url":"http:\/\/claudius-antonius.de\/","name":"Claudius Antonius","description":"Infos, Veranstaltungen und Aktivit\u00e4ten \u00fcber die r\u00f6mische Kultur und den Limes","potentialAction":[{"@type":"SearchAction","target":{"@type":"EntryPoint","urlTemplate":"http:\/\/claudius-antonius.de\/?s={search_term_string}"},"query-input":{"@type":"PropertyValueSpecification","valueRequired":true,"valueName":"search_term_string"}}],"inLanguage":"de"}]}},"_links":{"self":[{"href":"http:\/\/claudius-antonius.de\/index.php?rest_route=\/wp\/v2\/pages\/831","targetHints":{"allow":["GET"]}}],"collection":[{"href":"http:\/\/claudius-antonius.de\/index.php?rest_route=\/wp\/v2\/pages"}],"about":[{"href":"http:\/\/claudius-antonius.de\/index.php?rest_route=\/wp\/v2\/types\/page"}],"author":[{"embeddable":true,"href":"http:\/\/claudius-antonius.de\/index.php?rest_route=\/wp\/v2\/users\/2"}],"replies":[{"embeddable":true,"href":"http:\/\/claudius-antonius.de\/index.php?rest_route=%2Fwp%2Fv2%2Fcomments&post=831"}],"version-history":[{"count":1,"href":"http:\/\/claudius-antonius.de\/index.php?rest_route=\/wp\/v2\/pages\/831\/revisions"}],"predecessor-version":[{"id":834,"href":"http:\/\/claudius-antonius.de\/index.php?rest_route=\/wp\/v2\/pages\/831\/revisions\/834"}],"wp:attachment":[{"href":"http:\/\/claudius-antonius.de\/index.php?rest_route=%2Fwp%2Fv2%2Fmedia&parent=831"}],"curies":[{"name":"wp","href":"https:\/\/api.w.org\/{rel}","templated":true}]}}