{"id":85,"date":"2018-02-10T23:25:33","date_gmt":"2018-02-10T22:25:33","guid":{"rendered":"http:\/\/claudius-antonius.de\/?page_id=85"},"modified":"2018-02-15T12:22:36","modified_gmt":"2018-02-15T11:22:36","slug":"roemische-schifffahrt","status":"publish","type":"page","link":"http:\/\/claudius-antonius.de\/?page_id=85","title":{"rendered":"R\u00f6mische Schifffahrt"},"content":{"rendered":"<p>Das Bild zeigt die Gruppe der Limes-Cicerone mit G\u00e4sten auf der Lusoria Rhenana, dem Nachbau eines r\u00f6mischen Schiffes, Original wurde in Mainz gefunden, in einem Zustand, der eine Rekonstruktion erm\u00f6glichte.<\/p>\n<p><img decoding=\"async\" src=\"http:\/\/claudius-antonius.de\/wp-content\/uploads\/2018\/02\/LusoriaRhenana.jpg\" alt=\"\" \/><\/p>\n<p style=\"text-align: center;\"><a href=\"http:\/\/claudius-antonius.de\/wp-content\/uploads\/2018\/02\/aktivit\u00e4ten2012_WS.pdf\">aktivit\u00e4ten2012_WS<\/a><\/p>\n","protected":false},"excerpt":{"rendered":"<p>Das Bild zeigt die Gruppe der Limes-Cicerone mit G\u00e4sten auf der Lusoria Rhenana, dem Nachbau eines r\u00f6mischen Schiffes, Original wurde in Mainz gefunden, in einem Zustand, der eine Rekonstruktion erm\u00f6glichte. aktivit\u00e4ten2012_WS<\/p>\n","protected":false},"author":1,"featured_media":0,"parent":52,"menu_order":0,"comment_status":"closed","ping_status":"closed","template":"","meta":{"footnotes":""},"class_list":["post-85","page","type-page","status-publish","hentry"],"yoast_head":"<!-- This site is optimized with the Yoast SEO plugin v27.4 - https:\/\/yoast.com\/product\/yoast-seo-wordpress\/ -->\n<title>R\u00f6mische Schifffahrt - Claudius Antonius<\/title>\n<meta name=\"robots\" content=\"index, follow, max-snippet:-1, max-image-preview:large, max-video-preview:-1\" \/>\n<link rel=\"canonical\" href=\"http:\/\/claudius-antonius.de\/?page_id=85\" \/>\n<meta property=\"og:locale\" content=\"de_DE\" \/>\n<meta property=\"og:type\" content=\"article\" \/>\n<meta property=\"og:title\" content=\"R\u00f6mische Schifffahrt - Claudius Antonius\" \/>\n<meta property=\"og:description\" content=\"Das Bild zeigt die Gruppe der Limes-Cicerone mit G\u00e4sten auf der Lusoria Rhenana, dem Nachbau eines r\u00f6mischen Schiffes, Original wurde in Mainz gefunden, in einem Zustand, der eine Rekonstruktion erm\u00f6glichte. aktivit\u00e4ten2012_WS\" \/>\n<meta property=\"og:url\" content=\"http:\/\/claudius-antonius.de\/?page_id=85\" \/>\n<meta property=\"og:site_name\" content=\"Claudius Antonius\" \/>\n<meta property=\"article:modified_time\" content=\"2018-02-15T11:22:36+00:00\" \/>\n<meta property=\"og:image\" content=\"http:\/\/claudius-antonius.de\/wp-content\/uploads\/2018\/02\/LusoriaRhenana.jpg\" \/>\n<meta name=\"twitter:card\" content=\"summary_large_image\" \/>\n<script type=\"application\/ld+json\" class=\"yoast-schema-graph\">{\"@context\":\"https:\\\/\\\/schema.org\",\"@graph\":[{\"@type\":\"WebPage\",\"@id\":\"http:\\\/\\\/claudius-antonius.de\\\/?page_id=85\",\"url\":\"http:\\\/\\\/claudius-antonius.de\\\/?page_id=85\",\"name\":\"R\u00f6mische Schifffahrt - Claudius Antonius\",\"isPartOf\":{\"@id\":\"http:\\\/\\\/claudius-antonius.de\\\/#website\"},\"primaryImageOfPage\":{\"@id\":\"http:\\\/\\\/claudius-antonius.de\\\/?page_id=85#primaryimage\"},\"image\":{\"@id\":\"http:\\\/\\\/claudius-antonius.de\\\/?page_id=85#primaryimage\"},\"thumbnailUrl\":\"http:\\\/\\\/claudius-antonius.de\\\/wp-content\\\/uploads\\\/2018\\\/02\\\/LusoriaRhenana.jpg\",\"datePublished\":\"2018-02-10T22:25:33+00:00\",\"dateModified\":\"2018-02-15T11:22:36+00:00\",\"breadcrumb\":{\"@id\":\"http:\\\/\\\/claudius-antonius.de\\\/?page_id=85#breadcrumb\"},\"inLanguage\":\"de\",\"potentialAction\":[{\"@type\":\"ReadAction\",\"target\":[\"http:\\\/\\\/claudius-antonius.de\\\/?page_id=85\"]}]},{\"@type\":\"ImageObject\",\"inLanguage\":\"de\",\"@id\":\"http:\\\/\\\/claudius-antonius.de\\\/?page_id=85#primaryimage\",\"url\":\"http:\\\/\\\/claudius-antonius.de\\\/wp-content\\\/uploads\\\/2018\\\/02\\\/LusoriaRhenana.jpg\",\"contentUrl\":\"http:\\\/\\\/claudius-antonius.de\\\/wp-content\\\/uploads\\\/2018\\\/02\\\/LusoriaRhenana.jpg\",\"width\":1000,\"height\":750},{\"@type\":\"BreadcrumbList\",\"@id\":\"http:\\\/\\\/claudius-antonius.de\\\/?page_id=85#breadcrumb\",\"itemListElement\":[{\"@type\":\"ListItem\",\"position\":1,\"name\":\"Startseite\",\"item\":\"http:\\\/\\\/claudius-antonius.de\\\/\"},{\"@type\":\"ListItem\",\"position\":2,\"name\":\"Archiv\",\"item\":\"http:\\\/\\\/claudius-antonius.de\\\/?page_id=10\"},{\"@type\":\"ListItem\",\"position\":3,\"name\":\"2012\",\"item\":\"http:\\\/\\\/claudius-antonius.de\\\/?page_id=52\"},{\"@type\":\"ListItem\",\"position\":4,\"name\":\"R\u00f6mische Schifffahrt\"}]},{\"@type\":\"WebSite\",\"@id\":\"http:\\\/\\\/claudius-antonius.de\\\/#website\",\"url\":\"http:\\\/\\\/claudius-antonius.de\\\/\",\"name\":\"Claudius Antonius\",\"description\":\"Infos, Veranstaltungen und Aktivit\u00e4ten \u00fcber die r\u00f6mische Kultur und den Limes\",\"potentialAction\":[{\"@type\":\"SearchAction\",\"target\":{\"@type\":\"EntryPoint\",\"urlTemplate\":\"http:\\\/\\\/claudius-antonius.de\\\/?s={search_term_string}\"},\"query-input\":{\"@type\":\"PropertyValueSpecification\",\"valueRequired\":true,\"valueName\":\"search_term_string\"}}],\"inLanguage\":\"de\"}]}<\/script>\n<!-- \/ Yoast SEO plugin. -->","yoast_head_json":{"title":"R\u00f6mische Schifffahrt - Claudius Antonius","robots":{"index":"index","follow":"follow","max-snippet":"max-snippet:-1","max-image-preview":"max-image-preview:large","max-video-preview":"max-video-preview:-1"},"canonical":"http:\/\/claudius-antonius.de\/?page_id=85","og_locale":"de_DE","og_type":"article","og_title":"R\u00f6mische Schifffahrt - Claudius Antonius","og_description":"Das Bild zeigt die Gruppe der Limes-Cicerone mit G\u00e4sten auf der Lusoria Rhenana, dem Nachbau eines r\u00f6mischen Schiffes, Original wurde in Mainz gefunden, in einem Zustand, der eine Rekonstruktion erm\u00f6glichte. aktivit\u00e4ten2012_WS","og_url":"http:\/\/claudius-antonius.de\/?page_id=85","og_site_name":"Claudius Antonius","article_modified_time":"2018-02-15T11:22:36+00:00","og_image":[{"url":"http:\/\/claudius-antonius.de\/wp-content\/uploads\/2018\/02\/LusoriaRhenana.jpg","type":"","width":"","height":""}],"twitter_card":"summary_large_image","schema":{"@context":"https:\/\/schema.org","@graph":[{"@type":"WebPage","@id":"http:\/\/claudius-antonius.de\/?page_id=85","url":"http:\/\/claudius-antonius.de\/?page_id=85","name":"R\u00f6mische Schifffahrt - Claudius Antonius","isPartOf":{"@id":"http:\/\/claudius-antonius.de\/#website"},"primaryImageOfPage":{"@id":"http:\/\/claudius-antonius.de\/?page_id=85#primaryimage"},"image":{"@id":"http:\/\/claudius-antonius.de\/?page_id=85#primaryimage"},"thumbnailUrl":"http:\/\/claudius-antonius.de\/wp-content\/uploads\/2018\/02\/LusoriaRhenana.jpg","datePublished":"2018-02-10T22:25:33+00:00","dateModified":"2018-02-15T11:22:36+00:00","breadcrumb":{"@id":"http:\/\/claudius-antonius.de\/?page_id=85#breadcrumb"},"inLanguage":"de","potentialAction":[{"@type":"ReadAction","target":["http:\/\/claudius-antonius.de\/?page_id=85"]}]},{"@type":"ImageObject","inLanguage":"de","@id":"http:\/\/claudius-antonius.de\/?page_id=85#primaryimage","url":"http:\/\/claudius-antonius.de\/wp-content\/uploads\/2018\/02\/LusoriaRhenana.jpg","contentUrl":"http:\/\/claudius-antonius.de\/wp-content\/uploads\/2018\/02\/LusoriaRhenana.jpg","width":1000,"height":750},{"@type":"BreadcrumbList","@id":"http:\/\/claudius-antonius.de\/?page_id=85#breadcrumb","itemListElement":[{"@type":"ListItem","position":1,"name":"Startseite","item":"http:\/\/claudius-antonius.de\/"},{"@type":"ListItem","position":2,"name":"Archiv","item":"http:\/\/claudius-antonius.de\/?page_id=10"},{"@type":"ListItem","position":3,"name":"2012","item":"http:\/\/claudius-antonius.de\/?page_id=52"},{"@type":"ListItem","position":4,"name":"R\u00f6mische Schifffahrt"}]},{"@type":"WebSite","@id":"http:\/\/claudius-antonius.de\/#website","url":"http:\/\/claudius-antonius.de\/","name":"Claudius Antonius","description":"Infos, Veranstaltungen und Aktivit\u00e4ten \u00fcber die r\u00f6mische Kultur und den Limes","potentialAction":[{"@type":"SearchAction","target":{"@type":"EntryPoint","urlTemplate":"http:\/\/claudius-antonius.de\/?s={search_term_string}"},"query-input":{"@type":"PropertyValueSpecification","valueRequired":true,"valueName":"search_term_string"}}],"inLanguage":"de"}]}},"_links":{"self":[{"href":"http:\/\/claudius-antonius.de\/index.php?rest_route=\/wp\/v2\/pages\/85","targetHints":{"allow":["GET"]}}],"collection":[{"href":"http:\/\/claudius-antonius.de\/index.php?rest_route=\/wp\/v2\/pages"}],"about":[{"href":"http:\/\/claudius-antonius.de\/index.php?rest_route=\/wp\/v2\/types\/page"}],"author":[{"embeddable":true,"href":"http:\/\/claudius-antonius.de\/index.php?rest_route=\/wp\/v2\/users\/1"}],"replies":[{"embeddable":true,"href":"http:\/\/claudius-antonius.de\/index.php?rest_route=%2Fwp%2Fv2%2Fcomments&post=85"}],"version-history":[{"count":4,"href":"http:\/\/claudius-antonius.de\/index.php?rest_route=\/wp\/v2\/pages\/85\/revisions"}],"predecessor-version":[{"id":377,"href":"http:\/\/claudius-antonius.de\/index.php?rest_route=\/wp\/v2\/pages\/85\/revisions\/377"}],"up":[{"embeddable":true,"href":"http:\/\/claudius-antonius.de\/index.php?rest_route=\/wp\/v2\/pages\/52"}],"wp:attachment":[{"href":"http:\/\/claudius-antonius.de\/index.php?rest_route=%2Fwp%2Fv2%2Fmedia&parent=85"}],"curies":[{"name":"wp","href":"https:\/\/api.w.org\/{rel}","templated":true}]}}