{"id":9,"date":"2018-02-09T23:54:21","date_gmt":"2018-02-09T22:54:21","guid":{"rendered":"http:\/\/claudius-antonius.de\/?page_id=9"},"modified":"2018-02-21T14:02:54","modified_gmt":"2018-02-21T13:02:54","slug":"impressum","status":"publish","type":"page","link":"http:\/\/claudius-antonius.de\/?page_id=9","title":{"rendered":"Impressum"},"content":{"rendered":"<p>Manfred Knobloch<br \/>\nAm Seeufer 4 (App.21)<br \/>\n56235 Ransbach-Baumbach<\/p>\n<p>limes-cicerone(\u00e4t)email.de<\/p>\n<h3><b>Copyright<\/b><\/h3>\n<p>Vervielf\u00e4ltigungen jeder Art sind nur mit ausdr\u00fccklicher Genehmigung meinerseits gestattet. Die Aufnahme in Online-Dienste und Internet sowie die Vervielf\u00e4ltigung auf Datentr\u00e4ger d\u00fcrfen nur nach meiner vorherigen schriftlichen Zustimmung erfolgen.<\/p>\n<p>Die Urheberrechte an den auf diesen Seiten gezeigten Bildern liegen bei den jeweiligen Fotografen. Im Einzelfall gebe ich Ihnen gerne Auskunft \u00fcber die Quelle eines bestimmten Bildes.<\/p>\n<h3><b>Haftung<\/b><\/h3>\n<p>Alle Beitr\u00e4ge und Inhalte werden mit Sorgfalt recherchiert. Dennoch wird eine Haftung ausgeschlossen.<\/p>\n<h3><b>Wichtiger Hinweis zu allen Links<\/b><\/h3>\n<p>Ich bin nicht f\u00fcr die Inhalte fremder Seiten verantwortlich, die \u00fcber einen Link\u00a0erreicht werden. Diese Erkl\u00e4rung gilt f\u00fcr alle auf dieser Homepage angebrachten Links, die nicht auf eine meiner Webseiten weisen.<\/p>\n<h3>Onlineplattform zur Online-Streitbeilegung (OS-Plattform, Art. 14 Abs. 1 ODR-Verordnung):<\/h3>\n<p>Die Europ\u00e4ische Kommission stellt unter <a title=\"http:\/\/ec.europa.eu\/consumers\/odr\/\" href=\"http:\/\/ec.europa.eu\/consumers\/odr\/\" target=\"_blank\" rel=\"noopener\">http:\/\/ec.europa.eu\/consumers\/odr\/<\/a> eine Plattform zur au\u00dfergerichtlichen Online-Streitbeilegung (sog. OS-Plattform) bereit.<\/p>\n<h3>Streitbeilegung in Verbrauchersachen (\u00a7 36 VSBG):<\/h3>\n<p>Ich bin zur Teilnahme an einem Streitbeilegungsverfahren vor einer Verbraucherschlichtungsstelle weder bereit noch verpflichtet.<\/p>\n","protected":false},"excerpt":{"rendered":"<p>Manfred Knobloch Am Seeufer 4 (App.21) 56235 Ransbach-Baumbach limes-cicerone(\u00e4t)email.de Copyright Vervielf\u00e4ltigungen jeder Art sind nur mit ausdr\u00fccklicher Genehmigung meinerseits gestattet. Die Aufnahme in Online-Dienste und Internet sowie die Vervielf\u00e4ltigung auf Datentr\u00e4ger d\u00fcrfen nur nach meiner vorherigen schriftlichen Zustimmung erfolgen. Die Urheberrechte an den auf diesen Seiten gezeigten Bildern liegen bei den jeweiligen Fotografen. Im Einzelfall &hellip; <a href=\"http:\/\/claudius-antonius.de\/?page_id=9\" class=\"more-link\">Continue reading <span class=\"screen-reader-text\">Impressum<\/span><\/a><\/p>\n","protected":false},"author":1,"featured_media":0,"parent":0,"menu_order":0,"comment_status":"closed","ping_status":"closed","template":"","meta":{"footnotes":""},"class_list":["post-9","page","type-page","status-publish","hentry"],"yoast_head":"<!-- This site is optimized with the Yoast SEO plugin v27.4 - https:\/\/yoast.com\/product\/yoast-seo-wordpress\/ -->\n<title>Impressum - Claudius Antonius<\/title>\n<meta name=\"robots\" content=\"index, follow, max-snippet:-1, max-image-preview:large, max-video-preview:-1\" \/>\n<link rel=\"canonical\" href=\"http:\/\/claudius-antonius.de\/?page_id=9\" \/>\n<meta property=\"og:locale\" content=\"de_DE\" \/>\n<meta property=\"og:type\" content=\"article\" \/>\n<meta property=\"og:title\" content=\"Impressum - Claudius Antonius\" \/>\n<meta property=\"og:description\" content=\"Manfred Knobloch Am Seeufer 4 (App.21) 56235 Ransbach-Baumbach limes-cicerone(\u00e4t)email.de Copyright Vervielf\u00e4ltigungen jeder Art sind nur mit ausdr\u00fccklicher Genehmigung meinerseits gestattet. Die Aufnahme in Online-Dienste und Internet sowie die Vervielf\u00e4ltigung auf Datentr\u00e4ger d\u00fcrfen nur nach meiner vorherigen schriftlichen Zustimmung erfolgen. Die Urheberrechte an den auf diesen Seiten gezeigten Bildern liegen bei den jeweiligen Fotografen. Im Einzelfall &hellip; Continue reading Impressum\" \/>\n<meta property=\"og:url\" content=\"http:\/\/claudius-antonius.de\/?page_id=9\" \/>\n<meta property=\"og:site_name\" content=\"Claudius Antonius\" \/>\n<meta property=\"article:modified_time\" content=\"2018-02-21T13:02:54+00:00\" \/>\n<meta name=\"twitter:card\" content=\"summary_large_image\" \/>\n<meta name=\"twitter:label1\" content=\"Gesch\u00e4tzte Lesezeit\" \/>\n\t<meta name=\"twitter:data1\" content=\"1\u00a0Minute\" \/>\n<script type=\"application\/ld+json\" class=\"yoast-schema-graph\">{\"@context\":\"https:\\\/\\\/schema.org\",\"@graph\":[{\"@type\":\"WebPage\",\"@id\":\"http:\\\/\\\/claudius-antonius.de\\\/?page_id=9\",\"url\":\"http:\\\/\\\/claudius-antonius.de\\\/?page_id=9\",\"name\":\"Impressum - Claudius Antonius\",\"isPartOf\":{\"@id\":\"http:\\\/\\\/claudius-antonius.de\\\/#website\"},\"datePublished\":\"2018-02-09T22:54:21+00:00\",\"dateModified\":\"2018-02-21T13:02:54+00:00\",\"breadcrumb\":{\"@id\":\"http:\\\/\\\/claudius-antonius.de\\\/?page_id=9#breadcrumb\"},\"inLanguage\":\"de\",\"potentialAction\":[{\"@type\":\"ReadAction\",\"target\":[\"http:\\\/\\\/claudius-antonius.de\\\/?page_id=9\"]}]},{\"@type\":\"BreadcrumbList\",\"@id\":\"http:\\\/\\\/claudius-antonius.de\\\/?page_id=9#breadcrumb\",\"itemListElement\":[{\"@type\":\"ListItem\",\"position\":1,\"name\":\"Startseite\",\"item\":\"http:\\\/\\\/claudius-antonius.de\\\/\"},{\"@type\":\"ListItem\",\"position\":2,\"name\":\"Impressum\"}]},{\"@type\":\"WebSite\",\"@id\":\"http:\\\/\\\/claudius-antonius.de\\\/#website\",\"url\":\"http:\\\/\\\/claudius-antonius.de\\\/\",\"name\":\"Claudius Antonius\",\"description\":\"Infos, Veranstaltungen und Aktivit\u00e4ten \u00fcber die r\u00f6mische Kultur und den Limes\",\"potentialAction\":[{\"@type\":\"SearchAction\",\"target\":{\"@type\":\"EntryPoint\",\"urlTemplate\":\"http:\\\/\\\/claudius-antonius.de\\\/?s={search_term_string}\"},\"query-input\":{\"@type\":\"PropertyValueSpecification\",\"valueRequired\":true,\"valueName\":\"search_term_string\"}}],\"inLanguage\":\"de\"}]}<\/script>\n<!-- \/ Yoast SEO plugin. -->","yoast_head_json":{"title":"Impressum - Claudius Antonius","robots":{"index":"index","follow":"follow","max-snippet":"max-snippet:-1","max-image-preview":"max-image-preview:large","max-video-preview":"max-video-preview:-1"},"canonical":"http:\/\/claudius-antonius.de\/?page_id=9","og_locale":"de_DE","og_type":"article","og_title":"Impressum - Claudius Antonius","og_description":"Manfred Knobloch Am Seeufer 4 (App.21) 56235 Ransbach-Baumbach limes-cicerone(\u00e4t)email.de Copyright Vervielf\u00e4ltigungen jeder Art sind nur mit ausdr\u00fccklicher Genehmigung meinerseits gestattet. Die Aufnahme in Online-Dienste und Internet sowie die Vervielf\u00e4ltigung auf Datentr\u00e4ger d\u00fcrfen nur nach meiner vorherigen schriftlichen Zustimmung erfolgen. Die Urheberrechte an den auf diesen Seiten gezeigten Bildern liegen bei den jeweiligen Fotografen. Im Einzelfall &hellip; Continue reading Impressum","og_url":"http:\/\/claudius-antonius.de\/?page_id=9","og_site_name":"Claudius Antonius","article_modified_time":"2018-02-21T13:02:54+00:00","twitter_card":"summary_large_image","twitter_misc":{"Gesch\u00e4tzte Lesezeit":"1\u00a0Minute"},"schema":{"@context":"https:\/\/schema.org","@graph":[{"@type":"WebPage","@id":"http:\/\/claudius-antonius.de\/?page_id=9","url":"http:\/\/claudius-antonius.de\/?page_id=9","name":"Impressum - Claudius Antonius","isPartOf":{"@id":"http:\/\/claudius-antonius.de\/#website"},"datePublished":"2018-02-09T22:54:21+00:00","dateModified":"2018-02-21T13:02:54+00:00","breadcrumb":{"@id":"http:\/\/claudius-antonius.de\/?page_id=9#breadcrumb"},"inLanguage":"de","potentialAction":[{"@type":"ReadAction","target":["http:\/\/claudius-antonius.de\/?page_id=9"]}]},{"@type":"BreadcrumbList","@id":"http:\/\/claudius-antonius.de\/?page_id=9#breadcrumb","itemListElement":[{"@type":"ListItem","position":1,"name":"Startseite","item":"http:\/\/claudius-antonius.de\/"},{"@type":"ListItem","position":2,"name":"Impressum"}]},{"@type":"WebSite","@id":"http:\/\/claudius-antonius.de\/#website","url":"http:\/\/claudius-antonius.de\/","name":"Claudius Antonius","description":"Infos, Veranstaltungen und Aktivit\u00e4ten \u00fcber die r\u00f6mische Kultur und den Limes","potentialAction":[{"@type":"SearchAction","target":{"@type":"EntryPoint","urlTemplate":"http:\/\/claudius-antonius.de\/?s={search_term_string}"},"query-input":{"@type":"PropertyValueSpecification","valueRequired":true,"valueName":"search_term_string"}}],"inLanguage":"de"}]}},"_links":{"self":[{"href":"http:\/\/claudius-antonius.de\/index.php?rest_route=\/wp\/v2\/pages\/9","targetHints":{"allow":["GET"]}}],"collection":[{"href":"http:\/\/claudius-antonius.de\/index.php?rest_route=\/wp\/v2\/pages"}],"about":[{"href":"http:\/\/claudius-antonius.de\/index.php?rest_route=\/wp\/v2\/types\/page"}],"author":[{"embeddable":true,"href":"http:\/\/claudius-antonius.de\/index.php?rest_route=\/wp\/v2\/users\/1"}],"replies":[{"embeddable":true,"href":"http:\/\/claudius-antonius.de\/index.php?rest_route=%2Fwp%2Fv2%2Fcomments&post=9"}],"version-history":[{"count":4,"href":"http:\/\/claudius-antonius.de\/index.php?rest_route=\/wp\/v2\/pages\/9\/revisions"}],"predecessor-version":[{"id":604,"href":"http:\/\/claudius-antonius.de\/index.php?rest_route=\/wp\/v2\/pages\/9\/revisions\/604"}],"wp:attachment":[{"href":"http:\/\/claudius-antonius.de\/index.php?rest_route=%2Fwp%2Fv2%2Fmedia&parent=9"}],"curies":[{"name":"wp","href":"https:\/\/api.w.org\/{rel}","templated":true}]}}