{"id":95,"date":"2018-02-10T23:32:43","date_gmt":"2018-02-10T22:32:43","guid":{"rendered":"http:\/\/claudius-antonius.de\/?page_id=95"},"modified":"2018-02-18T18:00:09","modified_gmt":"2018-02-18T17:00:09","slug":"beim-michel-in-bw","status":"publish","type":"page","link":"http:\/\/claudius-antonius.de\/?page_id=95","title":{"rendered":"Beim Michel (in BW)"},"content":{"rendered":"<p style=\"text-align: center;\">Unvergessen, der R\u00f6mische Abend bei und mit Michel<\/p>\n<p><a href=\"http:\/\/claudius-antonius.de\/wp-content\/uploads\/2018\/02\/DSCF8008.jpg\"><img loading=\"lazy\" decoding=\"async\" class=\"aligncenter wp-image-482 size-large\" src=\"http:\/\/claudius-antonius.de\/wp-content\/uploads\/2018\/02\/DSCF8008-1024x685.jpg\" alt=\"\" width=\"660\" height=\"442\" srcset=\"http:\/\/claudius-antonius.de\/wp-content\/uploads\/2018\/02\/DSCF8008-1024x685.jpg 1024w, http:\/\/claudius-antonius.de\/wp-content\/uploads\/2018\/02\/DSCF8008-300x201.jpg 300w, http:\/\/claudius-antonius.de\/wp-content\/uploads\/2018\/02\/DSCF8008-768x514.jpg 768w\" sizes=\"auto, (max-width: 660px) 100vw, 660px\" \/><\/a><\/p>\n<p><a href=\"http:\/\/claudius-antonius.de\/wp-content\/uploads\/2018\/02\/DSCF8009.jpg\"><img loading=\"lazy\" decoding=\"async\" class=\"aligncenter wp-image-483 size-large\" src=\"http:\/\/claudius-antonius.de\/wp-content\/uploads\/2018\/02\/DSCF8009-1024x685.jpg\" alt=\"\" width=\"660\" height=\"442\" srcset=\"http:\/\/claudius-antonius.de\/wp-content\/uploads\/2018\/02\/DSCF8009-1024x685.jpg 1024w, http:\/\/claudius-antonius.de\/wp-content\/uploads\/2018\/02\/DSCF8009-300x201.jpg 300w, http:\/\/claudius-antonius.de\/wp-content\/uploads\/2018\/02\/DSCF8009-768x514.jpg 768w\" sizes=\"auto, (max-width: 660px) 100vw, 660px\" \/><\/a><\/p>\n<p><a href=\"http:\/\/claudius-antonius.de\/wp-content\/uploads\/2018\/02\/DSCF8010.jpg\"><img loading=\"lazy\" decoding=\"async\" class=\"aligncenter wp-image-484 size-large\" src=\"http:\/\/claudius-antonius.de\/wp-content\/uploads\/2018\/02\/DSCF8010-1024x685.jpg\" alt=\"\" width=\"660\" height=\"442\" srcset=\"http:\/\/claudius-antonius.de\/wp-content\/uploads\/2018\/02\/DSCF8010-1024x685.jpg 1024w, http:\/\/claudius-antonius.de\/wp-content\/uploads\/2018\/02\/DSCF8010-300x201.jpg 300w, http:\/\/claudius-antonius.de\/wp-content\/uploads\/2018\/02\/DSCF8010-768x514.jpg 768w\" sizes=\"auto, (max-width: 660px) 100vw, 660px\" \/><\/a><\/p>\n<p><a href=\"http:\/\/claudius-antonius.de\/wp-content\/uploads\/2018\/02\/DSCF8011.jpg\"><img loading=\"lazy\" decoding=\"async\" class=\"aligncenter wp-image-485 size-large\" src=\"http:\/\/claudius-antonius.de\/wp-content\/uploads\/2018\/02\/DSCF8011-1024x685.jpg\" alt=\"\" width=\"660\" height=\"442\" srcset=\"http:\/\/claudius-antonius.de\/wp-content\/uploads\/2018\/02\/DSCF8011-1024x685.jpg 1024w, http:\/\/claudius-antonius.de\/wp-content\/uploads\/2018\/02\/DSCF8011-300x201.jpg 300w, http:\/\/claudius-antonius.de\/wp-content\/uploads\/2018\/02\/DSCF8011-768x514.jpg 768w\" sizes=\"auto, (max-width: 660px) 100vw, 660px\" \/><\/a><\/p>\n<p><a href=\"http:\/\/claudius-antonius.de\/wp-content\/uploads\/2018\/02\/DSCF8014.jpg\"><img loading=\"lazy\" decoding=\"async\" class=\"aligncenter wp-image-486 size-large\" src=\"http:\/\/claudius-antonius.de\/wp-content\/uploads\/2018\/02\/DSCF8014-685x1024.jpg\" alt=\"\" width=\"660\" height=\"987\" srcset=\"http:\/\/claudius-antonius.de\/wp-content\/uploads\/2018\/02\/DSCF8014-685x1024.jpg 685w, http:\/\/claudius-antonius.de\/wp-content\/uploads\/2018\/02\/DSCF8014-201x300.jpg 201w, http:\/\/claudius-antonius.de\/wp-content\/uploads\/2018\/02\/DSCF8014-768x1148.jpg 768w, http:\/\/claudius-antonius.de\/wp-content\/uploads\/2018\/02\/DSCF8014.jpg 1424w\" sizes=\"auto, (max-width: 660px) 100vw, 660px\" \/><\/a><a href=\"http:\/\/claudius-antonius.de\/wp-content\/uploads\/2018\/02\/DSCF0004.jpg\"><img loading=\"lazy\" decoding=\"async\" class=\"aligncenter wp-image-212 size-full\" src=\"http:\/\/claudius-antonius.de\/wp-content\/uploads\/2018\/02\/DSCF0004.jpg\" alt=\"\" width=\"567\" height=\"425\" srcset=\"http:\/\/claudius-antonius.de\/wp-content\/uploads\/2018\/02\/DSCF0004.jpg 567w, http:\/\/claudius-antonius.de\/wp-content\/uploads\/2018\/02\/DSCF0004-300x225.jpg 300w\" sizes=\"auto, (max-width: 567px) 100vw, 567px\" \/><\/a><\/p>\n<p><a href=\"http:\/\/claudius-antonius.de\/wp-content\/uploads\/2018\/02\/DSCF0009.jpg\"><img loading=\"lazy\" decoding=\"async\" class=\"aligncenter wp-image-213 size-full\" src=\"http:\/\/claudius-antonius.de\/wp-content\/uploads\/2018\/02\/DSCF0009.jpg\" alt=\"\" width=\"567\" height=\"425\" srcset=\"http:\/\/claudius-antonius.de\/wp-content\/uploads\/2018\/02\/DSCF0009.jpg 567w, http:\/\/claudius-antonius.de\/wp-content\/uploads\/2018\/02\/DSCF0009-300x225.jpg 300w\" sizes=\"auto, (max-width: 567px) 100vw, 567px\" \/><\/a><\/p>\n<p><a href=\"http:\/\/claudius-antonius.de\/wp-content\/uploads\/2018\/02\/DSCF0013.jpg\"><img loading=\"lazy\" decoding=\"async\" class=\"aligncenter wp-image-214 size-full\" src=\"http:\/\/claudius-antonius.de\/wp-content\/uploads\/2018\/02\/DSCF0013.jpg\" alt=\"\" width=\"567\" height=\"425\" srcset=\"http:\/\/claudius-antonius.de\/wp-content\/uploads\/2018\/02\/DSCF0013.jpg 567w, http:\/\/claudius-antonius.de\/wp-content\/uploads\/2018\/02\/DSCF0013-300x225.jpg 300w\" sizes=\"auto, (max-width: 567px) 100vw, 567px\" \/><\/a><\/p>\n<p style=\"text-align: center;\"><a href=\"http:\/\/claudius-antonius.de\/wp-content\/uploads\/2018\/02\/R\u00f6mischer-Abend.doc\">R\u00f6mischer Abend<\/a><\/p>\n","protected":false},"excerpt":{"rendered":"<p>Unvergessen, der R\u00f6mische Abend bei und mit Michel R\u00f6mischer Abend<\/p>\n","protected":false},"author":1,"featured_media":0,"parent":54,"menu_order":0,"comment_status":"closed","ping_status":"closed","template":"","meta":{"footnotes":""},"class_list":["post-95","page","type-page","status-publish","hentry"],"yoast_head":"<!-- This site is optimized with the Yoast SEO plugin v27.4 - https:\/\/yoast.com\/product\/yoast-seo-wordpress\/ -->\n<title>Beim Michel (in BW) - Claudius Antonius<\/title>\n<meta name=\"robots\" content=\"index, follow, max-snippet:-1, max-image-preview:large, max-video-preview:-1\" \/>\n<link rel=\"canonical\" href=\"http:\/\/claudius-antonius.de\/?page_id=95\" \/>\n<meta property=\"og:locale\" content=\"de_DE\" \/>\n<meta property=\"og:type\" content=\"article\" \/>\n<meta property=\"og:title\" content=\"Beim Michel (in BW) - Claudius Antonius\" \/>\n<meta property=\"og:description\" content=\"Unvergessen, der R\u00f6mische Abend bei und mit Michel R\u00f6mischer Abend\" \/>\n<meta property=\"og:url\" content=\"http:\/\/claudius-antonius.de\/?page_id=95\" \/>\n<meta property=\"og:site_name\" content=\"Claudius Antonius\" \/>\n<meta property=\"article:modified_time\" content=\"2018-02-18T17:00:09+00:00\" \/>\n<meta property=\"og:image\" content=\"http:\/\/claudius-antonius.de\/wp-content\/uploads\/2018\/02\/DSCF8008-1024x685.jpg\" \/>\n<meta name=\"twitter:card\" content=\"summary_large_image\" \/>\n<script type=\"application\/ld+json\" class=\"yoast-schema-graph\">{\"@context\":\"https:\\\/\\\/schema.org\",\"@graph\":[{\"@type\":\"WebPage\",\"@id\":\"http:\\\/\\\/claudius-antonius.de\\\/?page_id=95\",\"url\":\"http:\\\/\\\/claudius-antonius.de\\\/?page_id=95\",\"name\":\"Beim Michel (in BW) - Claudius Antonius\",\"isPartOf\":{\"@id\":\"http:\\\/\\\/claudius-antonius.de\\\/#website\"},\"primaryImageOfPage\":{\"@id\":\"http:\\\/\\\/claudius-antonius.de\\\/?page_id=95#primaryimage\"},\"image\":{\"@id\":\"http:\\\/\\\/claudius-antonius.de\\\/?page_id=95#primaryimage\"},\"thumbnailUrl\":\"http:\\\/\\\/claudius-antonius.de\\\/wp-content\\\/uploads\\\/2018\\\/02\\\/DSCF8008-1024x685.jpg\",\"datePublished\":\"2018-02-10T22:32:43+00:00\",\"dateModified\":\"2018-02-18T17:00:09+00:00\",\"breadcrumb\":{\"@id\":\"http:\\\/\\\/claudius-antonius.de\\\/?page_id=95#breadcrumb\"},\"inLanguage\":\"de\",\"potentialAction\":[{\"@type\":\"ReadAction\",\"target\":[\"http:\\\/\\\/claudius-antonius.de\\\/?page_id=95\"]}]},{\"@type\":\"ImageObject\",\"inLanguage\":\"de\",\"@id\":\"http:\\\/\\\/claudius-antonius.de\\\/?page_id=95#primaryimage\",\"url\":\"http:\\\/\\\/claudius-antonius.de\\\/wp-content\\\/uploads\\\/2018\\\/02\\\/DSCF8008.jpg\",\"contentUrl\":\"http:\\\/\\\/claudius-antonius.de\\\/wp-content\\\/uploads\\\/2018\\\/02\\\/DSCF8008.jpg\",\"width\":2128,\"height\":1424},{\"@type\":\"BreadcrumbList\",\"@id\":\"http:\\\/\\\/claudius-antonius.de\\\/?page_id=95#breadcrumb\",\"itemListElement\":[{\"@type\":\"ListItem\",\"position\":1,\"name\":\"Startseite\",\"item\":\"http:\\\/\\\/claudius-antonius.de\\\/\"},{\"@type\":\"ListItem\",\"position\":2,\"name\":\"Archiv\",\"item\":\"http:\\\/\\\/claudius-antonius.de\\\/?page_id=10\"},{\"@type\":\"ListItem\",\"position\":3,\"name\":\"2013\",\"item\":\"http:\\\/\\\/claudius-antonius.de\\\/?page_id=54\"},{\"@type\":\"ListItem\",\"position\":4,\"name\":\"Beim Michel (in BW)\"}]},{\"@type\":\"WebSite\",\"@id\":\"http:\\\/\\\/claudius-antonius.de\\\/#website\",\"url\":\"http:\\\/\\\/claudius-antonius.de\\\/\",\"name\":\"Claudius Antonius\",\"description\":\"Infos, Veranstaltungen und Aktivit\u00e4ten \u00fcber die r\u00f6mische Kultur und den Limes\",\"potentialAction\":[{\"@type\":\"SearchAction\",\"target\":{\"@type\":\"EntryPoint\",\"urlTemplate\":\"http:\\\/\\\/claudius-antonius.de\\\/?s={search_term_string}\"},\"query-input\":{\"@type\":\"PropertyValueSpecification\",\"valueRequired\":true,\"valueName\":\"search_term_string\"}}],\"inLanguage\":\"de\"}]}<\/script>\n<!-- \/ Yoast SEO plugin. -->","yoast_head_json":{"title":"Beim Michel (in BW) - Claudius Antonius","robots":{"index":"index","follow":"follow","max-snippet":"max-snippet:-1","max-image-preview":"max-image-preview:large","max-video-preview":"max-video-preview:-1"},"canonical":"http:\/\/claudius-antonius.de\/?page_id=95","og_locale":"de_DE","og_type":"article","og_title":"Beim Michel (in BW) - Claudius Antonius","og_description":"Unvergessen, der R\u00f6mische Abend bei und mit Michel R\u00f6mischer Abend","og_url":"http:\/\/claudius-antonius.de\/?page_id=95","og_site_name":"Claudius Antonius","article_modified_time":"2018-02-18T17:00:09+00:00","og_image":[{"url":"http:\/\/claudius-antonius.de\/wp-content\/uploads\/2018\/02\/DSCF8008-1024x685.jpg","type":"","width":"","height":""}],"twitter_card":"summary_large_image","schema":{"@context":"https:\/\/schema.org","@graph":[{"@type":"WebPage","@id":"http:\/\/claudius-antonius.de\/?page_id=95","url":"http:\/\/claudius-antonius.de\/?page_id=95","name":"Beim Michel (in BW) - Claudius Antonius","isPartOf":{"@id":"http:\/\/claudius-antonius.de\/#website"},"primaryImageOfPage":{"@id":"http:\/\/claudius-antonius.de\/?page_id=95#primaryimage"},"image":{"@id":"http:\/\/claudius-antonius.de\/?page_id=95#primaryimage"},"thumbnailUrl":"http:\/\/claudius-antonius.de\/wp-content\/uploads\/2018\/02\/DSCF8008-1024x685.jpg","datePublished":"2018-02-10T22:32:43+00:00","dateModified":"2018-02-18T17:00:09+00:00","breadcrumb":{"@id":"http:\/\/claudius-antonius.de\/?page_id=95#breadcrumb"},"inLanguage":"de","potentialAction":[{"@type":"ReadAction","target":["http:\/\/claudius-antonius.de\/?page_id=95"]}]},{"@type":"ImageObject","inLanguage":"de","@id":"http:\/\/claudius-antonius.de\/?page_id=95#primaryimage","url":"http:\/\/claudius-antonius.de\/wp-content\/uploads\/2018\/02\/DSCF8008.jpg","contentUrl":"http:\/\/claudius-antonius.de\/wp-content\/uploads\/2018\/02\/DSCF8008.jpg","width":2128,"height":1424},{"@type":"BreadcrumbList","@id":"http:\/\/claudius-antonius.de\/?page_id=95#breadcrumb","itemListElement":[{"@type":"ListItem","position":1,"name":"Startseite","item":"http:\/\/claudius-antonius.de\/"},{"@type":"ListItem","position":2,"name":"Archiv","item":"http:\/\/claudius-antonius.de\/?page_id=10"},{"@type":"ListItem","position":3,"name":"2013","item":"http:\/\/claudius-antonius.de\/?page_id=54"},{"@type":"ListItem","position":4,"name":"Beim Michel (in BW)"}]},{"@type":"WebSite","@id":"http:\/\/claudius-antonius.de\/#website","url":"http:\/\/claudius-antonius.de\/","name":"Claudius Antonius","description":"Infos, Veranstaltungen und Aktivit\u00e4ten \u00fcber die r\u00f6mische Kultur und den Limes","potentialAction":[{"@type":"SearchAction","target":{"@type":"EntryPoint","urlTemplate":"http:\/\/claudius-antonius.de\/?s={search_term_string}"},"query-input":{"@type":"PropertyValueSpecification","valueRequired":true,"valueName":"search_term_string"}}],"inLanguage":"de"}]}},"_links":{"self":[{"href":"http:\/\/claudius-antonius.de\/index.php?rest_route=\/wp\/v2\/pages\/95","targetHints":{"allow":["GET"]}}],"collection":[{"href":"http:\/\/claudius-antonius.de\/index.php?rest_route=\/wp\/v2\/pages"}],"about":[{"href":"http:\/\/claudius-antonius.de\/index.php?rest_route=\/wp\/v2\/types\/page"}],"author":[{"embeddable":true,"href":"http:\/\/claudius-antonius.de\/index.php?rest_route=\/wp\/v2\/users\/1"}],"replies":[{"embeddable":true,"href":"http:\/\/claudius-antonius.de\/index.php?rest_route=%2Fwp%2Fv2%2Fcomments&post=95"}],"version-history":[{"count":6,"href":"http:\/\/claudius-antonius.de\/index.php?rest_route=\/wp\/v2\/pages\/95\/revisions"}],"predecessor-version":[{"id":542,"href":"http:\/\/claudius-antonius.de\/index.php?rest_route=\/wp\/v2\/pages\/95\/revisions\/542"}],"up":[{"embeddable":true,"href":"http:\/\/claudius-antonius.de\/index.php?rest_route=\/wp\/v2\/pages\/54"}],"wp:attachment":[{"href":"http:\/\/claudius-antonius.de\/index.php?rest_route=%2Fwp%2Fv2%2Fmedia&parent=95"}],"curies":[{"name":"wp","href":"https:\/\/api.w.org\/{rel}","templated":true}]}}